{"id":106000,"date":"2025-08-31T00:00:00","date_gmt":"2025-08-30T22:00:00","guid":{"rendered":"http:\/\/gpl-love.com\/fr\/product\/yith-woocommerce-marques-ajouter-sur-premium\/"},"modified":"2026-04-18T06:31:25","modified_gmt":"2026-04-18T04:31:25","slug":"yith-woocommerce-brands-add-on-premium","status":"publish","type":"product","link":"https:\/\/gpl-love.com\/fr\/produit\/yith-woocommerce-brands-add-on-premium\/","title":{"rendered":"YITH Brands Add On Premium 2.37.0"},"content":{"rendered":"<h3>YITH Brands Add On Premium Traits<\/h3>\n<p>Yith Brands ajoute Premium est un outil extr\u00eamement puissant qui facilite avec comp\u00e9tence la cr\u00e9ation et la gestion des marques pour votre estimation de la boutique WooCommerce. Ce module compl\u00e9mentaire remarquable vous permet de classer sans effort votre gamme diversifi\u00e9e de produits sous diverses marques distinctes, simplifiant ainsi la t\u00e2che ardue de localiser les articles souhait\u00e9s pour votre client\u00e8le exigeante. Notamment, il s&rsquo;accompagne d&rsquo;une interface incroyablement conviviale qui rationalise consid\u00e9rablement le processus d&rsquo;ajout, de modification et d&rsquo;\u00e9limination des marques. De plus, la flexibilit\u00e9 qu&rsquo;il offre en termes de personnalisation de vos pages de marque pour s&rsquo;aligner parfaitement avec l&rsquo;esth\u00e9tique de conception unique de votre magasin est vraiment louable. En outre, la disposition de l&rsquo;attribution d&rsquo;un logo individuel et d&rsquo;une description compl\u00e8te \u00e0 chaque marque sert de ressource inestimable, offrant \u00e0 vos clients estim\u00e9s une multitude d&rsquo;informations suppl\u00e9mentaires relatives \u00e0 votre marchandise exceptionnelle. Essentiellement, les capacit\u00e9s in\u00e9gal\u00e9es des marques Yith ajoutent de la prime vous permettent de forger une exp\u00e9rience d&rsquo;achat sans pr\u00e9c\u00e9dent, professionnelle et m\u00e9ticuleusement organis\u00e9e pour votre client\u00e8le estim\u00e9e, conduisant \u00e0 une recrudescence exponentielle des ventes et favorisant la croissance remarquable de votre entreprise estim\u00e9e.<\/p>\n<ul>\n<li>Cr\u00e9ez facilement des pages de marque pour votre site Web.<\/li>\n<li>Permettez aux clients de filtrer les produits par marque.<\/li>\n<li>Afficher les ic\u00f4nes de la marque sur les pages de produits et dans les r\u00e9sultats de recherche.<\/li>\n<li>Personnalisez les pages de marque avec des mises en page et des images uniques.<\/li>\n<li>Cr\u00e9ez des curseurs de marque ou des carrousels pour les pages de page d&rsquo;accueil ou de cat\u00e9gorie.<\/li>\n<li>Configurez une association de marque automatique en fonction des attributs de produits.<\/li>\n<li>Connectez les marques \u00e0 des produits connexes pour des opportunit\u00e9s de vente lanc\u00e9e.<\/li>\n<li>Ajoutez les URL de la marque pour am\u00e9liorer le r\u00e9f\u00e9rencement et augmenter le trafic.<\/li>\n<\/ul>\n","protected":false},"excerpt":{"rendered":"<p>Les Brands Yith ajoutent sur Premium se pr\u00e9sente comme un outil robuste et influent qui vise \u00e0 r\u00e9pondre aux besoins des propri\u00e9taires de magasins en ligne d\u00e9sireux de cultiver une formidable identit\u00e9 de marque pour leur entreprise. En utilisant ce module compl\u00e9mentaire innovant, on peut cr\u00e9er et g\u00e9rer efficacement sans effort leurs propres logos, noms et descriptions de marque distincts, qui peuvent \u00eatre pr\u00e9sent\u00e9s en \u00e9vidence sur leurs pages de produits, cat\u00e9gories et r\u00e9sultats de recherche respectifs. Cette fonction avant permet aux clients d&rsquo;identifier facilement les produits affili\u00e9s \u00e0 votre marque estim\u00e9e, favorisant ainsi un sentiment accru de reconnaissance et de fid\u00e9lit\u00e9 de la marque. De plus, les marques Yith ajoutent sur Premium se distinguent comme un plugin convivial qui peut \u00eatre install\u00e9 et utilis\u00e9 sans effort, offrant une pl\u00e9thore d&rsquo;options de personnalisation qui peuvent \u00eatre adapt\u00e9es pour r\u00e9pondre \u00e0 vos pr\u00e9f\u00e9rences et exigences uniques. Offrez l&rsquo;opportunit\u00e9 d&rsquo;\u00e9lever la marque de votre boutique en ligne en adoptant le potentiel in\u00e9gal\u00e9 que les marques Yith ajoutent sur Premium ont \u00e0 offrir.<\/p>\n","protected":false},"featured_media":146356,"comment_status":"open","ping_status":"closed","template":"","meta":[],"product_brand":[2487],"product_cat":[1183,1182,1181],"product_tag":[1437],"class_list":{"0":"post-106000","1":"product","2":"type-product","3":"status-publish","4":"has-post-thumbnail","6":"product_brand-yith","7":"product_cat-administration","8":"product_cat-commerce-electronique-plugins","9":"product_cat-plugins","10":"product_tag-yith","11":"member-discount","12":"discount-restricted","14":"first","15":"instock","16":"sale","17":"downloadable","18":"virtual","19":"sold-individually","20":"purchasable","21":"product-type-simple"},"_links":{"self":[{"href":"https:\/\/gpl-love.com\/fr\/wp-json\/wp\/v2\/product\/106000","targetHints":{"allow":["GET"]}}],"collection":[{"href":"https:\/\/gpl-love.com\/fr\/wp-json\/wp\/v2\/product"}],"about":[{"href":"https:\/\/gpl-love.com\/fr\/wp-json\/wp\/v2\/types\/product"}],"replies":[{"embeddable":true,"href":"https:\/\/gpl-love.com\/fr\/wp-json\/wp\/v2\/comments?post=106000"}],"wp:featuredmedia":[{"embeddable":true,"href":"https:\/\/gpl-love.com\/fr\/wp-json\/wp\/v2\/media\/146356"}],"wp:attachment":[{"href":"https:\/\/gpl-love.com\/fr\/wp-json\/wp\/v2\/media?parent=106000"}],"wp:term":[{"taxonomy":"product_brand","embeddable":true,"href":"https:\/\/gpl-love.com\/fr\/wp-json\/wp\/v2\/product_brand?post=106000"},{"taxonomy":"product_cat","embeddable":true,"href":"https:\/\/gpl-love.com\/fr\/wp-json\/wp\/v2\/product_cat?post=106000"},{"taxonomy":"product_tag","embeddable":true,"href":"https:\/\/gpl-love.com\/fr\/wp-json\/wp\/v2\/product_tag?post=106000"}],"curies":[{"name":"wp","href":"https:\/\/api.w.org\/{rel}","templated":true}]}}