{"id":105998,"date":"2023-10-04T00:00:00","date_gmt":"2023-10-03T22:00:00","guid":{"rendered":"http:\/\/gpl-love.com\/fr\/product\/yith-woocommerce-meilleures-ventes-haut-de-gamme\/"},"modified":"2026-05-10T06:31:19","modified_gmt":"2026-05-10T04:31:19","slug":"yith-woocommerce-best-sellers-premium","status":"publish","type":"product","link":"https:\/\/gpl-love.com\/fr\/produit\/yith-woocommerce-best-sellers-premium\/","title":{"rendered":"YITH Best Sellers Premium 1.22.0"},"content":{"rendered":"<h3>YITH Best Sellers Premium Traits<\/h3>\n<p>Yith Best Sellers Premium est un plugin exceptionnellement puissant qui vous accorde la possibilit\u00e9 de montrer vos produits les plus r\u00e9ussis d&rsquo;une mani\u00e8re lucide et captivante. Offrant une vaste gamme de fonctionnalit\u00e9s personnalisables, vous avez la libert\u00e9 de s\u00e9lectionner parmi diverses options d&rsquo;affichage telles qu&rsquo;un widget, un curseur ou une disposition de grille lors de la pr\u00e9sentation de vos best-sellers. De plus, vous avez la capacit\u00e9 d&rsquo;organiser vos produits en fonction de leur cat\u00e9gorie, de leur date de sortie ou de leur niveau de popularit\u00e9. De plus, vous pouvez personnaliser davantage l&rsquo;apparition de vos listes de produits en vous avant-ce que vous voustrez au large spectre de palettes de couleurs et de pr\u00e9f\u00e9rences de conception. Ce plugin est une aubaine absolue pour les propri\u00e9taires de magasins en ligne aspirant \u00e0 renforcer leurs chiffres de vente et \u00e0 afficher leur marchandise la plus vendue \u00e0 leur pr\u00e9cieux client\u00e8le. Gr\u00e2ce aux fonctionnalit\u00e9s exceptionnelles de Yith Best Sellers Premium, vous pourrez sans effort accentuer vos articles les plus recherch\u00e9s, inaugurant ainsi un flux constant de visiteurs dans votre \u00e9tablissement estim\u00e9.<\/p>\n<ul>\n<li>Boose les ventes en affichant des produits les plus vendus sur votre site Web<\/li>\n<li>Param\u00e8tres personnalisables pour afficher les listes de produits<\/li>\n<li>Ajoute un widget pour afficher les meilleurs vendeurs sur la barre lat\u00e9rale ou le pied de page de votre site Web<\/li>\n<li>Propose divers styles pr\u00e9d\u00e9finis pour afficher les listes de produits<\/li>\n<li>Vous permet de choisir le nombre de produits \u00e0 afficher dans la liste<\/li>\n<li>Utilise efficacement les ressources du serveur avec un syst\u00e8me de cache<\/li>\n<li>Processus de configuration et d&rsquo;installation \u00e0 clic<\/li>\n<li>Compatible avec plusieurs langues et param\u00e8tres de devise<\/li>\n<li>Conception r\u00e9active mobile pour une visualisation de produits faciles sur tous les appareils<\/li>\n<li>Option pour ajouter un onglet \u00ab\u00a0Best Sellers\u00a0\u00bb dans le menu de navigation principal de votre site Web.<\/li>\n<\/ul>\n","protected":false},"excerpt":{"rendered":"<p>Yith Best Sellers Premium est un plugin extr\u00eamement sup\u00e9rieur qui sert \u00e0 \u00e9lever votre boutique en ligne dans une mesure remarquable. Cet outil remarquablement puissant surveille sans effort les donn\u00e9es de vente et rassemble efficacement une compilation compl\u00e8te de vos produits les plus r\u00e9ussis, vous offrant ainsi l&rsquo;occasion inestimable d&rsquo;exposer publiquement vos artistes stellaires sur une page Web donn\u00e9e dans votre site Web. B\u00e9n\u00e9ficiant d&rsquo;une interface \u00e9l\u00e9gamment sophistiqu\u00e9e et conviviale, Yith Best Sellers Premium appara\u00eet incontestablement comme la solution par excellence pour les marchands en ligne ambitieux qui aspirent passionn\u00e9ment \u00e0 l&rsquo;optimisation de leurs sources de revenus tout en attirant un afflux de client\u00e8le nouvelle. Que vous vous trouviez au d\u00e9but de votre parcours entrepreneurial ou si vous \u00eates un v\u00e9t\u00e9ran chevronn\u00e9 dans le domaine du commerce \u00e9lectronique, ce plugin in\u00e9gal\u00e9 assume sans \u00e9quivoque le statut d&rsquo;un atout indispensable pour toutes les entit\u00e9s de commerce \u00e9lectronique.<\/p>\n","protected":false},"featured_media":146354,"comment_status":"open","ping_status":"closed","template":"","meta":[],"product_brand":[2487],"product_cat":[1182,1223,1181],"product_tag":[1437],"class_list":{"0":"post-105998","1":"product","2":"type-product","3":"status-publish","4":"has-post-thumbnail","6":"product_brand-yith","7":"product_cat-commerce-electronique-plugins","8":"product_cat-personnalisation-commerce-electronique-plugins","9":"product_cat-plugins","10":"product_tag-yith","11":"member-discount","12":"discount-restricted","14":"first","15":"instock","16":"sale","17":"downloadable","18":"virtual","19":"sold-individually","20":"purchasable","21":"product-type-simple"},"_links":{"self":[{"href":"https:\/\/gpl-love.com\/fr\/wp-json\/wp\/v2\/product\/105998","targetHints":{"allow":["GET"]}}],"collection":[{"href":"https:\/\/gpl-love.com\/fr\/wp-json\/wp\/v2\/product"}],"about":[{"href":"https:\/\/gpl-love.com\/fr\/wp-json\/wp\/v2\/types\/product"}],"replies":[{"embeddable":true,"href":"https:\/\/gpl-love.com\/fr\/wp-json\/wp\/v2\/comments?post=105998"}],"wp:featuredmedia":[{"embeddable":true,"href":"https:\/\/gpl-love.com\/fr\/wp-json\/wp\/v2\/media\/146354"}],"wp:attachment":[{"href":"https:\/\/gpl-love.com\/fr\/wp-json\/wp\/v2\/media?parent=105998"}],"wp:term":[{"taxonomy":"product_brand","embeddable":true,"href":"https:\/\/gpl-love.com\/fr\/wp-json\/wp\/v2\/product_brand?post=105998"},{"taxonomy":"product_cat","embeddable":true,"href":"https:\/\/gpl-love.com\/fr\/wp-json\/wp\/v2\/product_cat?post=105998"},{"taxonomy":"product_tag","embeddable":true,"href":"https:\/\/gpl-love.com\/fr\/wp-json\/wp\/v2\/product_tag?post=105998"}],"curies":[{"name":"wp","href":"https:\/\/api.w.org\/{rel}","templated":true}]}}