{"id":105996,"date":"2025-08-31T00:00:00","date_gmt":"2025-08-30T22:00:00","guid":{"rendered":"http:\/\/gpl-love.com\/fr\/product\/yith-woocommerce-gestion-badge-premium\/"},"modified":"2026-04-18T06:31:20","modified_gmt":"2026-04-18T04:31:20","slug":"yith-woocommerce-badge-management-premium","status":"publish","type":"product","link":"https:\/\/gpl-love.com\/fr\/produit\/yith-woocommerce-badge-management-premium\/","title":{"rendered":"YITH Badge Management Premium 3.19.0"},"content":{"rendered":"<h3>YITH Badge Management Premium Traits<\/h3>\n<p>Le plugin Premium Yith Badge Management est un outil tr\u00e8s polyvalent qui offre une large gamme de fonctionnalit\u00e9s pour g\u00e9rer et afficher des badges sur votre boutique WooCommerce. Il fournit une pl\u00e9thore de conceptions de badges parmi lesquelles choisir, vous permettant de personnaliser et d&rsquo;attirer l&rsquo;attention sans effort sur des produits qui remplissent des crit\u00e8res sp\u00e9cifiques, tels que des ventes \u00e9lev\u00e9es, une popularit\u00e9 ou un nouvel ajout. De plus, ce plugin vous offre la possibilit\u00e9 de cr\u00e9er vos propres badges uniques, donnant ainsi \u00e0 votre magasin un attrait visuel distinct. En plus de ses capacit\u00e9s de conception, le plugin Premium Yith Badge Management propose \u00e9galement des fonctionnalit\u00e9s compl\u00e8tes de rapports et d&rsquo;analyse. Ces outils inestimables vous permettent d&rsquo;\u00e9valuer avec pr\u00e9cision les performances de vos badges et de prendre des d\u00e9cisions \u00e9clair\u00e9es sur la fa\u00e7on d&rsquo;optimiser les taux de vente et de conversion de votre magasin. Avec son interface conviviale et ses fonctionnalit\u00e9s robustes, le plugin Premium Yith Badge Management est un atout indispensable pour tout propri\u00e9taire de magasin WooCommerce cherchant \u00e0 amplifier les ventes et \u00e0 am\u00e9liorer l&rsquo;exp\u00e9rience d&rsquo;achat globale de leurs clients estim\u00e9s.<\/p>\n<ul>\n<li>Un plugin puissant qui vous permet d&rsquo;ajouter des badges personnalis\u00e9s \u00e0 votre site Web<\/li>\n<li>Propose une vari\u00e9t\u00e9 de badges pr\u00e9-con\u00e7us parmi lesquels<\/li>\n<li>Vous donne la possibilit\u00e9 de cr\u00e9er des badges personnalis\u00e9s avec votre propre conception et texte<\/li>\n<li>Vous permet d&rsquo;attribuer des badges aux utilisateurs en fonction d&rsquo;une condition sp\u00e9cifique<\/li>\n<li>Suit l&rsquo;activit\u00e9 de l&rsquo;utilisateur et attribue automatiquement les badges \u00e0 mesure qu&rsquo;ils respectent certaines \u00e9tapes<\/li>\n<li>Fournit des analyses d\u00e9taill\u00e9es sur les performances des badges et l&rsquo;engagement des utilisateurs<\/li>\n<li>Int\u00e9gration transparente avec WooCommerce et d&rsquo;autres plateformes de commerce \u00e9lectronique populaires<\/li>\n<li>Interface facile \u00e0 utiliser avec une fonctionnalit\u00e9 de glisser-d\u00e9poser simple<\/li>\n<li>Documentation compl\u00e8te et soutien pour assurer une exp\u00e9rience fluide<\/li>\n<li>Mises \u00e0 jour continues et nouvelles fonctionnalit\u00e9s pour am\u00e9liorer la fonctionnalit\u00e9 du plugin.<\/li>\n<\/ul>\n","protected":false},"excerpt":{"rendered":"<p>Yith Badge Management Premium est un outil incroyablement robuste et efficace qui vous permet de g\u00e9rer et d&rsquo;exposer sans effort les badges sur votre boutique en ligne estim\u00e9e. Ce plugin remarquable poss\u00e8de une interface conviviale, vous permettant de cr\u00e9er et d&rsquo;allouer sans effort des badges personnalis\u00e9s \u00e0 des produits, des cat\u00e9gories sp\u00e9cifiques ou m\u00eame des r\u00f4les utilisateur. Ces badges exceptionnels servent de moyens puissants pour souligner et accentuer diverses facettes de votre magasin, que ce soit des offres sp\u00e9ciales, des promotions, de nouveaux arrivants ou tout autre \u00e9l\u00e9ment qui garantit l&rsquo;attention. En outre, ce plugin exceptionnel est rempli de fonctionnalit\u00e9s de pointe, y compris la planification des badges, la prise en charge multilingue et la possibilit\u00e9 de personnaliser les styles de badges. En int\u00e9grant Yith Badge Management Premium dans votre boutique en ligne, vous amplifierez sans aucun doute l&rsquo;exp\u00e9rience utilisateur, conduisant finalement \u00e0 une augmentation remarquable des ventes, car vos produits les plus cruciaux et vos offres attrayantes sont magnifiquement mises en \u00e9vidence et pr\u00e9sent\u00e9es.<\/p>\n","protected":false},"featured_media":146351,"comment_status":"open","ping_status":"closed","template":"","meta":[],"product_brand":[2487],"product_cat":[1182,1223,1181],"product_tag":[1437],"class_list":{"0":"post-105996","1":"product","2":"type-product","3":"status-publish","4":"has-post-thumbnail","6":"product_brand-yith","7":"product_cat-commerce-electronique-plugins","8":"product_cat-personnalisation-commerce-electronique-plugins","9":"product_cat-plugins","10":"product_tag-yith","11":"member-discount","12":"discount-restricted","14":"first","15":"instock","16":"sale","17":"downloadable","18":"virtual","19":"sold-individually","20":"purchasable","21":"product-type-simple"},"_links":{"self":[{"href":"https:\/\/gpl-love.com\/fr\/wp-json\/wp\/v2\/product\/105996","targetHints":{"allow":["GET"]}}],"collection":[{"href":"https:\/\/gpl-love.com\/fr\/wp-json\/wp\/v2\/product"}],"about":[{"href":"https:\/\/gpl-love.com\/fr\/wp-json\/wp\/v2\/types\/product"}],"replies":[{"embeddable":true,"href":"https:\/\/gpl-love.com\/fr\/wp-json\/wp\/v2\/comments?post=105996"}],"wp:featuredmedia":[{"embeddable":true,"href":"https:\/\/gpl-love.com\/fr\/wp-json\/wp\/v2\/media\/146351"}],"wp:attachment":[{"href":"https:\/\/gpl-love.com\/fr\/wp-json\/wp\/v2\/media?parent=105996"}],"wp:term":[{"taxonomy":"product_brand","embeddable":true,"href":"https:\/\/gpl-love.com\/fr\/wp-json\/wp\/v2\/product_brand?post=105996"},{"taxonomy":"product_cat","embeddable":true,"href":"https:\/\/gpl-love.com\/fr\/wp-json\/wp\/v2\/product_cat?post=105996"},{"taxonomy":"product_tag","embeddable":true,"href":"https:\/\/gpl-love.com\/fr\/wp-json\/wp\/v2\/product_tag?post=105996"}],"curies":[{"name":"wp","href":"https:\/\/api.w.org\/{rel}","templated":true}]}}