{"id":105994,"date":"2025-08-31T00:00:00","date_gmt":"2025-08-30T22:00:00","guid":{"rendered":"http:\/\/gpl-love.com\/fr\/product\/yith-woocommerce-authorize-net-passerelle-de-paiement-haut-de-gamme\/"},"modified":"2026-04-18T06:31:18","modified_gmt":"2026-04-18T04:31:18","slug":"yith-woocommerce-authorize-net-payment-gateway-premium","status":"publish","type":"product","link":"https:\/\/gpl-love.com\/fr\/produit\/yith-woocommerce-authorize-net-payment-gateway-premium\/","title":{"rendered":"YITH Authorize.net Payment Gateway Premium 1.47.0"},"content":{"rendered":"<h3>YITH Authorize.net Payment Gateway Premium Traits<\/h3>\n<p>Yith Autorize.NET Payment Gateway Premium est une solution exemplaire pour les passerelles de paiement, servant d&rsquo;avenue pour les entreprises pour accepter facilement les paiements par carte de cr\u00e9dit dans le domaine num\u00e9rique. Ce plugin est ing\u00e9nieusement con\u00e7u pour s&rsquo;int\u00e9grer de mani\u00e8re transparente \u00e0 votre site Web WordPress, accordant \u00e0 vos clients une exp\u00e9rience de paiement sans tracas lors de l&rsquo;achat de vos produits ou de votre service. En employant la prime de passerelle de paiement Yith Authorize.NET, vous pouvez \u00eatre assur\u00e9 que les transactions par carte de cr\u00e9dit sont g\u00e9r\u00e9es avec la plus grande s\u00e9curit\u00e9 et la s\u00e9curit\u00e9, \u00e9liminant efficacement les pr\u00e9occupations concernant les violations potentielles. De plus, ce plugin offre une pl\u00e9thore de fonctionnalit\u00e9s qui vous permettent de g\u00e9rer sans effort les paiements, les abonnements, les remboursements et les annulations. De plus, la page de paiement est enti\u00e8rement personnalisable, vous permettant d&rsquo;adapter son apparence \u00e0 s&rsquo;aligner sur l&rsquo;identit\u00e9 de votre marque. De plus, les paiements r\u00e9currents peuvent \u00eatre \u00e9tablis sans effort pour garantir que vos clients sont syst\u00e9matiquement factur\u00e9s, comme n\u00e9cessaire. B\u00e9n\u00e9ficiant d&rsquo;une interface conviviale et d&rsquo;une s\u00e9lection robuste de fonctionnalit\u00e9s, le Yith Autorize.net Payment Gateway Premium est un instrument indispensable pour toute entreprise cherchant \u00e0 rationaliser ses processus de paiement et \u00e0 augmenter la satisfaction du client.<\/p>\n<ul>\n<li>Traitement de paiement fiable et s\u00e9curis\u00e9 \u00e0 l&rsquo;aide d&rsquo;Autorize.net<\/li>\n<li>Int\u00e9gration transparente avec votre boutique WooCommerce<\/li>\n<li>Acceptez les paiements de toutes les principales cartes de cr\u00e9dit et cochets \u00e9lectroniques<\/li>\n<li>Facile \u00e0 configurer et \u00e0 configurer<\/li>\n<li>Prend en charge les paiements r\u00e9currents pour les entreprises bas\u00e9es sur l&rsquo;abonnement<\/li>\n<li>Permet aux clients d&rsquo;\u00e9conomiser leurs informations de paiement pour les achats futurs<\/li>\n<li>Offre une exp\u00e9rience de paiement en ligne efficace<\/li>\n<li>Compatible avec les installations multisites WordPress<\/li>\n<li>Support client accessible et documentation d\u00e9taill\u00e9e fournie par Yith.<\/li>\n<\/ul>\n","protected":false},"excerpt":{"rendered":"<p>Yith autorise.net Payment Gateway Premium, r\u00e9put\u00e9 pour sa fiabilit\u00e9 et sa robustesse, est une passerelle de paiement m\u00e9ticuleusement con\u00e7ue qui r\u00e9pond aux besoins des sites Web de commerce \u00e9lectronique. Ce plugin extraordinaire habilite les entreprises en ligne en facilitant l&rsquo;acceptation des paiements des clients \u00e0 travers une myriade de voies, englobant des cartes de cr\u00e9dit et de d\u00e9bit, des cochets et m\u00eame des portefeuilles num\u00e9riques. En tirant parti des capacit\u00e9s formidables de Yith autorise.net Payment Gateway Premium, vous pouvez prot\u00e9ger sans effort les d\u00e9tails confidentiels de paiement de votre client\u00e8le estim\u00e9e tout en leur offrant simultan\u00e9ment une exp\u00e9rience de paiement transparente et acc\u00e9l\u00e9r\u00e9e. Avec sa nature conviviale et son processus d&rsquo;installation sans tracas, ce plugin de passerelle de paiement sans pairs appara\u00eet comme la solution par excellence pour les entreprises de statut de stature modeste \u00e0 mod\u00e9r\u00e9 pour \u00e9lever leurs protocoles de paiement en ligne.<\/p>\n","protected":false},"featured_media":146349,"comment_status":"open","ping_status":"closed","template":"","meta":[],"product_brand":[2487],"product_cat":[1182,1401,1181],"product_tag":[1437],"class_list":{"0":"post-105994","1":"product","2":"type-product","3":"status-publish","4":"has-post-thumbnail","6":"product_brand-yith","7":"product_cat-commerce-electronique-plugins","8":"product_cat-paiement-commerce-electronique-plugins","9":"product_cat-plugins","10":"product_tag-yith","11":"member-discount","12":"discount-restricted","14":"first","15":"instock","16":"sale","17":"downloadable","18":"virtual","19":"sold-individually","20":"purchasable","21":"product-type-simple"},"_links":{"self":[{"href":"https:\/\/gpl-love.com\/fr\/wp-json\/wp\/v2\/product\/105994","targetHints":{"allow":["GET"]}}],"collection":[{"href":"https:\/\/gpl-love.com\/fr\/wp-json\/wp\/v2\/product"}],"about":[{"href":"https:\/\/gpl-love.com\/fr\/wp-json\/wp\/v2\/types\/product"}],"replies":[{"embeddable":true,"href":"https:\/\/gpl-love.com\/fr\/wp-json\/wp\/v2\/comments?post=105994"}],"wp:featuredmedia":[{"embeddable":true,"href":"https:\/\/gpl-love.com\/fr\/wp-json\/wp\/v2\/media\/146349"}],"wp:attachment":[{"href":"https:\/\/gpl-love.com\/fr\/wp-json\/wp\/v2\/media?parent=105994"}],"wp:term":[{"taxonomy":"product_brand","embeddable":true,"href":"https:\/\/gpl-love.com\/fr\/wp-json\/wp\/v2\/product_brand?post=105994"},{"taxonomy":"product_cat","embeddable":true,"href":"https:\/\/gpl-love.com\/fr\/wp-json\/wp\/v2\/product_cat?post=105994"},{"taxonomy":"product_tag","embeddable":true,"href":"https:\/\/gpl-love.com\/fr\/wp-json\/wp\/v2\/product_tag?post=105994"}],"curies":[{"name":"wp","href":"https:\/\/api.w.org\/{rel}","templated":true}]}}