{"id":105992,"date":"2025-06-22T00:00:00","date_gmt":"2025-06-21T22:00:00","guid":{"rendered":"http:\/\/gpl-love.com\/fr\/product\/yith-woocommerce-ajax-premium-recherche\/"},"modified":"2026-04-18T06:31:15","modified_gmt":"2026-04-18T04:31:15","slug":"yith-woocommerce-ajax-search-premium","status":"publish","type":"product","link":"https:\/\/gpl-love.com\/fr\/produit\/yith-woocommerce-ajax-search-premium\/","title":{"rendered":"YITH Ajax Search Premium 2.14.0"},"content":{"rendered":"<h3>YITH Ajax Search Premium Traits<\/h3>\n<p>Yith Ajax Search Premium, un plugin de recherche exceptionnel, poss\u00e8de la capacit\u00e9 remarquable de faciliter les utilisateurs pour localiser instantan\u00e9ment les produits sur leur site Web sans la n\u00e9cessit\u00e9 fastidieuse de recharger la page. Ce plugin exploite l&rsquo;incroyable puissance de la technologie Ajax pour produire les r\u00e9sultats de recherche d&rsquo;une rapidit\u00e9 sans pr\u00e9c\u00e9dent, diminuant efficacement le temps n\u00e9cessaire aux utilisateurs pour d\u00e9couvrir les \u00e9l\u00e9ments souhait\u00e9s. En outre, ce plugin pr\u00e9sente un assortiment de param\u00e8tres personnalisables, offrant aux utilisateurs la possibilit\u00e9 sans effort d&rsquo;ajuster la fonction de recherche en fonction des exigences distinctes de leur site Web. De plus, ce plugin pr\u00e9sente une caract\u00e9ristique multilingue remarquable, permettant ainsi aux magasins en ligne de r\u00e9pondre aux utilisateurs de divers horizons linguistiques, garantissant ainsi une exp\u00e9rience de recherche parfaitement d\u00e9licieuse pour tous. Par cons\u00e9quent, Yith Ajax Search Premium s&rsquo;\u00e9tablit sans \u00e9quivoque comme un outil indispensable pour tout \u00e9tablissement de vente au d\u00e9tail en ligne aspirant \u00e0 augmenter ses capacit\u00e9s de recherche et finalement \u00e0 am\u00e9liorer l&rsquo;exp\u00e9rience utilisateur.<\/p>\n<ul>\n<li>Fonctionnalit\u00e9 de recherche avanc\u00e9e pour votre site Web<\/li>\n<li>R\u00e9sultats de recherche instantan\u00e9s sans rechargement de page<\/li>\n<li>Conception de barre de recherche personnalisable pour correspondre \u00e0 l&rsquo;aspect et \u00e0 la sensation de votre site Web<\/li>\n<li>Int\u00e9gration avec des plateformes de commerce \u00e9lectronique populaires comme WooCommerce<\/li>\n<li>Capacit\u00e9 \u00e0 hi\u00e9rarchiser les r\u00e9sultats de la recherche en fonction de la pertinence ou d&rsquo;autres crit\u00e8res<\/li>\n<li>Option pour afficher l&rsquo;image et le prix du produit dans les r\u00e9sultats de la recherche<\/li>\n<li>Prend en charge plusieurs langues et analyse de recherche<\/li>\n<li>Fournit une meilleure exp\u00e9rience utilisateur pour les clients \u00e0 la recherche de produits sur votre site Web.<\/li>\n<\/ul>\n","protected":false},"excerpt":{"rendered":"<p>Yith Ajax Search Premium, une solution de recherche notamment robuste et conviviale, poss\u00e8de la capacit\u00e9 d&rsquo;am\u00e9liorer l&rsquo;efficacit\u00e9 des efforts de recherche des visiteurs de votre site Web en facilitant la d\u00e9couverte rapide et sans effort des informations souhait\u00e9es. En int\u00e9grant cette solution remarquable dans le framework de votre site Web, vous pouvez introduire une barre de recherche dynamiquement r\u00e9active qui met instantan\u00e9ment \u00e0 la mise \u00e0 jour les r\u00e9sultats de recherche en temps r\u00e9el, en correspondant en cons\u00e9quence avec les frappes de votre visiteur. De plus, vous avez la possibilit\u00e9 de personnaliser la barre de recherche pour vous aligner sur votre identit\u00e9 de marque unique, en b\u00e9n\u00e9ficiant d&rsquo;une vaste s\u00e9lection d&rsquo;options et de fonctionnalit\u00e9s pr\u00e9existantes. Remarquablement, Yith Ajax Search Premium fournit m\u00eame un tableau de fonctionnalit\u00e9s avanc\u00e9es, y compris la possibilit\u00e9 d&rsquo;incorporer des cat\u00e9gories de produits, de filtrer les r\u00e9sultats de recherche et d&rsquo;autres attributs impressionnants, qui contribuent collectivement \u00e0 l&rsquo;exp\u00e9rience de recherche sans couture et tr\u00e8s satisfaisante \u00e0 vos visiteurs de site Web estim\u00e9s sur le site Web .<\/p>\n","protected":false},"featured_media":146345,"comment_status":"open","ping_status":"closed","template":"","meta":[],"product_brand":[2487],"product_cat":[1183,1182,1181],"product_tag":[1437],"class_list":{"0":"post-105992","1":"product","2":"type-product","3":"status-publish","4":"has-post-thumbnail","6":"product_brand-yith","7":"product_cat-administration","8":"product_cat-commerce-electronique-plugins","9":"product_cat-plugins","10":"product_tag-yith","11":"member-discount","12":"discount-restricted","14":"first","15":"instock","16":"sale","17":"downloadable","18":"virtual","19":"sold-individually","20":"purchasable","21":"product-type-simple"},"_links":{"self":[{"href":"https:\/\/gpl-love.com\/fr\/wp-json\/wp\/v2\/product\/105992","targetHints":{"allow":["GET"]}}],"collection":[{"href":"https:\/\/gpl-love.com\/fr\/wp-json\/wp\/v2\/product"}],"about":[{"href":"https:\/\/gpl-love.com\/fr\/wp-json\/wp\/v2\/types\/product"}],"replies":[{"embeddable":true,"href":"https:\/\/gpl-love.com\/fr\/wp-json\/wp\/v2\/comments?post=105992"}],"wp:featuredmedia":[{"embeddable":true,"href":"https:\/\/gpl-love.com\/fr\/wp-json\/wp\/v2\/media\/146345"}],"wp:attachment":[{"href":"https:\/\/gpl-love.com\/fr\/wp-json\/wp\/v2\/media?parent=105992"}],"wp:term":[{"taxonomy":"product_brand","embeddable":true,"href":"https:\/\/gpl-love.com\/fr\/wp-json\/wp\/v2\/product_brand?post=105992"},{"taxonomy":"product_cat","embeddable":true,"href":"https:\/\/gpl-love.com\/fr\/wp-json\/wp\/v2\/product_cat?post=105992"},{"taxonomy":"product_tag","embeddable":true,"href":"https:\/\/gpl-love.com\/fr\/wp-json\/wp\/v2\/product_tag?post=105992"}],"curies":[{"name":"wp","href":"https:\/\/api.w.org\/{rel}","templated":true}]}}