{"id":105990,"date":"2025-08-08T00:00:00","date_gmt":"2025-08-07T22:00:00","guid":{"rendered":"http:\/\/gpl-love.com\/fr\/product\/yith-woocommerce-ajax-filtre-produit-haut-de-gamme\/"},"modified":"2026-04-18T06:31:14","modified_gmt":"2026-04-18T04:31:14","slug":"yith-woocommerce-ajax-product-filter-premium","status":"publish","type":"product","link":"https:\/\/gpl-love.com\/fr\/produit\/yith-woocommerce-ajax-product-filter-premium\/","title":{"rendered":"YITH Ajax Product Filter Premium 5.13.0"},"content":{"rendered":"<h3>YITH Ajax Product Filter Premium Traits<\/h3>\n<p>Le Yith Ajax Product Filter Premium est un outil remarquablement robuste qui permet aux propri\u00e9taires de magasins en ligne d&rsquo;am\u00e9liorer de mani\u00e8re transparente et efficacement l&rsquo;exp\u00e9rience d&rsquo;achat de leurs clients. En tirant parti des capacit\u00e9s exceptionnelles de ce plugin, les clients peuvent localiser sans effort et rapidement les produits sp\u00e9cifiques qu&rsquo;ils souhaitent en utilisant une gamme compl\u00e8te de filtres englobant la gamme de prix, la couleur, la taille et la cat\u00e9gorie. De plus, ce plugin offre une personnalisation in\u00e9gal\u00e9e, ce qui permet aux entreprises de l&rsquo;adapter pr\u00e9cis\u00e9ment pour s&rsquo;aligner avec leurs exigences et pr\u00e9f\u00e9rences individualis\u00e9es uniques. En outre, le plugin poss\u00e8de une interface intuitivement con\u00e7ue et conviviale, garantissant que les clients peuvent naviguer sans effort dans les diff\u00e9rentes options et identifier rapidement et se procurer leurs produits souhait\u00e9s. Sans aucun doute, le filtre de produit Yith Ajax Premium repr\u00e9sente un outil indispensable pour toutes les entreprises de commerce \u00e9lectronique cherchant \u00e0 renforcer l&rsquo;exp\u00e9rience d&rsquo;achat de leurs clients tout en augmentant simultan\u00e9ment leurs taux de conversion.<\/p>\n<ul>\n<li>Options de filtrage des produits sophistiqu\u00e9s pour les sites Web de commerce \u00e9lectronique<\/li>\n<li>Option pour afficher le widget de filtre dans diff\u00e9rentes positions sur la page<\/li>\n<li>Int\u00e9gration avec les widgets WooCommerce et les shortcodes<\/li>\n<li>Une gamme de types de filtres, y compris les cases \u00e0 cocher, les boutons radio, les s\u00e9lecteurs de plage et les menus d\u00e9roulants<\/li>\n<li>Filtrage bas\u00e9 sur l&rsquo;Ajax pour des temps de chargement de page plus rapides et une meilleure exp\u00e9rience utilisateur<\/li>\n<li>Option pour filtrer les produits par attributs, cat\u00e9gories, balises et taxonomies personnalis\u00e9es<\/li>\n<li>Compatible avec le plugin de vue rapide de Yith WooCommerce<\/li>\n<li>Option pour r\u00e9initialiser les r\u00e9sultats du filtre en un seul clic<\/li>\n<li>Choisissez parmi une gamme d&rsquo;options de typographie et de couleurs<\/li>\n<li>Conception r\u00e9active pour les appareils mobiles<\/li>\n<li>Option pour exclure certaines cat\u00e9gories de produits des options de filtre<\/li>\n<li>Pr\u00e9par\u00e9 multilingue avec la compatibilit\u00e9 WPML.<\/li>\n<\/ul>\n","protected":false},"excerpt":{"rendered":"<p>Le Yith Ajax Product Filter Premium, un outil de filtrage exceptionnel et robuste m\u00e9ticuleusement con\u00e7u pour les magasins en ligne, sert de passerelle vers la navigation sans effort \u00e0 travers un vaste \u00e9ventail de produits. En restreignant efficacement les r\u00e9sultats de recherche en fonction de divers param\u00e8tres tels que le prix, la couleur, la taille et de nombreux autres, les clients peuvent localiser sans effort les articles souhait\u00e9s. Offrant une polyvalence in\u00e9gal\u00e9e, ce plugin de filtrage de pointe peut \u00eatre int\u00e9gr\u00e9 de mani\u00e8re transparente dans n&rsquo;importe quel th\u00e8me WordPress, garantissant ainsi une conception harmonieuse et coh\u00e9rente. De plus, r\u00e9pondant aux besoins des sites mondiaux de commerce \u00e9lectronique, ce plugin avanc\u00e9 prend en charge plusieurs langues, augmentant davantage sa convivialit\u00e9. \u00c9levez l&rsquo;exp\u00e9rience d&rsquo;achat de vos clients \u00e0 des hauteurs sans pr\u00e9c\u00e9dent en incorporant la prime de filtre de produit Yith Ajax sans pr\u00e9c\u00e9dent dans votre boutique en ligne.<\/p>\n","protected":false},"featured_media":146344,"comment_status":"open","ping_status":"closed","template":"","meta":[],"product_brand":[2487],"product_cat":[1183,1182,1181],"product_tag":[1437],"class_list":{"0":"post-105990","1":"product","2":"type-product","3":"status-publish","4":"has-post-thumbnail","6":"product_brand-yith","7":"product_cat-administration","8":"product_cat-commerce-electronique-plugins","9":"product_cat-plugins","10":"product_tag-yith","11":"member-discount","12":"discount-restricted","14":"first","15":"instock","16":"sale","17":"downloadable","18":"virtual","19":"sold-individually","20":"purchasable","21":"product-type-simple"},"_links":{"self":[{"href":"https:\/\/gpl-love.com\/fr\/wp-json\/wp\/v2\/product\/105990","targetHints":{"allow":["GET"]}}],"collection":[{"href":"https:\/\/gpl-love.com\/fr\/wp-json\/wp\/v2\/product"}],"about":[{"href":"https:\/\/gpl-love.com\/fr\/wp-json\/wp\/v2\/types\/product"}],"replies":[{"embeddable":true,"href":"https:\/\/gpl-love.com\/fr\/wp-json\/wp\/v2\/comments?post=105990"}],"wp:featuredmedia":[{"embeddable":true,"href":"https:\/\/gpl-love.com\/fr\/wp-json\/wp\/v2\/media\/146344"}],"wp:attachment":[{"href":"https:\/\/gpl-love.com\/fr\/wp-json\/wp\/v2\/media?parent=105990"}],"wp:term":[{"taxonomy":"product_brand","embeddable":true,"href":"https:\/\/gpl-love.com\/fr\/wp-json\/wp\/v2\/product_brand?post=105990"},{"taxonomy":"product_cat","embeddable":true,"href":"https:\/\/gpl-love.com\/fr\/wp-json\/wp\/v2\/product_cat?post=105990"},{"taxonomy":"product_tag","embeddable":true,"href":"https:\/\/gpl-love.com\/fr\/wp-json\/wp\/v2\/product_tag?post=105990"}],"curies":[{"name":"wp","href":"https:\/\/api.w.org\/{rel}","templated":true}]}}