{"id":105988,"date":"2025-08-08T00:00:00","date_gmt":"2025-08-07T22:00:00","guid":{"rendered":"http:\/\/gpl-love.com\/fr\/product\/yith-woocommerce-affilies-haut-de-gamme\/"},"modified":"2026-04-18T06:31:12","modified_gmt":"2026-04-18T04:31:12","slug":"yith-woocommerce-affiliates-premium","status":"publish","type":"product","link":"https:\/\/gpl-love.com\/fr\/produit\/yith-woocommerce-affiliates-premium\/","title":{"rendered":"YITH Affiliates Premium 3.20.0"},"content":{"rendered":"<h3>YITH Affiliates Premium Traits<\/h3>\n<p>Le plugin Premium Affiliates Yith vous propose une solution incroyablement robuste et efficace pour am\u00e9liorer vos efforts commerciaux en \u00e9tablissant un vaste r\u00e9seau d&rsquo;affili\u00e9 qui fera la promotion avec diligence de votre \u00e9minence de produits ou de services. Ce plugin remarquable vous permet de g\u00e9n\u00e9rer sans effort un programme d&rsquo;affiliation hautement sp\u00e9cialis\u00e9 qui accorde \u00e0 vos affili\u00e9s l&rsquo;acc\u00e8s \u00e0 des liens personnalis\u00e9s et sur mesure, des banni\u00e8res captivantes et des coupons attrayants, qui sont tous m\u00e9ticuleusement con\u00e7us pour engendrer un enthousiasme in\u00e9branlable dans la promotion de votre estim\u00e9. des produits. En outre, vous poss\u00e9dez l&rsquo;autonomie pour configurer les taux de commission pour vos affili\u00e9s estim\u00e9s et surveiller m\u00e9ticuleusement leurs performances prodigieuses gr\u00e2ce \u00e0 des rapports m\u00e9ticuleusement organis\u00e9s et complets. De plus, vous serez heureux d&rsquo;apprendre que ce plugin in\u00e9gal\u00e9 s&rsquo;int\u00e8gre parfaitement \u00e0 la WooCommerce extr\u00eamement populaire et \u00e0 diverses autres plates-formes d&rsquo;achat en ligne, rationalisant ainsi son utilisation et facilitant son int\u00e9gration transparente dans votre site Web pr\u00e9existant. Avec l&rsquo;av\u00e8nement des remarquables affili\u00e9s de Yith Premium, le potentiel in\u00e9gal\u00e9 du marketing d&rsquo;affiliation est mis au premier plan, vous permettant de monter \u00e0 de nouveaux pinacles de succ\u00e8s et d&rsquo;amplifier de fa\u00e7on exponentielle vos revenus de vente.<\/p>\n<ul>\n<li>Un outil puissant pour cr\u00e9er et g\u00e9rer un programme d&rsquo;affiliation pour votre site Web<\/li>\n<li>Int\u00e9gration facile avec des plateformes de commerce \u00e9lectronique populaires comme WooCommerce et des t\u00e9l\u00e9chargements num\u00e9riques faciles<\/li>\n<li>Fixez des taux de commission diff\u00e9rents pour les affili\u00e9s ou les groupes individuels<\/li>\n<li>Personnaliser les r\u00e8gles de calcul de la commission pour r\u00e9pondre \u00e0 vos besoins<\/li>\n<li>Suivre les clics et les ventes d&rsquo;affili\u00e9s avec des rapports et des graphiques d\u00e9taill\u00e9s<\/li>\n<li>Offrir des commissions de bonus pour certains produits ou actions prises par les affili\u00e9s<\/li>\n<li>G\u00e9rer les paiements d&rsquo;affiliation et garder une trace des commissions en attente et payantes<\/li>\n<li>Prise en charge de plusieurs langues et devises<\/li>\n<li>\u00c9quipe d&rsquo;assistance d\u00e9di\u00e9e \u00e0 aider et \u00e0 r\u00e9soudre les probl\u00e8mes.<\/li>\n<\/ul>\n","protected":false},"excerpt":{"rendered":"<p>Yith Affiliates Premium, connu pour ses capacit\u00e9s formidables, se pr\u00e9sente comme un formidable plugin qui facilite sans effort la cr\u00e9ation et la gestion d&rsquo;un programme d&rsquo;affiliation efficace adapt\u00e9 aux besoins de votre boutique en ligne. Ce plugin vous offre une myriade de fonctionnalit\u00e9s sophistiqu\u00e9es, y compris des taux de commission personnalis\u00e9s, un suivi de r\u00e9f\u00e9rence complet et des rapports m\u00e9ticuleusement compil\u00e9s, qui contribuent tous en synergie \u00e0 l&rsquo;augmentation des chiffres de vente facilit\u00e9s par l&rsquo;utilisation du marketing d&rsquo;affiliation. By harnessing the potential of YITH Affiliates Premium, you are bestowed with the power to harness the vast resources of your network, thereby incentivizing others to fervently advocate for your esteemed products, thereby establishing affiliate marketing as an indisputably efficacious marketing strategy unparalleled in its potency to catalyser la croissance exponentielle de vos entreprises entrepreneuriales.<\/p>\n","protected":false},"featured_media":146343,"comment_status":"open","ping_status":"closed","template":"","meta":[],"product_brand":[2487],"product_cat":[1182,1200,1181],"product_tag":[1437],"class_list":{"0":"post-105988","1":"product","2":"type-product","3":"status-publish","4":"has-post-thumbnail","6":"product_brand-yith","7":"product_cat-commerce-electronique-plugins","8":"product_cat-commercialisation","9":"product_cat-plugins","10":"product_tag-yith","11":"member-discount","12":"discount-restricted","14":"first","15":"instock","16":"sale","17":"downloadable","18":"virtual","19":"sold-individually","20":"purchasable","21":"product-type-simple"},"_links":{"self":[{"href":"https:\/\/gpl-love.com\/fr\/wp-json\/wp\/v2\/product\/105988","targetHints":{"allow":["GET"]}}],"collection":[{"href":"https:\/\/gpl-love.com\/fr\/wp-json\/wp\/v2\/product"}],"about":[{"href":"https:\/\/gpl-love.com\/fr\/wp-json\/wp\/v2\/types\/product"}],"replies":[{"embeddable":true,"href":"https:\/\/gpl-love.com\/fr\/wp-json\/wp\/v2\/comments?post=105988"}],"wp:featuredmedia":[{"embeddable":true,"href":"https:\/\/gpl-love.com\/fr\/wp-json\/wp\/v2\/media\/146343"}],"wp:attachment":[{"href":"https:\/\/gpl-love.com\/fr\/wp-json\/wp\/v2\/media?parent=105988"}],"wp:term":[{"taxonomy":"product_brand","embeddable":true,"href":"https:\/\/gpl-love.com\/fr\/wp-json\/wp\/v2\/product_brand?post=105988"},{"taxonomy":"product_cat","embeddable":true,"href":"https:\/\/gpl-love.com\/fr\/wp-json\/wp\/v2\/product_cat?post=105988"},{"taxonomy":"product_tag","embeddable":true,"href":"https:\/\/gpl-love.com\/fr\/wp-json\/wp\/v2\/product_tag?post=105988"}],"curies":[{"name":"wp","href":"https:\/\/api.w.org\/{rel}","templated":true}]}}