{"id":105986,"date":"2025-08-08T00:00:00","date_gmt":"2025-08-07T22:00:00","guid":{"rendered":"http:\/\/gpl-love.com\/fr\/product\/yith-woocommerce-avancee-critiques-prime\/"},"modified":"2026-04-25T06:30:55","modified_gmt":"2026-04-25T04:30:55","slug":"yith-woocommerce-advanced-reviews-premium","status":"publish","type":"product","link":"https:\/\/gpl-love.com\/fr\/produit\/yith-woocommerce-advanced-reviews-premium\/","title":{"rendered":"YITH Advanced Reviews Premium 2.11.0"},"content":{"rendered":"<h3>YITH Advanced Reviews Premium Traits<\/h3>\n<p>Yith Advanced Reviews Premium sert de plugin incroyablement robuste et sophistiqu\u00e9, servant de catalyseur pour les entreprises pour \u00e9lever leurs revues de produits \u00e0 des hauteurs sans pr\u00e9c\u00e9dent. Arm\u00e9s de ce plugin, les clients sont autoris\u00e9s \u00e0 composer des critiques compl\u00e8tes renforc\u00e9es par l&rsquo;inclusion d&rsquo;images et de vid\u00e9os qui l&rsquo;accompagnent, pr\u00eatant ainsi un sentiment accru de cr\u00e9dibilit\u00e9 \u00e0 leurs \u00e9valuations. De plus, les entreprises ont la possibilit\u00e9 de r\u00e9pondre rapidement aux avis et peuvent m\u00eame inciter leur client\u00e8le pour l&rsquo;acte de fournir des commentaires, favorisant ainsi un environnement m\u00fbr avec un flux continu d&rsquo;opinions et une participation active. En outre, ce plugin poss\u00e8de un assortiment de filtres avanc\u00e9s et de m\u00e9canismes de tri pour les r\u00e9visions, simplifiant ainsi la t\u00e2che ardue pour les clients pour acc\u00e9der aux informations pertinentes qu&rsquo;ils recherchent. Essentiellement, Yith Advanced Reviews Premium repr\u00e9sente une s\u00e9lection exceptionnelle pour tout aspiration \u00e0 l&rsquo;entreprise pour am\u00e9liorer leurs revues de produits tout en amplifiant simultan\u00e9ment l&rsquo;engagement client.<\/p>\n<ul>\n<li>Permet aux clients de laisser des avis d\u00e9taill\u00e9s et personnalisables sur vos produits<\/li>\n<li>Propose un syst\u00e8me de mod\u00e9ration pour approuver ou rejeter les avis avant leur publication<\/li>\n<li>Fournit des notifications par e-mail aux propri\u00e9taires de magasin lorsqu&rsquo;une nouvelle critique est soumise<\/li>\n<li>Prend en charge et s&rsquo;int\u00e8gre \u00e0 plusieurs types de produits WooCommerce, y compris les variations et les abonnements<\/li>\n<li>Comprend la possibilit\u00e9 d&rsquo;ajouter des formulaires d&rsquo;examen des produits \u00e0 des pages ou des widgets sp\u00e9cifiques sur votre site Web<\/li>\n<li>Donne aux clients la possibilit\u00e9 de t\u00e9l\u00e9charger des images ou des vid\u00e9os avec leur critique<\/li>\n<li>Fournit des options de filtrage utiles pour que les propri\u00e9taires de magasins et les clients puissent trier les avis<\/li>\n<li>Permet d&rsquo;envoyer des e-mails de rappel automatique \u00e0 des clients qui n&rsquo;ont pas encore laiss\u00e9 de revue<\/li>\n<li>Offre un design \u00e9l\u00e9gant qui peut \u00eatre personnalis\u00e9 pour correspondre \u00e0 la marque de votre site Web<\/li>\n<li>Fournit des statistiques d\u00e9taill\u00e9es et une analyse de vos revues de produits, vous aidant \u00e0 identifier les tendances et les domaines \u00e0 am\u00e9liorer.<\/li>\n<\/ul>\n","protected":false},"excerpt":{"rendered":"<p>Yith Advanced Reviews Premium, un plugin tr\u00e8s acclam\u00e9 pour la plate-forme WordPress largement utilis\u00e9e, permet \u00e0 ses utilisateurs de cr\u00e9er et de soumettre des critiques compl\u00e8tes relatives \u00e0 un produit particulier. Poss\u00e9dant une pl\u00e9thore de param\u00e8tres sophistiqu\u00e9s et de fonctionnalit\u00e9s notables, ce plugin offre aux propri\u00e9taires commerciaux un niveau de personnalisation in\u00e9gal\u00e9, leur permettant de favoriser la g\u00e9n\u00e9ration de contenu con\u00e7u par l&rsquo;utilisateur et de fortifier la cr\u00e9dibilit\u00e9 de leur site Web. L&rsquo;interface conviviale associ\u00e9e \u00e0 l&rsquo;int\u00e9gration transparente facilite une approche simple et efficace pour examiner la gestion et la filtration. En r\u00e9sum\u00e9, le formidable Yith Advanced Reviews Premium repr\u00e9sente un outil indispensable qui \u00e9l\u00e8ve consid\u00e9rablement l&rsquo;exp\u00e9rience utilisateur, aboutissant finalement \u00e0 une augmentation des ventes notable pour les entreprises dans tous les secteurs.<\/p>\n","protected":false},"featured_media":146342,"comment_status":"open","ping_status":"closed","template":"","meta":[],"product_brand":[2487],"product_cat":[1182,1200,1181],"product_tag":[1437],"class_list":{"0":"post-105986","1":"product","2":"type-product","3":"status-publish","4":"has-post-thumbnail","6":"product_brand-yith","7":"product_cat-commerce-electronique-plugins","8":"product_cat-commercialisation","9":"product_cat-plugins","10":"product_tag-yith","11":"member-discount","12":"discount-restricted","14":"first","15":"instock","16":"sale","17":"downloadable","18":"virtual","19":"sold-individually","20":"purchasable","21":"product-type-simple"},"_links":{"self":[{"href":"https:\/\/gpl-love.com\/fr\/wp-json\/wp\/v2\/product\/105986","targetHints":{"allow":["GET"]}}],"collection":[{"href":"https:\/\/gpl-love.com\/fr\/wp-json\/wp\/v2\/product"}],"about":[{"href":"https:\/\/gpl-love.com\/fr\/wp-json\/wp\/v2\/types\/product"}],"replies":[{"embeddable":true,"href":"https:\/\/gpl-love.com\/fr\/wp-json\/wp\/v2\/comments?post=105986"}],"wp:featuredmedia":[{"embeddable":true,"href":"https:\/\/gpl-love.com\/fr\/wp-json\/wp\/v2\/media\/146342"}],"wp:attachment":[{"href":"https:\/\/gpl-love.com\/fr\/wp-json\/wp\/v2\/media?parent=105986"}],"wp:term":[{"taxonomy":"product_brand","embeddable":true,"href":"https:\/\/gpl-love.com\/fr\/wp-json\/wp\/v2\/product_brand?post=105986"},{"taxonomy":"product_cat","embeddable":true,"href":"https:\/\/gpl-love.com\/fr\/wp-json\/wp\/v2\/product_cat?post=105986"},{"taxonomy":"product_tag","embeddable":true,"href":"https:\/\/gpl-love.com\/fr\/wp-json\/wp\/v2\/product_tag?post=105986"}],"curies":[{"name":"wp","href":"https:\/\/api.w.org\/{rel}","templated":true}]}}