{"id":105984,"date":"2025-08-31T00:00:00","date_gmt":"2025-08-30T22:00:00","guid":{"rendered":"http:\/\/gpl-love.com\/fr\/product\/yith-woocommerce-ajoute-au-panier-popup-premium\/"},"modified":"2026-04-18T06:31:10","modified_gmt":"2026-04-18T04:31:10","slug":"yith-woocommerce-added-to-cart-popup-premium","status":"publish","type":"product","link":"https:\/\/gpl-love.com\/fr\/produit\/yith-woocommerce-added-to-cart-popup-premium\/","title":{"rendered":"YITH Added to Cart Popup Premium 2.37.0"},"content":{"rendered":"<h3>YITH Added to Cart Popup Premium Traits<\/h3>\n<p>Le Yith ajout\u00e9 \u00e0 CART Popup Premium est un plugin indispensable que chaque site Web de commerce \u00e9lectronique doit poss\u00e9der, car il accorde aux clients une fen\u00eatre contextuelle chaque fois qu&rsquo;ils ajoutent un article \u00e0 leur panier, leur donnant ainsi un r\u00e9sum\u00e9 rapide et opportun de leur achat imminent. Cette fonctionnalit\u00e9 particuli\u00e8re s&rsquo;av\u00e8re exceptionnellement avantageuse pour les personnes qui se retrouvent press\u00e9es par le temps ou pr\u00e9f\u00e8rent ne pas d\u00e9tourner leur attention de leur page Web actuelle. Remarquablement, ce plugin offre aux utilisateurs une vaste gamme d&rsquo;options de personnalisation, leur accordant un contr\u00f4le total sur l&rsquo;apparence et le contenu de la fen\u00eatre contextuelle. De plus, il affiche une polyvalence remarquable en prenant en charge plusieurs langues, en le faisant d&rsquo;un choix id\u00e9al pour les plateformes de commerce \u00e9lectronique avec une port\u00e9e mondiale. En int\u00e9grant le Yith ajout\u00e9 \u00e0 CART Popup Premium dans votre site Web, vous avez la possibilit\u00e9 d&rsquo;\u00e9lever l&rsquo;exp\u00e9rience d&rsquo;achat globale de vos pr\u00e9cieux clients, ce qui conduit \u00e0 un niveau de ventes amplifi\u00e9.<\/p>\n<ul>\n<li>Conception contextuelle professionnelle et attrayante pour augmenter les conversions<\/li>\n<li>Texte popup personnalisable et couleurs pour correspondre \u00e0 votre marque<\/li>\n<li>Option pour afficher des produits connexes pour encourager des achats suppl\u00e9mentaires<\/li>\n<li>Compatible avec WooCommerce et WordPress<\/li>\n<li>Facile \u00e0 installer et \u00e0 configurer sans codage requis<\/li>\n<li>Capacit\u00e9 \u00e0 d\u00e9finir un retard ou un d\u00e9clenchement chronom\u00e9tr\u00e9 sur l&rsquo;ajout de panier<\/li>\n<li>Conception r\u00e9active mobile pour une exp\u00e9rience utilisateur optimale<\/li>\n<li>Option pour ajouter le partage social pour promouvoir davantage les produits<\/li>\n<li>Plusieurs options d&rsquo;animation pour attirer l&rsquo;attention des clients<\/li>\n<li>Analyse d\u00e9taill\u00e9e pour suivre les performances de la fen\u00eatre contextuelle et ajuster en cons\u00e9quence<\/li>\n<\/ul>\n","protected":false},"excerpt":{"rendered":"<p>Le Yith ajout\u00e9 \u00e0 CART Popup Premium est un plugin WooCommerce extr\u00eamement puissant qui profite \u00e0 l&rsquo;installation pour g\u00e9n\u00e9rer une fen\u00eatre contextuelle personnalis\u00e9e et conviviale dans le but principal de notifier rapidement les clients chaque fois qu&rsquo;un produit a \u00e9t\u00e9 ajout\u00e9 avec succ\u00e8s \u00e0 leur panier. Ce plugin confond les utilisateurs \u00e0 une multitude de fonctionnalit\u00e9s avantageuses, englobant, mais sans s&rsquo;y limiter, la capacit\u00e9 de permettre le message popup et l&rsquo;esth\u00e9tique, exercent la domination sur l&rsquo;occurrence temporelle de la popup, et bien plus encore. En d\u00e9ploiement du Yith ajout\u00e9 \u00e0 CART Popup Premium, on est autoris\u00e9 \u00e0 am\u00e9liorer l&rsquo;exp\u00e9rience client globale tout en augmentant simultan\u00e9ment le taux de conversion en fournissant un processus de paiement rapide et sans tracas.<\/p>\n","protected":false},"featured_media":146340,"comment_status":"open","ping_status":"closed","template":"","meta":[],"product_brand":[2487],"product_cat":[1182,1200,1181],"product_tag":[1437],"class_list":{"0":"post-105984","1":"product","2":"type-product","3":"status-publish","4":"has-post-thumbnail","6":"product_brand-yith","7":"product_cat-commerce-electronique-plugins","8":"product_cat-commercialisation","9":"product_cat-plugins","10":"product_tag-yith","11":"member-discount","12":"discount-restricted","14":"first","15":"instock","16":"sale","17":"downloadable","18":"virtual","19":"sold-individually","20":"purchasable","21":"product-type-simple"},"_links":{"self":[{"href":"https:\/\/gpl-love.com\/fr\/wp-json\/wp\/v2\/product\/105984","targetHints":{"allow":["GET"]}}],"collection":[{"href":"https:\/\/gpl-love.com\/fr\/wp-json\/wp\/v2\/product"}],"about":[{"href":"https:\/\/gpl-love.com\/fr\/wp-json\/wp\/v2\/types\/product"}],"replies":[{"embeddable":true,"href":"https:\/\/gpl-love.com\/fr\/wp-json\/wp\/v2\/comments?post=105984"}],"wp:featuredmedia":[{"embeddable":true,"href":"https:\/\/gpl-love.com\/fr\/wp-json\/wp\/v2\/media\/146340"}],"wp:attachment":[{"href":"https:\/\/gpl-love.com\/fr\/wp-json\/wp\/v2\/media?parent=105984"}],"wp:term":[{"taxonomy":"product_brand","embeddable":true,"href":"https:\/\/gpl-love.com\/fr\/wp-json\/wp\/v2\/product_brand?post=105984"},{"taxonomy":"product_cat","embeddable":true,"href":"https:\/\/gpl-love.com\/fr\/wp-json\/wp\/v2\/product_cat?post=105984"},{"taxonomy":"product_tag","embeddable":true,"href":"https:\/\/gpl-love.com\/fr\/wp-json\/wp\/v2\/product_tag?post=105984"}],"curies":[{"name":"wp","href":"https:\/\/api.w.org\/{rel}","templated":true}]}}