{"id":105982,"date":"2025-08-31T00:00:00","date_gmt":"2025-08-30T22:00:00","guid":{"rendered":"http:\/\/gpl-love.com\/fr\/product\/yith-woocommerce-compte-de-fonds-prime\/"},"modified":"2026-04-18T06:31:08","modified_gmt":"2026-04-18T04:31:08","slug":"yith-woocommerce-account-funds-premium","status":"publish","type":"product","link":"https:\/\/gpl-love.com\/fr\/produit\/yith-woocommerce-account-funds-premium\/","title":{"rendered":"YITH Account Funds Premium 2.9.0"},"content":{"rendered":"<h3>YITH Account Funds Premium Traits<\/h3>\n<p>Le compte Yith finance le plugin Premium fonctionne comme un outil efficace et robuste, r\u00e9pondant aux besoins et aux exigences des propri\u00e9taires de magasins en ligne, dans leur qu\u00eate pour g\u00e9rer avec comp\u00e9tence les soldes clients et fournir simultan\u00e9ment une option de paiement pratique. En mettant en \u0153uvre ce plugin, les clients re\u00e7oivent la capacit\u00e9 sans effort de transf\u00e9rer sans effort des fonds dans leurs comptes respectifs et d&rsquo;utiliser ensuite ces fonds pour effectuer des achats, r\u00e9duisant ainsi efficacement le frottement inh\u00e9rent qui survient pendant le processus de d\u00e9part et cultivant efficacement un sens accru de file de la file de la client\u00e8le de la client\u00e8le pendant le d\u00e9part et en cultivant efficacement un sentiment de file de la file de la client\u00e8le. . Il convient \u00e9galement de noter que les propri\u00e9taires de magasins ont le privil\u00e8ge d&rsquo;administrer avec comp\u00e9tence les soldes de client\u00e8le, de traiter les remboursements habile et de se soucier des clients davantage de s&rsquo;engager activement dans l&rsquo;utilisation des fonds de compte, en offrant des remises et des incitations attrayantes. Par cons\u00e9quent, le plugin s&rsquo;int\u00e8gre de mani\u00e8re transparente dans l&rsquo;infrastructure de paiement existante, garantissant efficacement une solution de paiement s\u00e9curis\u00e9e et rationalis\u00e9e. Les attributs susmentionn\u00e9s culminent collectivement dans la cr\u00e9ation d&rsquo;une exp\u00e9rience d&rsquo;achat enrichie, ce qui rend ce plugin un ajout ind\u00e9niablement pr\u00e9cieux et indispensable \u00e0 tout site Web de commerce \u00e9lectronique.<\/p>\n<ul>\n<li>Aide les clients \u00e0 d\u00e9poser des fonds dans leur compte et \u00e0 les utiliser pour acheter des produits sur votre site Web<\/li>\n<li>Encourage les achats r\u00e9p\u00e9t\u00e9s en donnant aux utilisateurs la possibilit\u00e9 d&rsquo;ajouter facilement des fonds \u00e0 leur compte pour les commandes futures<\/li>\n<li>Permet aux clients de suivre le solde et l&rsquo;historique des transactions de leur compte<\/li>\n<li>R\u00e9duit la n\u00e9cessit\u00e9 pour les clients de saisir les informations de paiement chaque fois qu&rsquo;ils effectuent un achat<\/li>\n<li>Donne aux propri\u00e9taires de magasins la possibilit\u00e9 de d\u00e9finir des montants de d\u00e9p\u00f4t minimum, des soldes maximum et des dates d&rsquo;expiration pour les fonds de compte<\/li>\n<li>Offre une exp\u00e9rience de paiement sans couture aux clients, am\u00e9liorant leur exp\u00e9rience d&rsquo;achat globale<\/li>\n<li>S&rsquo;int\u00e8gre aux passerelles de paiement populaires pour un d\u00e9p\u00f4t facile et s\u00e9curis\u00e9 des fonds<\/li>\n<li>Offre des options de personnalisation pour l&rsquo;affichage des informations sur les fonds de compte pour correspondre \u00e0 la conception et \u00e0 la marque de votre site Web<\/li>\n<li>Fournit une documentation d\u00e9taill\u00e9e et un excellent support client pour assurer une impl\u00e9mentation et une utilisation en douceur du plugin.<\/li>\n<\/ul>\n","protected":false},"excerpt":{"rendered":"<p>Le Yith Account Funds Premium est un plugin WordPress exceptionnellement sophistiqu\u00e9 et avanc\u00e9, tirant parti des fonctionnalit\u00e9s premium, qui permet aux clients de d\u00e9poser des fonds sans effort et facilement dans leur compte personnel sur votre boutique en ligne estim\u00e9e. Ce faisant, ils ont la libert\u00e9 et la flexibilit\u00e9 d&rsquo;utiliser ces fonds \u00e0 un moment donn\u00e9 pour effectuer des achats. Les capacit\u00e9s \u00e0 multiples facettes de ce plugin sont vraiment remarquables, car elle facilite la gestion sans effort des fonds que vos clients estim\u00e9s ont gracieusement d\u00e9pos\u00e9, tout en vous accordant la possibilit\u00e9 de surveiller et de suivre m\u00e9ticuleusement leurs diff\u00e9rentes transactions. En outre, ce plugin extraordinaire \u00e9tend m\u00eame la possibilit\u00e9 de distribuer des remises et des incitations \u00e0 vos clients en tant que gage d&rsquo;appr\u00e9ciation pour leur utilisation de ce mode de paiement rationalis\u00e9 et efficace. De plus, le compte Yith Funds Premium s&rsquo;int\u00e8gre de mani\u00e8re transparente avec les passerelles de paiement les plus populaires et les plus fiables, garantissant ainsi une exp\u00e9rience transparente et s\u00e9curis\u00e9e pour vos clients estim\u00e9s lorsqu&rsquo;ils effectuent leurs achats.<\/p>\n","protected":false},"featured_media":146338,"comment_status":"open","ping_status":"closed","template":"","meta":[],"product_brand":[2487],"product_cat":[1183,1182,1181],"product_tag":[1437],"class_list":{"0":"post-105982","1":"product","2":"type-product","3":"status-publish","4":"has-post-thumbnail","6":"product_brand-yith","7":"product_cat-administration","8":"product_cat-commerce-electronique-plugins","9":"product_cat-plugins","10":"product_tag-yith","11":"member-discount","12":"discount-restricted","14":"first","15":"instock","16":"sale","17":"downloadable","18":"virtual","19":"sold-individually","20":"purchasable","21":"product-type-simple"},"_links":{"self":[{"href":"https:\/\/gpl-love.com\/fr\/wp-json\/wp\/v2\/product\/105982","targetHints":{"allow":["GET"]}}],"collection":[{"href":"https:\/\/gpl-love.com\/fr\/wp-json\/wp\/v2\/product"}],"about":[{"href":"https:\/\/gpl-love.com\/fr\/wp-json\/wp\/v2\/types\/product"}],"replies":[{"embeddable":true,"href":"https:\/\/gpl-love.com\/fr\/wp-json\/wp\/v2\/comments?post=105982"}],"wp:featuredmedia":[{"embeddable":true,"href":"https:\/\/gpl-love.com\/fr\/wp-json\/wp\/v2\/media\/146338"}],"wp:attachment":[{"href":"https:\/\/gpl-love.com\/fr\/wp-json\/wp\/v2\/media?parent=105982"}],"wp:term":[{"taxonomy":"product_brand","embeddable":true,"href":"https:\/\/gpl-love.com\/fr\/wp-json\/wp\/v2\/product_brand?post=105982"},{"taxonomy":"product_cat","embeddable":true,"href":"https:\/\/gpl-love.com\/fr\/wp-json\/wp\/v2\/product_cat?post=105982"},{"taxonomy":"product_tag","embeddable":true,"href":"https:\/\/gpl-love.com\/fr\/wp-json\/wp\/v2\/product_tag?post=105982"}],"curies":[{"name":"wp","href":"https:\/\/api.w.org\/{rel}","templated":true}]}}