{"id":105980,"date":"2022-03-02T00:00:00","date_gmt":"2022-03-01T23:00:00","guid":{"rendered":"http:\/\/gpl-love.com\/fr\/product\/yith-rapide-formulaires-de-commande-pour-woocommerce-prime\/"},"modified":"2026-05-10T06:32:19","modified_gmt":"2026-05-10T04:32:19","slug":"yith-quick-order-forms-for-woocommerce-premium","status":"publish","type":"product","link":"https:\/\/gpl-love.com\/fr\/produit\/yith-quick-order-forms-for-woocommerce-premium\/","title":{"rendered":"YITH Quick Order Forms pour WooCommerce Premium 1.2.18"},"content":{"rendered":"<h3>YITH Quick Order Forms pour WooCommerce Premium Traits<\/h3>\n<p>Les formulaires de commande rapide pour WooCommerce Premium sont un outil extraordinaire qui offre une m\u00e9thode transparente et acc\u00e9l\u00e9r\u00e9e pour les clients pour commander des produits dans une boutique en ligne. Ce plugin remarquable permet aux clients de g\u00e9rer sans effort des listes d&rsquo;articles souhait\u00e9s, de les ajouter rapidement \u00e0 leur panier et de finaliser efficacement le processus de paiement en quelques clics. De plus, le plugin poss\u00e8de un niveau d&rsquo;adaptabilit\u00e9 impressionnant, permettant aux propri\u00e9taires de magasins d&rsquo;adapter des formulaires distincts pour diverses cat\u00e9gories de produits ou des segments de clients sp\u00e9cifiques. En exploitant la puissance des formulaires de commande rapide de Yith pour WooCommerce Premium, non seulement un temps pr\u00e9cieux peut \u00eatre conserv\u00e9 pour les clients, mais aussi les taux de conversion et la satisfaction globale du client peuvent \u00eatre consid\u00e9rablement stimul\u00e9s. Embrassez l&rsquo;acquisition de ce plugin in\u00e9gal\u00e9 pour rationaliser la proc\u00e9dure de commande de votre boutique en ligne et \u00e9lever la rencontre d&rsquo;achat de vos clients estim\u00e9s.<\/p>\n<ul>\n<li>Cr\u00e9ez facilement des formulaires de commande rapide pour votre site Web WooCommerce<\/li>\n<li>Gagner du temps en permettant aux clients d&rsquo;ajouter rapidement plusieurs produits \u00e0 leur panier<\/li>\n<li>Personnalisez votre bon de commande avec diff\u00e9rents champs et dispositions<\/li>\n<li>Option pour cr\u00e9er plusieurs formulaires de commande rapide pour diff\u00e9rentes cat\u00e9gories de produits<\/li>\n<li>Augmenter les ventes et la satisfaction du client avec un processus de commande rationalis\u00e9<\/li>\n<li>Compatible avec les modules compl\u00e9mentaires de produit Yith WooCommerce pour am\u00e9liorer les options de personnalisation<\/li>\n<li>Int\u00e9gration avec des passerelles de paiement populaires pour les transactions transparentes<\/li>\n<li>Documentation d\u00e9taill\u00e9e et support client pour une configuration et une utilisation faciles<\/li>\n<li>Mises \u00e0 jour r\u00e9guli\u00e8res et compatibilit\u00e9 avec les derni\u00e8res versions WooCommerce et WordPress.<\/li>\n<\/ul>\n","protected":false},"excerpt":{"rendered":"<p>Les formulaires de commande rapide de Yith pour WooCommerce Premium sont un outil incroyablement robuste et dynamique qui offre aux clients la capacit\u00e9 remarquable de g\u00e9n\u00e9rer et de soumettre rapidement et efficacement des commandes substantielles. Ce plugin extraordinaire simplifie et acc\u00e9l\u00e8re l&rsquo;ensemble du processus de commande, permettant aux utilisateurs de construire sans effort des formes personnalis\u00e9es et de les remplir sans effort avec des catalogues de divers produits ou r\u00e9seaux de produits ou de r\u00e9seaux. Gr\u00e2ce aux capacit\u00e9s remarquables des formulaires de commande rapide de Yith, les clients peuvent ajouter instantan\u00e9ment et sans effort plusieurs produits \u00e0 leurs paniers virtuels en quelques secondes, en pr\u00e9servant par cons\u00e9quent une quantit\u00e9 substantielle de leur temps et de leur effort pr\u00e9cieux. De plus, l&rsquo;int\u00e9gration transparente de ce plugin extraordinaire avec WooCommerce garantit une configuration sans effort et une exp\u00e9rience utilisateur impeccablement fluide. Embrassez les possibilit\u00e9s illimit\u00e9es et \u00e9levez vos efforts de traitement des grands commandes en passant rapidement \u00e0 la version premium des formulaires ph\u00e9nom\u00e9naux d&rsquo;ordre rapide Yith aujourd&rsquo;hui!<\/p>\n","protected":false},"featured_media":146421,"comment_status":"open","ping_status":"closed","template":"","meta":[],"product_brand":[2487],"product_cat":[1182,1404,1181],"product_tag":[1437],"class_list":{"0":"post-105980","1":"product","2":"type-product","3":"status-publish","4":"has-post-thumbnail","6":"product_brand-yith","7":"product_cat-commerce-electronique-plugins","8":"product_cat-formes-commerce-electronique-plugins","9":"product_cat-plugins","10":"product_tag-yith","11":"member-discount","12":"discount-restricted","14":"first","15":"instock","16":"sale","17":"downloadable","18":"virtual","19":"sold-individually","20":"purchasable","21":"product-type-simple"},"_links":{"self":[{"href":"https:\/\/gpl-love.com\/fr\/wp-json\/wp\/v2\/product\/105980","targetHints":{"allow":["GET"]}}],"collection":[{"href":"https:\/\/gpl-love.com\/fr\/wp-json\/wp\/v2\/product"}],"about":[{"href":"https:\/\/gpl-love.com\/fr\/wp-json\/wp\/v2\/types\/product"}],"replies":[{"embeddable":true,"href":"https:\/\/gpl-love.com\/fr\/wp-json\/wp\/v2\/comments?post=105980"}],"wp:featuredmedia":[{"embeddable":true,"href":"https:\/\/gpl-love.com\/fr\/wp-json\/wp\/v2\/media\/146421"}],"wp:attachment":[{"href":"https:\/\/gpl-love.com\/fr\/wp-json\/wp\/v2\/media?parent=105980"}],"wp:term":[{"taxonomy":"product_brand","embeddable":true,"href":"https:\/\/gpl-love.com\/fr\/wp-json\/wp\/v2\/product_brand?post=105980"},{"taxonomy":"product_cat","embeddable":true,"href":"https:\/\/gpl-love.com\/fr\/wp-json\/wp\/v2\/product_cat?post=105980"},{"taxonomy":"product_tag","embeddable":true,"href":"https:\/\/gpl-love.com\/fr\/wp-json\/wp\/v2\/product_tag?post=105980"}],"curies":[{"name":"wp","href":"https:\/\/api.w.org\/{rel}","templated":true}]}}