{"id":105978,"date":"2021-02-09T00:00:00","date_gmt":"2021-02-08T23:00:00","guid":{"rendered":"http:\/\/gpl-love.com\/fr\/product\/yith-paypal-paiements-adaptatifs-pour-woocommerce-prime\/"},"modified":"2026-04-18T06:32:09","modified_gmt":"2026-04-18T04:32:09","slug":"yith-paypal-adaptive-payments-for-woocommerce-premium","status":"publish","type":"product","link":"https:\/\/gpl-love.com\/fr\/produit\/yith-paypal-adaptive-payments-for-woocommerce-premium\/","title":{"rendered":"YITH Paypal Adaptive Payments pour WooCommerce Premium 1.0.22"},"content":{"rendered":"<h3>YITH Paypal Adaptive Payments pour WooCommerce Premium Traits<\/h3>\n<p>Les paiements adaptatifs Yith PayPal pour WooCommerce Premium sont une solution de paiement innovante et sophistiqu\u00e9e qui a \u00e9t\u00e9 sp\u00e9cialement con\u00e7ue pour les entreprises en ligne. Ce plugin poss\u00e8de un large \u00e9ventail de fonctionnalit\u00e9s avanc\u00e9es, ce qui permet aux entreprises de fournir \u00e0 leurs clients un syst\u00e8me de paiement tr\u00e8s flexible en tirant parti de la puissance des paiements adaptatifs PayPal. L&rsquo;une des fonctionnalit\u00e9s remarquables de ce plugin est sa capacit\u00e9 \u00e0 diviser sans effort les paiements entre plusieurs destinataires, tels que les vendeurs, les affili\u00e9s et les vendeurs. Cela garantit non seulement que chacun re\u00e7oit ses actions respectives, mais cela simplifie \u00e9galement la gestion des commissions. De plus, ce plugin permet la cr\u00e9ation de structures de paiement complexes, y compris les paiements parall\u00e8les et encha\u00een\u00e9s, ce qui am\u00e9liore encore sa polyvalence. En utilisant les paiements adaptatifs Yith PayPal pour WooCommerce Premium, les entreprises peuvent profiter d&rsquo;une multitude d&rsquo;avantages, tels que le suivi des paiements en temps r\u00e9el, les d\u00e9caissement de paiement automatis\u00e9 et le support pour diverses passerelles de paiement. En fin de compte, ce plugin sert de solution compl\u00e8te et rationalis\u00e9e pour les entreprises qui cherchent \u00e0 optimiser leurs op\u00e9rations de traitement des paiements.<\/p>\n<ul>\n<li>Int\u00e8gre de mani\u00e8re transparente les paiements adaptatifs PayPal dans votre boutique en ligne WooCommerce<\/li>\n<li>Vous permet de diviser les paiements entre plusieurs fournisseurs et acheteurs<\/li>\n<li>Prend en charge les paiements parall\u00e8les et encha\u00een\u00e9s et vous permet de personnaliser le flux de paiement<\/li>\n<li>Fournit une interface conviviale et intuitive pour g\u00e9rer les paiements et les transactions<\/li>\n<li>Assure des transactions s\u00e9curis\u00e9es et fiables via la robuste plateforme de paiement adaptative PayPal<\/li>\n<li>Parfait pour les magasins de style Marketplace ou ceux qui ont plusieurs fournisseurs qui vendent des produits<\/li>\n<li>Offre une version premium avec des fonctionnalit\u00e9s suppl\u00e9mentaires telles que la gestion de la commission avanc\u00e9e et la version de paiement automatique.<\/li>\n<\/ul>\n","protected":false},"excerpt":{"rendered":"<p>Yith PayPal Adaptive Payments, un plugin premium exceptionnel exclusivement adapt\u00e9 \u00e0 WooCommerce, permet une division des paiements sans effort et sans couture parmi de nombreux vendeurs. Avec ses fonctionnalit\u00e9s avanc\u00e9es, ce plugin alloue automatiquement le paiement au destinataire principal, en tant que propri\u00e9taire du magasin et r\u00e9cipiendaire secondaire, qui est le vendeur ou le vendeur, tout en incorporant simultan\u00e9ment la commission n\u00e9cessaire mandat\u00e9e par le march\u00e9. Adoptez une proc\u00e9dure de paiement pratique et sans probl\u00e8me avec les paiements adaptatifs exceptionnels Yith PayPal.<\/p>\n","protected":false},"featured_media":146402,"comment_status":"open","ping_status":"closed","template":"","meta":[],"product_brand":[2487],"product_cat":[1182,1401,1181],"product_tag":[1437],"class_list":{"0":"post-105978","1":"product","2":"type-product","3":"status-publish","4":"has-post-thumbnail","6":"product_brand-yith","7":"product_cat-commerce-electronique-plugins","8":"product_cat-paiement-commerce-electronique-plugins","9":"product_cat-plugins","10":"product_tag-yith","11":"member-discount","12":"discount-restricted","14":"first","15":"instock","16":"sale","17":"downloadable","18":"virtual","19":"sold-individually","20":"purchasable","21":"product-type-simple"},"_links":{"self":[{"href":"https:\/\/gpl-love.com\/fr\/wp-json\/wp\/v2\/product\/105978","targetHints":{"allow":["GET"]}}],"collection":[{"href":"https:\/\/gpl-love.com\/fr\/wp-json\/wp\/v2\/product"}],"about":[{"href":"https:\/\/gpl-love.com\/fr\/wp-json\/wp\/v2\/types\/product"}],"replies":[{"embeddable":true,"href":"https:\/\/gpl-love.com\/fr\/wp-json\/wp\/v2\/comments?post=105978"}],"wp:featuredmedia":[{"embeddable":true,"href":"https:\/\/gpl-love.com\/fr\/wp-json\/wp\/v2\/media\/146402"}],"wp:attachment":[{"href":"https:\/\/gpl-love.com\/fr\/wp-json\/wp\/v2\/media?parent=105978"}],"wp:term":[{"taxonomy":"product_brand","embeddable":true,"href":"https:\/\/gpl-love.com\/fr\/wp-json\/wp\/v2\/product_brand?post=105978"},{"taxonomy":"product_cat","embeddable":true,"href":"https:\/\/gpl-love.com\/fr\/wp-json\/wp\/v2\/product_cat?post=105978"},{"taxonomy":"product_tag","embeddable":true,"href":"https:\/\/gpl-love.com\/fr\/wp-json\/wp\/v2\/product_tag?post=105978"}],"curies":[{"name":"wp","href":"https:\/\/api.w.org\/{rel}","templated":true}]}}