{"id":105976,"date":"2024-03-23T00:00:00","date_gmt":"2024-03-22T23:00:00","guid":{"rendered":"http:\/\/gpl-love.com\/fr\/product\/yith-mode-de-paiement-restrictions-pour-woocommerce-prime\/"},"modified":"2026-04-18T06:32:08","modified_gmt":"2026-04-18T04:32:08","slug":"yith-payment-method-restrictions-for-woocommerce-premium","status":"publish","type":"product","link":"https:\/\/gpl-love.com\/fr\/produit\/yith-payment-method-restrictions-for-woocommerce-premium\/","title":{"rendered":"YITH Payment Method Restrictions pour WooCommerce Premium 1.32.0"},"content":{"rendered":"<h3>YITH Payment Method Restrictions pour WooCommerce Premium Traits<\/h3>\n<p>Les restrictions de m\u00e9thode de paiement Yith pour WooCommerce Premium sont un plugin extr\u00eamement puissant qui a \u00e9t\u00e9 m\u00e9ticuleusement con\u00e7u pour aider les propri\u00e9taires de magasins en ligne \u00e0 contr\u00f4ler et \u00e0 limiter efficacement les m\u00e9thodes de paiement disponibles pour leurs clients estim\u00e9s. La fonctionnalit\u00e9 in\u00e9gal\u00e9e de ce plugin r\u00e9side dans sa capacit\u00e9 \u00e0 accorder aux propri\u00e9taires des magasins une interface navigable sans effort qui leur accorde la libert\u00e9 de configurer et d&rsquo;\u00e9tablir sans effort un ensemble complet de r\u00e8gles et de conditions qui d\u00e9terminent m\u00e9ticuleusement les m\u00e9thodes de paiement qui peuvent \u00eatre accessibles et utilis\u00e9es par leurs pr\u00e9cieux clients pr\u00e9cieux . Avec l&rsquo;aide des restrictions de m\u00e9thode de paiement Yith pour WooCommerce Premium, les propri\u00e9taires de magasins sont dot\u00e9s de la capacit\u00e9 merveilleuse de restreindre les m\u00e9thodes de paiement bas\u00e9es sur une myriade de facteurs qui incluent, sans s&rsquo;y limiter et un \u00e9ventail \u00e9tendu d&rsquo;autres conditions jug\u00e9es n\u00e9cessaires. Il est d&rsquo;une importance primordiale de reconna\u00eetre le fait que ce plugin r\u00e9volutionnaire offre aux clients une exp\u00e9rience d&rsquo;achat impeccable et sans couture qui est caract\u00e9ris\u00e9e par l&rsquo;affichage exclusivement des m\u00e9thodes de paiement jug\u00e9es accessibles et autoris\u00e9es, selon l&rsquo;ensemble de conditions m\u00e9ticuleusement et judicieusement d\u00e9pens\u00e9 que des conditions ont \u00e9t\u00e9 mis en \u0153uvre par les propri\u00e9taires de magasins. C&rsquo;est donc un imp\u00e9ratif absolu pour tout propri\u00e9taire de magasin en ligne qui aspire \u00e0 fournir \u00e0 leurs clients estim\u00e9s une exp\u00e9rience d&rsquo;achat totalement personnalis\u00e9e pour acqu\u00e9rir imm\u00e9diatement et int\u00e9grer d\u00fbment les restrictions de m\u00e9thode de paiement Yith indispensables pour WooCommerce Premium dans leurs magasins en ligne estim\u00e9s.<\/p>\n<ul>\n<li>Permet aux propri\u00e9taires de sites Web de restreindre les m\u00e9thodes de paiement pour certains produits ou cat\u00e9gories<\/li>\n<li>Offre la possibilit\u00e9 de restreindre les m\u00e9thodes de paiement en fonction des r\u00f4les utilisateur, des pays sp\u00e9cifiques ou des m\u00e9thodes d&rsquo;exp\u00e9dition<\/li>\n<li>Aide \u00e0 pr\u00e9venir les activit\u00e9s frauduleuses et les paiements non autoris\u00e9s<\/li>\n<li>Les messages d&rsquo;erreur personnalisables peuvent \u00eatre affich\u00e9s aux clients qui tentent d&rsquo;utiliser un mode de paiement restreint<\/li>\n<li>Prend en charge toutes les principales passerelles de paiement et extensions WooCommerce<\/li>\n<li>Aucune comp\u00e9tence de codage ou technique requise pour configurer et utiliser<\/li>\n<li>R\u00e9guli\u00e8rement mis \u00e0 jour et soutenu par l&rsquo;\u00e9quipe de d\u00e9veloppement de Yith<\/li>\n<li>Une version premium avec des fonctionnalit\u00e9s et une assistance suppl\u00e9mentaires sont disponibles.<\/li>\n<\/ul>\n","protected":false},"excerpt":{"rendered":"<p>Les restrictions de m\u00e9thode de paiement Yith pour WooCommerce Premium sont un plugin exceptionnel qui poss\u00e8de la capacit\u00e9 de restreindre les m\u00e9thodes de paiement qui sont mises \u00e0 la disposition de vos clients estim\u00e9s tout au long du processus de paiement. En tirant parti des fonctionnalit\u00e9s exceptionnelles offertes par ce plugin, vous aurez la capacit\u00e9 in\u00e9gal\u00e9e \u00e0 \u00e9tablir des r\u00e8gles compl\u00e8tes enracin\u00e9es dans divers facteurs tels que les r\u00f4les utilisateur, les produits, le sous-total de panier et une pl\u00e9thore d&rsquo;autres aspects pivots. En outre, ce plugin vous offre \u00e9galement l&rsquo;occasion remarquable de personnaliser des messages d&rsquo;erreur pour les utilisateurs qui, malgr\u00e9 leurs meilleures intentions, tentent de d\u00e9ployer des m\u00e9thodes de paiement restreintes. On ne peut pas ignorer le fait que ce plugin particulier a \u00e9t\u00e9 m\u00e9ticuleusement con\u00e7u pour vous aider \u00e0 g\u00e9rer avec adroitement les options de paiement dans votre boutique WooCommerce, facilitant ainsi un processus de paiement transparent et rationalis\u00e9.<\/p>\n","protected":false},"featured_media":146401,"comment_status":"open","ping_status":"closed","template":"","meta":[],"product_brand":[2487],"product_cat":[1182,1401,1181],"product_tag":[1437],"class_list":{"0":"post-105976","1":"product","2":"type-product","3":"status-publish","4":"has-post-thumbnail","6":"product_brand-yith","7":"product_cat-commerce-electronique-plugins","8":"product_cat-paiement-commerce-electronique-plugins","9":"product_cat-plugins","10":"product_tag-yith","11":"member-discount","12":"discount-restricted","14":"first","15":"instock","16":"sale","17":"downloadable","18":"virtual","19":"sold-individually","20":"purchasable","21":"product-type-simple"},"_links":{"self":[{"href":"https:\/\/gpl-love.com\/fr\/wp-json\/wp\/v2\/product\/105976","targetHints":{"allow":["GET"]}}],"collection":[{"href":"https:\/\/gpl-love.com\/fr\/wp-json\/wp\/v2\/product"}],"about":[{"href":"https:\/\/gpl-love.com\/fr\/wp-json\/wp\/v2\/types\/product"}],"replies":[{"embeddable":true,"href":"https:\/\/gpl-love.com\/fr\/wp-json\/wp\/v2\/comments?post=105976"}],"wp:featuredmedia":[{"embeddable":true,"href":"https:\/\/gpl-love.com\/fr\/wp-json\/wp\/v2\/media\/146401"}],"wp:attachment":[{"href":"https:\/\/gpl-love.com\/fr\/wp-json\/wp\/v2\/media?parent=105976"}],"wp:term":[{"taxonomy":"product_brand","embeddable":true,"href":"https:\/\/gpl-love.com\/fr\/wp-json\/wp\/v2\/product_brand?post=105976"},{"taxonomy":"product_cat","embeddable":true,"href":"https:\/\/gpl-love.com\/fr\/wp-json\/wp\/v2\/product_cat?post=105976"},{"taxonomy":"product_tag","embeddable":true,"href":"https:\/\/gpl-love.com\/fr\/wp-json\/wp\/v2\/product_tag?post=105976"}],"curies":[{"name":"wp","href":"https:\/\/api.w.org\/{rel}","templated":true}]}}