{"id":105974,"date":"2021-09-13T00:00:00","date_gmt":"2021-09-12T22:00:00","guid":{"rendered":"http:\/\/gpl-love.com\/fr\/product\/yith-adresses-de-livraison-multiples-pour-woocommerce-premium\/"},"modified":"2026-04-18T06:32:04","modified_gmt":"2026-04-18T04:32:04","slug":"yith-multiple-shipping-addresses-for-woocommerce-premium","status":"publish","type":"product","link":"https:\/\/gpl-love.com\/fr\/produit\/yith-multiple-shipping-addresses-for-woocommerce-premium\/","title":{"rendered":"YITH Multiple Shipping Addresses pour WooCommerce Premium 1.2.1"},"content":{"rendered":"<h3>YITH Multiple Shipping Addresses pour WooCommerce Premium Traits<\/h3>\n<p>Les adresses de livraison multiples Yith pour WooCommerce Premium sont un outil incroyablement robuste et tr\u00e8s efficace qui permet aux clients de g\u00e9rer efficacement plusieurs adresses d&rsquo;exp\u00e9dition pour leurs commandes. Ce plugin remarquable garantit que les clients re\u00e7oivent la plus grande commodit\u00e9 et la flexibilit\u00e9 car ils peuvent ajouter, modifier et supprimer sans effort de nombreuses adresses, leur permettant ainsi de s\u00e9lectionner m\u00e9ticuleusement l&rsquo;option d&rsquo;exp\u00e9dition la plus optimale pour chaque commande individuelle. De plus, l&rsquo;installation et l&rsquo;utilisation de ce plugin sont remarquablement transparentes et conviviales, s&rsquo;int\u00e9grant de mani\u00e8re transparente avec la plate-forme WooCommerce. En outre, ce plugin exceptionnel pr\u00e9sente une vaste gamme d&rsquo;options de personnalisation, offrant aux propri\u00e9taires de magasins la possibilit\u00e9 d&rsquo;adapter m\u00e9ticuleusement l&rsquo;exp\u00e9rience d&rsquo;exp\u00e9dition pour s&rsquo;aligner pr\u00e9cis\u00e9ment avec leurs exigences uniques et distinctes. Que l&rsquo;on poss\u00e8de une boutique de commerce \u00e9lectronique colossale ou une boutique en ligne modeste, les adresses de livraison multiples Yith pour WooCommerce Premium sont un outil indispensable et vital pour \u00e9lever consid\u00e9rablement les niveaux de satisfaction des clients et agrandir les chiffres des ventes.<\/p>\n<ul>\n<li>Permet aux clients d&rsquo;exp\u00e9dier facilement des articles \u00e0 plusieurs adresses \u00e0 partir d&rsquo;une seule commande<\/li>\n<li>Offre une exp\u00e9rience d&rsquo;exp\u00e9dition plus flexible et personnalisable pour les clients<\/li>\n<li>Gauche les clients et les tracas lors de l&rsquo;exp\u00e9dition \u00e0 plusieurs emplacements<\/li>\n<li>Augmente la satisfaction et la fid\u00e9lit\u00e9 des clients en offrant une fonctionnalit\u00e9 pratique<\/li>\n<li>Simplifie le processus de gestion des commandes pour les propri\u00e9taires de magasins<\/li>\n<li>Aide les propri\u00e9taires de magasins \u00e0 augmenter les ventes en r\u00e9pondant aux besoins des clients avec plusieurs adresses d&rsquo;exp\u00e9dition<\/li>\n<li>Offre plusieurs options pour les tarifs d&rsquo;exp\u00e9dition et les m\u00e9thodes pour chaque adresse<\/li>\n<li>Compatible avec les passerelles de paiement populaires et les extensions WooCommerce<\/li>\n<li>Facile \u00e0 installer et \u00e0 configurer avec une documentation compl\u00e8te et un support<\/li>\n<li>Assure des mises \u00e0 jour sans tracas et une compatibilit\u00e9 avec les nouvelles versions WooCommerce et WordPress.<\/li>\n<\/ul>\n","protected":false},"excerpt":{"rendered":"<p>Les adresses de livraison multiples Yith pour le plugin Premium WooCommerce sert de solution tr\u00e8s efficace pour les magasins de commerce \u00e9lectronique qui visent \u00e0 optimiser le processus de paiement en offrant diverses options d&rsquo;exp\u00e9dition. En incorporant ce plugin, les clients ont la commodit\u00e9 de s\u00e9lectionner et de stocker sans effort plusieurs adresses d&rsquo;exp\u00e9dition pendant la phase de paiement, \u00e0 acc\u00e9l\u00e9rer finalement le parcours d&rsquo;achat et \u00e0 rationaliser la rencontre globale de l&rsquo;achat. Une caract\u00e9ristique ing\u00e9nieuse de cet outil r\u00e9side dans son int\u00e9gration sans faille avec WooCommerce, permettant aux propri\u00e9taires de magasins en ligne de pr\u00e9senter leur client\u00e8le une adaptabilit\u00e9 accrue, amplifiant ainsi \u00e0 la fois le contentement de la client\u00e8le et la probabilit\u00e9 de convertir les ventes.<\/p>\n","protected":false},"featured_media":146397,"comment_status":"open","ping_status":"closed","template":"","meta":[],"product_brand":[2487],"product_cat":[1183,1182,1181],"product_tag":[1437],"class_list":{"0":"post-105974","1":"product","2":"type-product","3":"status-publish","4":"has-post-thumbnail","6":"product_brand-yith","7":"product_cat-administration","8":"product_cat-commerce-electronique-plugins","9":"product_cat-plugins","10":"product_tag-yith","11":"member-discount","12":"discount-restricted","14":"first","15":"instock","16":"sale","17":"downloadable","18":"virtual","19":"sold-individually","20":"purchasable","21":"product-type-simple"},"_links":{"self":[{"href":"https:\/\/gpl-love.com\/fr\/wp-json\/wp\/v2\/product\/105974","targetHints":{"allow":["GET"]}}],"collection":[{"href":"https:\/\/gpl-love.com\/fr\/wp-json\/wp\/v2\/product"}],"about":[{"href":"https:\/\/gpl-love.com\/fr\/wp-json\/wp\/v2\/types\/product"}],"replies":[{"embeddable":true,"href":"https:\/\/gpl-love.com\/fr\/wp-json\/wp\/v2\/comments?post=105974"}],"wp:featuredmedia":[{"embeddable":true,"href":"https:\/\/gpl-love.com\/fr\/wp-json\/wp\/v2\/media\/146397"}],"wp:attachment":[{"href":"https:\/\/gpl-love.com\/fr\/wp-json\/wp\/v2\/media?parent=105974"}],"wp:term":[{"taxonomy":"product_brand","embeddable":true,"href":"https:\/\/gpl-love.com\/fr\/wp-json\/wp\/v2\/product_brand?post=105974"},{"taxonomy":"product_cat","embeddable":true,"href":"https:\/\/gpl-love.com\/fr\/wp-json\/wp\/v2\/product_cat?post=105974"},{"taxonomy":"product_tag","embeddable":true,"href":"https:\/\/gpl-love.com\/fr\/wp-json\/wp\/v2\/product_tag?post=105974"}],"curies":[{"name":"wp","href":"https:\/\/api.w.org\/{rel}","templated":true}]}}