{"id":105972,"date":"2021-06-02T00:00:00","date_gmt":"2021-06-01T22:00:00","guid":{"rendered":"http:\/\/gpl-love.com\/fr\/product\/yith-chat-en-direct-prime\/"},"modified":"2026-05-10T06:31:53","modified_gmt":"2026-05-10T04:31:53","slug":"yith-live-chat-premium","status":"publish","type":"product","link":"https:\/\/gpl-love.com\/fr\/produit\/yith-live-chat-premium\/","title":{"rendered":"YITH Live Chat Premium 1.5.4"},"content":{"rendered":"<h3>YITH Live Chat Premium Traits<\/h3>\n<p>Yith Live Chat Premium, un plugin de chat avanc\u00e9 pour WordPress, pr\u00e9sente une opportunit\u00e9 remarquable de s&rsquo;engager avec vos clients en temps r\u00e9el. Ce plugin exceptionnel poss\u00e8de une interface remarquablement conviviale qui vous permet de g\u00e9rer sans effort plusieurs conversations simultan\u00e9ment et de fournir un support instantan\u00e9 aux visiteurs de votre site Web estim\u00e9s. Notamment, l&rsquo;inclusion de fen\u00eatres de chat personnalisables, de messages automatis\u00e9s et de la possibilit\u00e9 d&rsquo;acc\u00e9der aux transcriptions de chat contribue \u00e9norm\u00e9ment \u00e0 la facilitation de l&rsquo;engagement client et \u00e0 la r\u00e9solution comp\u00e9tente de leurs pr\u00e9occupations. De plus, l&rsquo;analyse de chat compl\u00e8te et l&rsquo;int\u00e9gration transparente avec des syst\u00e8mes CRM importants offerts par Yith Live Chat Premium vous offrent la capacit\u00e9 inestimable \u00e0 surveiller m\u00e9ticuleusement vos performances de chat et \u00e0 administrer efficacement les donn\u00e9es clients. Que vous soyez le propri\u00e9taire d&rsquo;une boutique de commerce \u00e9lectronique ou d&rsquo;une entreprise bas\u00e9e sur les services, l&rsquo;indispensabilit\u00e9 de Yith Live Chat Premium comme un outil pour \u00e9lever l&rsquo;exp\u00e9rience client et amplifier les ventes est vraiment ind\u00e9niable.<\/p>\n<ul>\n<li>Fonction de chat en temps r\u00e9el pour les visiteurs du site Web<\/li>\n<li>Option pour les visiteurs \u00e0 choisir parmi les messages pr\u00e9d\u00e9finis pour des r\u00e9ponses plus rapides<\/li>\n<li>Personnalisation compl\u00e8te de l&rsquo;apparence et du placement des bo\u00eetes de chat<\/li>\n<li>Int\u00e9gration avec des applications de chat populaires comme WhatsApp et Facebook Messenger<\/li>\n<li>Analytiques et rapports d\u00e9taill\u00e9s sur l&rsquo;utilisation et les performances du chat<\/li>\n<li>Compatibilit\u00e9 avec les appareils mobiles pour le support client sur le pouce<\/li>\n<li>Prise en charge multi-langues pour la port\u00e9e du client mondial<\/li>\n<li>Option pour plusieurs agents pour g\u00e9rer les conversations de chat simultan\u00e9ment<\/li>\n<li>Notifications par e-mail automatiques pour les chats manqu\u00e9s et la messagerie hors ligne<\/li>\n<li>Support technique 24\/7 de l&rsquo;\u00e9quipe Yith.<\/li>\n<\/ul>\n","protected":false},"excerpt":{"rendered":"<p>Yith Live Chat Premium, un impressionnant plugin WordPress de puissance remarquable, vous offre la capacit\u00e9 remarquable pour s&rsquo;engager efficacement avec vos visiteurs de site Web estim\u00e9s en temps r\u00e9el. Gr\u00e2ce \u00e0 son interface exceptionnellement intuitive et \u00e0 ses fonctionnalit\u00e9s remarquablement avanc\u00e9es, vous pouvez communiquer sans effort et sans couture avec vos clients estim\u00e9s, r\u00e9pondre efficacement \u00e0 leurs myriades de requ\u00eates, fournir un support in\u00e9gal\u00e9 et \u00e9lever consid\u00e9rablement votre potentiel de vente. Cette version extr\u00eamement premium est dot\u00e9e d&rsquo;un assortiment de fonctionnalit\u00e9s suppl\u00e9mentaires, y compris, mais sans s&rsquo;y limiter, des messages automatis\u00e9s, des d\u00e9clencheurs personnalis\u00e9s, une prise en charge multilingue et une int\u00e9gration transparente avec divers outils CRM pro\u00e9minents. Par cons\u00e9quent, il \u00e9merge incontestablement comme un outil indispensable et non n\u00e9gociable pour toute entreprise en ligne exigeante pour augmenter consid\u00e9rablement leur exp\u00e9rience client et finalement propulser les conversions en hauteurs in\u00e9gal\u00e9es.<\/p>\n","protected":false},"featured_media":146391,"comment_status":"open","ping_status":"closed","template":"","meta":[],"product_brand":[2487],"product_cat":[1182,1181,1406],"product_tag":[1437],"class_list":{"0":"post-105972","1":"product","2":"type-product","3":"status-publish","4":"has-post-thumbnail","6":"product_brand-yith","7":"product_cat-commerce-electronique-plugins","8":"product_cat-plugins","9":"product_cat-social-commerce-electronique-plugins","10":"product_tag-yith","11":"member-discount","12":"discount-restricted","14":"first","15":"instock","16":"sale","17":"downloadable","18":"virtual","19":"sold-individually","20":"purchasable","21":"product-type-simple"},"_links":{"self":[{"href":"https:\/\/gpl-love.com\/fr\/wp-json\/wp\/v2\/product\/105972","targetHints":{"allow":["GET"]}}],"collection":[{"href":"https:\/\/gpl-love.com\/fr\/wp-json\/wp\/v2\/product"}],"about":[{"href":"https:\/\/gpl-love.com\/fr\/wp-json\/wp\/v2\/types\/product"}],"replies":[{"embeddable":true,"href":"https:\/\/gpl-love.com\/fr\/wp-json\/wp\/v2\/comments?post=105972"}],"wp:featuredmedia":[{"embeddable":true,"href":"https:\/\/gpl-love.com\/fr\/wp-json\/wp\/v2\/media\/146391"}],"wp:attachment":[{"href":"https:\/\/gpl-love.com\/fr\/wp-json\/wp\/v2\/media?parent=105972"}],"wp:term":[{"taxonomy":"product_brand","embeddable":true,"href":"https:\/\/gpl-love.com\/fr\/wp-json\/wp\/v2\/product_brand?post=105972"},{"taxonomy":"product_cat","embeddable":true,"href":"https:\/\/gpl-love.com\/fr\/wp-json\/wp\/v2\/product_cat?post=105972"},{"taxonomy":"product_tag","embeddable":true,"href":"https:\/\/gpl-love.com\/fr\/wp-json\/wp\/v2\/product_tag?post=105972"}],"curies":[{"name":"wp","href":"https:\/\/api.w.org\/{rel}","templated":true}]}}