{"id":105970,"date":"2024-03-23T00:00:00","date_gmt":"2024-03-22T23:00:00","guid":{"rendered":"http:\/\/gpl-love.com\/fr\/product\/yith-infini-scrolling-prime\/"},"modified":"2026-04-18T06:31:58","modified_gmt":"2026-04-18T04:31:58","slug":"yith-infinite-scrolling-premium","status":"publish","type":"product","link":"https:\/\/gpl-love.com\/fr\/produit\/yith-infinite-scrolling-premium\/","title":{"rendered":"YITH Infinite Scrolling Premium 1.29.0"},"content":{"rendered":"<h3>YITH Infinite Scrolling Premium Traits<\/h3>\n<p>Le plugin Premium Yith Infinite Scrolling est une solution de pointe et r\u00e9volutionnaire qui offre aux propri\u00e9taires de sites Web la possibilit\u00e9 d&rsquo;am\u00e9liorer l&rsquo;exp\u00e9rience utilisateur globale en mettant en \u0153uvre le concept r\u00e9volutionnaire de d\u00e9filement infini sur leurs sites Web respectifs. Il est r\u00e9volu le temps d&rsquo;un clic fastidieux et r\u00e9p\u00e9titif sur les liens de pagination, car ce plugin permet aux visiteurs du site Web de parcourir de mani\u00e8re transparente et sans effort via un \u00e9ventail in\u00e9puisable de produits, de publications ou d&rsquo;images. En outre, ce plugin exceptionnel offre aux utilisateurs la flexibilit\u00e9 de personnaliser l&rsquo;animation de chargement en fonction de leurs pr\u00e9f\u00e9rences, leur permettant de s\u00e9lectionner dans une gamme diversifi\u00e9e de styles de chargement qui s&rsquo;int\u00e8grent parfaitement aux \u00e9l\u00e9ments de conception uniques de leur site Web. L&rsquo;installation du plugin premium Yith Infinite Scrolling est une t\u00e2che sans effort qui peut \u00eatre accomplie sur n&rsquo;importe quel site Web WordPress, ce qui en fait un outil indispensable pour les propri\u00e9taires de sites Web aspirant \u00e0 augmenter l&rsquo;engagement des utilisateurs et \u00e0 \u00e9lever l&rsquo;exp\u00e9rience utilisateur globale sur leurs plates-formes estim\u00e9es.<\/p>\n<ul>\n<li>Le plugin Premium Yith Infinite Scrolling est l&rsquo;outil parfait pour les sites Web avec de longues pages, permettant aux utilisateurs de les parcourir facilement.<\/li>\n<li>Le plugin charge automatiquement le nouveau contenu lorsque l&rsquo;utilisateur fait d\u00e9filer la page, ce qui les \u00e9limine de cliquer continuellement sur \u00abSuivant\u00bb ou \u00abCharger plus\u00bb.<\/li>\n<li>Cela am\u00e9liore l&rsquo;exp\u00e9rience utilisateur et peut entra\u00eener une augmentation de l&rsquo;engagement et des temps de navigation plus longs.<\/li>\n<li>Avec Yith Infinite Scrolling Premium, les propri\u00e9taires de sites Web peuvent personnaliser l&rsquo;animation de chargement et les options du nombre de produits \u00e0 afficher par page.<\/li>\n<li>Le plugin est r\u00e9actif, ce qui signifie qu&rsquo;il fonctionne de mani\u00e8re transparente sur tous les appareils et tailles d&rsquo;\u00e9cran.<\/li>\n<li>Yith Infinite Scrolling Premium est compatible avec une gamme de th\u00e8mes et d&rsquo;autres plugins Yith, assurant une int\u00e9gration compl\u00e8te avec votre site Web.<\/li>\n<li>Le plugin est facile \u00e0 installer et \u00e0 utiliser, avec un processus d&rsquo;installation simple et une documentation compl\u00e8te incluse.<\/li>\n<li>Avec des mises \u00e0 jour r\u00e9guli\u00e8res et un support continu, vous pouvez \u00eatre assur\u00e9 que votre Yith Infinite Scrolling Premium continuera de fonctionner de mani\u00e8re transparente avec votre site Web.<\/li>\n<\/ul>\n","protected":false},"excerpt":{"rendered":"<p>Yith Infinite Scrolling Premium, un plugin WordPress con\u00e7u et sophistiqu\u00e9, sert d&rsquo;outil formidable pour les propri\u00e9taires de sites Web cherchant \u00e0 am\u00e9liorer l&rsquo;exp\u00e9rience utilisateur globale. En chargeant sans effort et sans couture du contenu du site Web \u00e0 mesure que les utilisateurs parcourent vers le bas, ce plugin \u00e9radique le besoin de linier de pagination las et long. B\u00e9n\u00e9ficiant d&rsquo;un \u00e9ventail impressionnant de fonctionnalit\u00e9s, Yith Infinite Scrolling Premium permet l&rsquo;int\u00e9gration sans effort d&rsquo;une fonctionnalit\u00e9 de d\u00e9filement infinie dans votre site Web, diminuant ainsi les taux de rebond et favorisant l&rsquo;engagement accru des utilisateurs. De plus, ce plugin s&rsquo;av\u00e8re remarquablement adaptable et harmonieusement compatible avec un vaste assortiment de th\u00e8mes et de plugins WordPress. \u00c9levez les capacit\u00e9s de navigation de votre site Web et parcourez la commodit\u00e9 \u00e0 de nouveaux sommets en adoptant la remarquable Prime de d\u00e9filement de Yith Infinite.<\/p>\n","protected":false},"featured_media":146390,"comment_status":"open","ping_status":"closed","template":"","meta":[],"product_brand":[2487],"product_cat":[1183,1182,1181],"product_tag":[1437],"class_list":{"0":"post-105970","1":"product","2":"type-product","3":"status-publish","4":"has-post-thumbnail","6":"product_brand-yith","7":"product_cat-administration","8":"product_cat-commerce-electronique-plugins","9":"product_cat-plugins","10":"product_tag-yith","11":"member-discount","12":"discount-restricted","14":"first","15":"instock","16":"sale","17":"downloadable","18":"virtual","19":"sold-individually","20":"purchasable","21":"product-type-simple"},"_links":{"self":[{"href":"https:\/\/gpl-love.com\/fr\/wp-json\/wp\/v2\/product\/105970","targetHints":{"allow":["GET"]}}],"collection":[{"href":"https:\/\/gpl-love.com\/fr\/wp-json\/wp\/v2\/product"}],"about":[{"href":"https:\/\/gpl-love.com\/fr\/wp-json\/wp\/v2\/types\/product"}],"replies":[{"embeddable":true,"href":"https:\/\/gpl-love.com\/fr\/wp-json\/wp\/v2\/comments?post=105970"}],"wp:featuredmedia":[{"embeddable":true,"href":"https:\/\/gpl-love.com\/fr\/wp-json\/wp\/v2\/media\/146390"}],"wp:attachment":[{"href":"https:\/\/gpl-love.com\/fr\/wp-json\/wp\/v2\/media?parent=105970"}],"wp:term":[{"taxonomy":"product_brand","embeddable":true,"href":"https:\/\/gpl-love.com\/fr\/wp-json\/wp\/v2\/product_brand?post=105970"},{"taxonomy":"product_cat","embeddable":true,"href":"https:\/\/gpl-love.com\/fr\/wp-json\/wp\/v2\/product_cat?post=105970"},{"taxonomy":"product_tag","embeddable":true,"href":"https:\/\/gpl-love.com\/fr\/wp-json\/wp\/v2\/product_tag?post=105970"}],"curies":[{"name":"wp","href":"https:\/\/api.w.org\/{rel}","templated":true}]}}