{"id":105968,"date":"2021-06-10T00:00:00","date_gmt":"2021-06-09T22:00:00","guid":{"rendered":"http:\/\/gpl-love.com\/fr\/product\/yith-google-rss-produit-pour-woocommerce-prime\/"},"modified":"2026-04-18T06:31:57","modified_gmt":"2026-04-18T04:31:57","slug":"yith-google-product-feed-for-woocommerce-premium","status":"publish","type":"product","link":"https:\/\/gpl-love.com\/fr\/produit\/yith-google-product-feed-for-woocommerce-premium\/","title":{"rendered":"YITH Google Product Feed pour WooCommerce Premium 1.1.22"},"content":{"rendered":"<h3>YITH Google Product Feed pour WooCommerce Premium Traits<\/h3>\n<p>Yith Google Product Feed pour WooCommerce Premium est un outil incroyablement robuste et influent qui offre aux propri\u00e9taires de magasins en ligne la capacit\u00e9 extraordinaire de cr\u00e9er et d&rsquo;administrer des flux de produits sp\u00e9cialement con\u00e7us pour l&rsquo;utilisation sur Google Shopping. Ce plugin extraordinaire est apte \u00e0 g\u00e9n\u00e9rer automatiquement et \u00e0 mettre \u00e0 jour perp\u00e9tuellement les flux de donn\u00e9es sur les produits, ce qui permet aux commer\u00e7ants d&rsquo;optimiser m\u00e9ticuleusement leurs listes de produits et d&rsquo;am\u00e9liorer leur visibilit\u00e9 globale en ligne, le tout sans n\u00e9cessiter aucune comp\u00e9tence technique ou expertise sp\u00e9cialis\u00e9e. En tirant parti des capacit\u00e9s remarquables du flux de produits de Yith Google, les utilisateurs sont en mesure de construire et de compiler les listes de produits, d&rsquo;ex\u00e9cuter la cr\u00e9ation de champs personnalis\u00e9s et d&rsquo;allouer de mani\u00e8re transparente les attributs de produits en alignement pr\u00e9cis avec les cat\u00e9gories de shopping Google. En outre, ce plugin exceptionnel int\u00e8gre \u00e9galement des fonctionnalit\u00e9s avanc\u00e9es telles que le support complet pour les produits variables, la capacit\u00e9 d&rsquo;exclure des produits qui sont jug\u00e9s non pertinents ou incongrus, et une pl\u00e9thore d&rsquo;options de filtrage sophistiqu\u00e9es qui garantissent que les produits uniquement pertinents et ajust\u00e9s sont complets dans le flux dans le flux lui-m\u00eame. Il suffit de dire que le flux de produits de Yith Google pour WooCommerce Premium repr\u00e9sente un outil indispensable de la plus grande importance et de la plus grande valeur pour tout propri\u00e9taire de magasin de commerce \u00e9lectronique industrieux et avant-gardiste qui aspire \u00e0 augmenter consid\u00e9rablement sa pr\u00e9sence en ligne et \u00e0 g\u00e9n\u00e9rer avec succ\u00e8s un afflux accru de haute qualit\u00e9 de haute qualit\u00e9 trafic vers leur site Web estim\u00e9.<\/p>\n<ul>\n<li>G\u00e9n\u00e8re un flux complet de vos produits WooCommerce \u00e0 Google Merchant Center<\/li>\n<li>Vous permet d&rsquo;optimiser les informations de votre produit pour une meilleure visibilit\u00e9 des achats Google<\/li>\n<li>Prend en charge les produits simples et variables, y compris plusieurs variations et attributs<\/li>\n<li>Offre des options de cartographie personnalis\u00e9es pour assurer un transfert pr\u00e9cis de donn\u00e9es entre votre magasin et Google Merchant Center<\/li>\n<li>Met automatiquement \u00e0 jour votre flux de produits pour refl\u00e9ter toutes les modifications apport\u00e9es \u00e0 votre magasin<\/li>\n<li>Fournit des journaux d\u00e9taill\u00e9s pour le d\u00e9pannage et la surveillance des mises \u00e0 jour des flux<\/li>\n<li>Comprend une interface conviviale pour une facilit\u00e9 d&rsquo;utilisation<\/li>\n<li>Aide \u00e0 augmenter la visibilit\u00e9 de votre produit et \u00e0 attirer plus de clients potentiels<\/li>\n<li>Compatible avec une large gamme de th\u00e8mes et d&rsquo;extensions WooCommerce<\/li>\n<li>Fournit un support technique d\u00e9di\u00e9 aux utilisateurs premium.<\/li>\n<\/ul>\n","protected":false},"excerpt":{"rendered":"<p>Le flux de produits Yith Google pour WooCommerce Premium est un outil extr\u00eamement puissant et formidable qui sert \u00e0 aider les propri\u00e9taires de magasins en ligne en faveur de la promotion efficace et efficacement de leur vaste gamme de produits sur la plate-forme de renomm\u00e9e mondiale, Google Shopping. Ce plugin de qualit\u00e9 sup\u00e9rieure est dot\u00e9 de la capacit\u00e9 unique de g\u00e9n\u00e9rer avec autorit\u00e9 un flux XML remarquablement d\u00e9taill\u00e9 et complet qui adh\u00e8re pr\u00e9cis\u00e9ment aux directives m\u00e9ticuleuses de Google, garantissant ainsi un niveau de compatibilit\u00e9 impeccable avec leur plate-forme illustre. En se pr\u00e9voyant de ce produit exceptionnel, les clients exigeants ont la possibilit\u00e9 extraordinaire de surveiller sans effort et syst\u00e9matiquement les performances de leur \u00e9ventail de produits diversifi\u00e9s, leur permettant ainsi de examiner, d&rsquo;analyser et d&rsquo;optimiser leurs listes respectives en vue d&rsquo;atteindre une visibilit\u00e9 et une visibilit\u00e9 sans pr\u00e9c\u00e9dent et , en fin de compte, un niveau de rentabilit\u00e9 qui n&rsquo;est rien de moins que extraordinaire. Par cons\u00e9quent, il devient absolument \u00e9vident que le flux de produits de Yith Google pour WooCommerce Premium est une solution inestimable et indispensable pour toute entreprise de commerce \u00e9lectronique astucieuse et entreprenante qui abrite un d\u00e9sir fervent de tirer parti de la port\u00e9e in\u00e9branlable et sans limites de la magnifique plateforme de Google pour engendrer un afflux substantiel d&rsquo;afflux substantiel et in\u00e9gal Le trafic et une augmentation correspondante des ventes de leur entreprise estim\u00e9e.<\/p>\n","protected":false},"featured_media":146389,"comment_status":"open","ping_status":"closed","template":"","meta":[],"product_brand":[2487],"product_cat":[1182,1200,1181],"product_tag":[1437],"class_list":{"0":"post-105968","1":"product","2":"type-product","3":"status-publish","4":"has-post-thumbnail","6":"product_brand-yith","7":"product_cat-commerce-electronique-plugins","8":"product_cat-commercialisation","9":"product_cat-plugins","10":"product_tag-yith","11":"member-discount","12":"discount-restricted","14":"first","15":"instock","16":"sale","17":"downloadable","18":"virtual","19":"sold-individually","20":"purchasable","21":"product-type-simple"},"_links":{"self":[{"href":"https:\/\/gpl-love.com\/fr\/wp-json\/wp\/v2\/product\/105968","targetHints":{"allow":["GET"]}}],"collection":[{"href":"https:\/\/gpl-love.com\/fr\/wp-json\/wp\/v2\/product"}],"about":[{"href":"https:\/\/gpl-love.com\/fr\/wp-json\/wp\/v2\/types\/product"}],"replies":[{"embeddable":true,"href":"https:\/\/gpl-love.com\/fr\/wp-json\/wp\/v2\/comments?post=105968"}],"wp:featuredmedia":[{"embeddable":true,"href":"https:\/\/gpl-love.com\/fr\/wp-json\/wp\/v2\/media\/146389"}],"wp:attachment":[{"href":"https:\/\/gpl-love.com\/fr\/wp-json\/wp\/v2\/media?parent=105968"}],"wp:term":[{"taxonomy":"product_brand","embeddable":true,"href":"https:\/\/gpl-love.com\/fr\/wp-json\/wp\/v2\/product_brand?post=105968"},{"taxonomy":"product_cat","embeddable":true,"href":"https:\/\/gpl-love.com\/fr\/wp-json\/wp\/v2\/product_cat?post=105968"},{"taxonomy":"product_tag","embeddable":true,"href":"https:\/\/gpl-love.com\/fr\/wp-json\/wp\/v2\/product_tag?post=105968"}],"curies":[{"name":"wp","href":"https:\/\/api.w.org\/{rel}","templated":true}]}}