{"id":105966,"date":"2021-09-13T00:00:00","date_gmt":"2021-09-12T22:00:00","guid":{"rendered":"http:\/\/gpl-love.com\/fr\/product\/yith-geoip-langue-redirect-pour-woocommerce-premium\/"},"modified":"2026-04-18T06:31:55","modified_gmt":"2026-04-18T04:31:55","slug":"yith-geoip-language-redirect-for-woocommerce-premium","status":"publish","type":"product","link":"https:\/\/gpl-love.com\/fr\/produit\/yith-geoip-language-redirect-for-woocommerce-premium\/","title":{"rendered":"YITH GeoIP Language Redirect pour WooCommerce Premium 1.1.4"},"content":{"rendered":"<h3>YITH GeoIP Language Redirect pour WooCommerce Premium Traits<\/h3>\n<p>La redirection du langage Yith Geoip pour WooCommerce Premium est un outil exceptionnellement robuste et puissant qui permet aux marchands en ligne d&rsquo;offrir leurs estimes de commerce de commerce vraiment personnalis\u00e9s. En discernant et en pincement habilement l&#8217;emplacement g\u00e9ographique exact de chaque visiteur, ce plugin remarquable poss\u00e8de la capacit\u00e9 de les rediriger de mani\u00e8re transparente et sans effort vers la version en langue pr\u00e9cise et appropri\u00e9e du site Web. Par cons\u00e9quent, cette caract\u00e9ristique ing\u00e9nieuse permet aux clients de parcourir et d&rsquo;acheter des produits dans leur langue maternelle, allumant et favorisant ainsi les niveaux d&rsquo;engagement accrus, renforcer les taux de conversion et, finalement, cultivant une exp\u00e9rience utilisateur in\u00e9gal\u00e9e qui d\u00e9passe toutes les attentes. De plus, le processus d&rsquo;installation et de configuration de ce plugin exceptionnel est une brise absolue, ce qui le rend une option incroyablement conviviale et facilement navigable pour tous les marchands. De plus, il s&rsquo;int\u00e8gre harmonieusement avec et fonctionne parfaitement dans tous les th\u00e8mes et extensions WooCommerce, assurant une interaction transparente et fluide. Par cons\u00e9quent, que vous soyez \u00e0 la t\u00eate d&rsquo;une boutique en ligne de renomm\u00e9e mondiale s&rsquo;adressant aux clients de tous les coins du monde, ou si vous vous concentrez sur la restauration d&rsquo;une r\u00e9gion g\u00e9ographique sp\u00e9cifique et d\u00e9finie, la redirection du langage Yith GeoIp pour WooCommerce premium et efficacement et efficacement Vous aide \u00e0 atteindre, captivant et vous engager efficacement avec votre public cible d&rsquo;une mani\u00e8re qui n&rsquo;est rien de moins que extraordinaire et exemplaire.<\/p>\n<ul>\n<li>La technologie GEOIP avanc\u00e9e utilis\u00e9e pour d\u00e9tecter l&#8217;emplacement de l&rsquo;utilisateur<\/li>\n<li>Redirige les utilisateurs vers la version linguistique de votre site Web qui correspond \u00e0 leur emplacement<\/li>\n<li>Permet la personnalisation des r\u00e8gles et des exceptions de redirection<\/li>\n<li>Option pour rediriger les utilisateurs vers une version de langue par d\u00e9faut si leur emplacement ne peut pas \u00eatre d\u00e9termin\u00e9<\/li>\n<li>Compatible avec les plugins et th\u00e8mes populaires<\/li>\n<li>Stimule l&rsquo;exp\u00e9rience utilisateur et am\u00e9liore les taux de conversion en pr\u00e9sentant du contenu dans la langue maternelle de l&rsquo;utilisateur<\/li>\n<li>\u00c9conomise du temps et des efforts pour les entreprises internationales en automatisant la redirection du langage<\/li>\n<li>Interface hautement r\u00e9active et conviviale pour une configuration et une gestion faciles<\/li>\n<li>Mises \u00e0 jour r\u00e9guli\u00e8res et support technique fourni par Yith, un d\u00e9veloppeur de confiance des plugins WooCommerce.<\/li>\n<\/ul>\n","protected":false},"excerpt":{"rendered":"<p>La redirection du langage Yith Geoip pour le plugin Premium WooCommerce vous accorde la capacit\u00e9 de diriger sans effort les visiteurs vers l&rsquo;\u00e9dition linguistique souhait\u00e9e de votre site Web, selon leur emplacement g\u00e9ographique. Ce plugin convivial facilite non seulement mais \u00e9l\u00e8ve \u00e9galement l&rsquo;exp\u00e9rience utilisateur globale. En utilisant le langage de Yith Geoip rediriger pour WooCommerce Premium, vous pouvez efficacement r\u00e9pondre \u00e0 vos clients en fonction de leur emplacement sp\u00e9cifique, leur accordant ainsi l&rsquo;acc\u00e8s \u00e0 leur langue pr\u00e9f\u00e9r\u00e9e, et en fin de compte \u00e0 une augmentation importante des taux de vente et de conversion.<\/p>\n","protected":false},"featured_media":146387,"comment_status":"open","ping_status":"closed","template":"","meta":[],"product_brand":[2487],"product_cat":[1183,1182,1181],"product_tag":[1437],"class_list":{"0":"post-105966","1":"product","2":"type-product","3":"status-publish","4":"has-post-thumbnail","6":"product_brand-yith","7":"product_cat-administration","8":"product_cat-commerce-electronique-plugins","9":"product_cat-plugins","10":"product_tag-yith","11":"member-discount","12":"discount-restricted","14":"first","15":"instock","16":"sale","17":"downloadable","18":"virtual","19":"sold-individually","20":"purchasable","21":"product-type-simple"},"_links":{"self":[{"href":"https:\/\/gpl-love.com\/fr\/wp-json\/wp\/v2\/product\/105966","targetHints":{"allow":["GET"]}}],"collection":[{"href":"https:\/\/gpl-love.com\/fr\/wp-json\/wp\/v2\/product"}],"about":[{"href":"https:\/\/gpl-love.com\/fr\/wp-json\/wp\/v2\/types\/product"}],"replies":[{"embeddable":true,"href":"https:\/\/gpl-love.com\/fr\/wp-json\/wp\/v2\/comments?post=105966"}],"wp:featuredmedia":[{"embeddable":true,"href":"https:\/\/gpl-love.com\/fr\/wp-json\/wp\/v2\/media\/146387"}],"wp:attachment":[{"href":"https:\/\/gpl-love.com\/fr\/wp-json\/wp\/v2\/media?parent=105966"}],"wp:term":[{"taxonomy":"product_brand","embeddable":true,"href":"https:\/\/gpl-love.com\/fr\/wp-json\/wp\/v2\/product_brand?post=105966"},{"taxonomy":"product_cat","embeddable":true,"href":"https:\/\/gpl-love.com\/fr\/wp-json\/wp\/v2\/product_cat?post=105966"},{"taxonomy":"product_tag","embeddable":true,"href":"https:\/\/gpl-love.com\/fr\/wp-json\/wp\/v2\/product_tag?post=105966"}],"curies":[{"name":"wp","href":"https:\/\/api.w.org\/{rel}","templated":true}]}}