{"id":105964,"date":"2026-04-07T00:00:00","date_gmt":"2026-04-06T22:00:00","guid":{"rendered":"http:\/\/gpl-love.com\/fr\/product\/yith-frontend-manager-pour-woocommerce-prime\/"},"modified":"2026-04-18T06:31:54","modified_gmt":"2026-04-18T04:31:54","slug":"yith-frontend-manager-for-woocommerce-premium","status":"publish","type":"product","link":"https:\/\/gpl-love.com\/fr\/produit\/yith-frontend-manager-for-woocommerce-premium\/","title":{"rendered":"YITH Frontend Manager pour WooCommerce Premium 1.57.0"},"content":{"rendered":"<h3>YITH Frontend Manager pour WooCommerce Premium Traits<\/h3>\n<p>Yith Frontend Manager pour WooCommerce Premium est un plugin exceptionnellement robuste sp\u00e9cifiquement con\u00e7u pour optimiser et amplifier les capacit\u00e9s op\u00e9rationnelles des sites Web WooCommerce. Ce plugin permet efficacement aux utilisateurs d&rsquo;administrer sans effort une myriade de facettes critiques relatives \u00e0 leurs magasins en ligne, tout au long d&rsquo;une interface frontale intuitive. Parmi son \u00e9ventail impressionnant de fonctionnalit\u00e9s, ce plugin accorde aux utilisateurs la possibilit\u00e9 de ajouter, de modifier et d&rsquo;\u00e9liminer les produits, les cat\u00e9gories de produits, les balises et les attributs de produits. De plus, il confonde les utilisateurs avec une flexibilit\u00e9 in\u00e9gal\u00e9e pour adapter m\u00e9ticuleusement les pages de produits \u00e0 leurs sp\u00e9cifications pr\u00e9cises, englobant des options de personnalisation profondes pour les images, les descriptions et les prix. De plus, ce plugin facilite la gestion transparente des commandes des clients, englobant une vaste gamme de fonctionnalit\u00e9s essentielles telles que les mises \u00e0 jour de l&rsquo;\u00e9tat des commandes, les remboursements et m\u00eame la gestion comp\u00e9tente des informations clients. Les capacit\u00e9s sans \u00e9gal du gestionnaire de Yith Frontend pour WooCommerce Premium permettent aux propri\u00e9taires de magasins en ligne sans \u00e9quip\u00e9s d&rsquo;atteindre une domination absolue sur la gestion de leur emporium num\u00e9rique, donnant finalement une exp\u00e9rience extraordinaire et in\u00e9gal\u00e9e \u00e0 la fois sur le propri\u00e9taire du magasin et \u00e0 la client\u00e8le.<\/p>\n<ul>\n<li>Permet aux propri\u00e9taires de magasins de g\u00e9rer leur magasin WooCommerce directement depuis le frontal<\/li>\n<li>Donne aux utilisateurs la possibilit\u00e9 de modifier des produits, des commandes, des coupons, et plus \u00e0 partir d&rsquo;une interface simple<\/li>\n<li>Int\u00e8gre de mani\u00e8re transparente avec votre boutique WooCommerce, sans codage requis<\/li>\n<li>Propose des fonctionnalit\u00e9s avanc\u00e9es comme la personnalisation du tableau de bord, la d\u00e9finition des r\u00f4les et des autorisations utilisateur, et plus<\/li>\n<li>Augmente la productivit\u00e9 en gagnant du temps et en rationalisant la gestion des magasins<\/li>\n<li>Stimule la satisfaction du client en permettant des modifications et des ajustements rapides et \u00e0 la vol\u00e9e au magasin<\/li>\n<li>Compatible avec tous les th\u00e8mes et plugins WooCommerce, pour une flexibilit\u00e9 et une personnalisation maximales<\/li>\n<\/ul>\n","protected":false},"excerpt":{"rendered":"<p>Yith Frontend Manager pour WooCommerce Premium est un plugin extr\u00eamement puissant et exceptionnellement convivial sp\u00e9cialement con\u00e7u pour r\u00e9pondre aux besoins des sites Web WooCommerce. Avec l&rsquo;utilisation de ce plugin remarquable, vous avez la capacit\u00e9 d&rsquo;administrer et de personnaliser sans effort et efficacement le frontage de votre boutique en ligne sans n\u00e9cessiter de codage. Il offre aux vendeurs l&rsquo;avantage unique de g\u00e9rer leurs propres produits, commandes et clients directement du frontend, vous offrant ainsi un temps pr\u00e9cieux pour allouer \u00e0 la croissance et \u00e0 l&rsquo;expansion de votre entreprise. En outre, le gestionnaire de Yith Frontend pour WooCommerce Premium \u00e9tend une impressionnante gamme de fonctionnalit\u00e9s avanc\u00e9es, englobant les fonctionnalit\u00e9s de chat en direct, les capacit\u00e9s d&rsquo;examen des produits et l&rsquo;incorporation d&rsquo;un nombre illimit\u00e9 de variations de produits, qui servent toutes \u00e0 augmenter et \u00e0 enrichir l&rsquo;exp\u00e9rience d&rsquo;achat globale pour votre clients estim\u00e9s. Que vous poss\u00e9diez une expertise minimale ou que vous soyez un utilisateur accompli de WooCommerce, soyez assur\u00e9 que Yith Frontend Manager pour WooCommerce Premium est pr\u00eat \u00e0 faciliter l&rsquo;optimisation et la rationalisation de vos efforts de gestion de magasin, ce qui entra\u00eene une augmentation remarquable de vos chiffres de vente.<\/p>\n","protected":false},"featured_media":146386,"comment_status":"open","ping_status":"closed","template":"","meta":[],"product_brand":[2487],"product_cat":[1183,1182,1181],"product_tag":[1437],"class_list":{"0":"post-105964","1":"product","2":"type-product","3":"status-publish","4":"has-post-thumbnail","6":"product_brand-yith","7":"product_cat-administration","8":"product_cat-commerce-electronique-plugins","9":"product_cat-plugins","10":"product_tag-yith","11":"member-discount","12":"discount-restricted","14":"first","15":"instock","16":"sale","17":"downloadable","18":"virtual","19":"sold-individually","20":"purchasable","21":"product-type-simple"},"_links":{"self":[{"href":"https:\/\/gpl-love.com\/fr\/wp-json\/wp\/v2\/product\/105964","targetHints":{"allow":["GET"]}}],"collection":[{"href":"https:\/\/gpl-love.com\/fr\/wp-json\/wp\/v2\/product"}],"about":[{"href":"https:\/\/gpl-love.com\/fr\/wp-json\/wp\/v2\/types\/product"}],"replies":[{"embeddable":true,"href":"https:\/\/gpl-love.com\/fr\/wp-json\/wp\/v2\/comments?post=105964"}],"wp:featuredmedia":[{"embeddable":true,"href":"https:\/\/gpl-love.com\/fr\/wp-json\/wp\/v2\/media\/146386"}],"wp:attachment":[{"href":"https:\/\/gpl-love.com\/fr\/wp-json\/wp\/v2\/media?parent=105964"}],"wp:term":[{"taxonomy":"product_brand","embeddable":true,"href":"https:\/\/gpl-love.com\/fr\/wp-json\/wp\/v2\/product_brand?post=105964"},{"taxonomy":"product_cat","embeddable":true,"href":"https:\/\/gpl-love.com\/fr\/wp-json\/wp\/v2\/product_cat?post=105964"},{"taxonomy":"product_tag","embeddable":true,"href":"https:\/\/gpl-love.com\/fr\/wp-json\/wp\/v2\/product_tag?post=105964"}],"curies":[{"name":"wp","href":"https:\/\/api.w.org\/{rel}","templated":true}]}}