{"id":105962,"date":"2025-09-01T00:00:00","date_gmt":"2025-08-31T22:00:00","guid":{"rendered":"http:\/\/gpl-love.com\/fr\/product\/yith-faq-plugin-pour-premium-wordpress\/"},"modified":"2026-04-18T06:31:51","modified_gmt":"2026-04-18T04:31:51","slug":"yith-faq-plugin-for-wordpress-premium","status":"publish","type":"product","link":"https:\/\/gpl-love.com\/fr\/produit\/yith-faq-plugin-for-wordpress-premium\/","title":{"rendered":"YITH FAQ Plugin pour WordPress Premium 2.36.0"},"content":{"rendered":"<h3>YITH FAQ Plugin pour WordPress Premium Traits<\/h3>\n<p>Le plugin Yith FAQ pour WordPress Premium, un formidable outil m\u00e9ticuleusement con\u00e7u pour am\u00e9liorer l&rsquo;exp\u00e9rience utilisateur de votre site Web, offre un moyen transparent et opportun d&rsquo;acc\u00e9der aux questions fr\u00e9quemment pos\u00e9es. Ce plugin remarquable, offrant une interface conviviale et une pl\u00e9thore d&rsquo;options personnalisables, vous permet de construire sans effort un vaste r\u00e9f\u00e9rentiel de requ\u00eates et de r\u00e9ponses correspondantes. En outre, il facilite la classification de ces demandes pour garantir la navigation sans effort, tout en offrant la flexibilit\u00e9 de les pr\u00e9senter dans un \u00e9ventail de formats, y compris des d\u00e9parts, des onglets et des grilles de style accord\u00e9on. De plus, ce plugin ing\u00e9nieux est \u00e9quip\u00e9 de fonctionnalit\u00e9s de recherche et de filtrage avanc\u00e9es, guidant ainsi rapidement les utilisateurs vers les solutions qu&rsquo;ils recherchent. Pour couronner le tout, sa conception r\u00e9active garantit une section FAQ esth\u00e9tiquement agr\u00e9able, quel que soit l&rsquo;appareil utilis\u00e9. Que vous vous trouviez \u00e0 la t\u00eate d&rsquo;un emporium de commerce \u00e9lectronique, d&rsquo;un blog r\u00e9put\u00e9 ou d&rsquo;un site Web d&rsquo;entreprise, soyez assur\u00e9 que le plugin Yith FAQ est un ajout inestimable, pr\u00eat \u00e0 accro\u00eetre la satisfaction des clients et \u00e0 soulager le fardeau des demandes de soutien.<\/p>\n<ul>\n<li>Simplifie et am\u00e9liore l&rsquo;exp\u00e9rience utilisateur pour les pages FAQ sur les sites Web WordPress<\/li>\n<li>Permet une organisation et une personnalisation faciles des cat\u00e9gories et des questions FAQ<\/li>\n<li>Offre un design r\u00e9actif et \u00e9l\u00e9gant pour les pages FAQ qui sont conviviales<\/li>\n<li>Fournit de nombreuses options de personnalisation pour les dispositions, les sch\u00e9mas de couleurs et les polices<\/li>\n<li>Propr\u00e9e facilement des sites Web multilingues, offrant des options de traduction pour le contenu FAQ<\/li>\n<li>Offre une int\u00e9gration facile avec des plugins de g\u00e9n\u00e9rateur de pages populaires comme Elementor et Divi<\/li>\n<li>Documentation compl\u00e8te et soutien pr\u00e9vu pour la mise en place et le d\u00e9pannage<\/li>\n<li>Comprend des fonctionnalit\u00e9s avanc\u00e9es comme la recherche de la FAQ, l&rsquo;affichage du style accord\u00e9on et le syst\u00e8me de notation pour des r\u00e9ponses utiles<\/li>\n<li>Am\u00e9liore le r\u00e9f\u00e9rencement du site Web en offrant des donn\u00e9es structur\u00e9es pour les r\u00e9sultats de recherche Google<\/li>\n<li>R\u00e9guli\u00e8rement mis \u00e0 jour avec de nouvelles fonctionnalit\u00e9s et compatibilit\u00e9 avec les derni\u00e8res versions WordPress<\/li>\n<li>Premium Version propose des fonctionnalit\u00e9s suppl\u00e9mentaires telles que le widget FAQ et le contr\u00f4le d&rsquo;acc\u00e8s bas\u00e9 sur les r\u00f4les pour le personnel d&rsquo;assistance.<\/li>\n<\/ul>\n","protected":false},"excerpt":{"rendered":"<p>Le plugin Yith FAQ pour WordPress Premium est un outil incroyablement sophistiqu\u00e9 m\u00e9ticuleusement con\u00e7u pour \u00e9lever et enrichir l&rsquo;exp\u00e9rience du support client sur votre site Web estim\u00e9. En simplifiant et en rationalisant la cr\u00e9ation et la gestion des questions fr\u00e9quemment pos\u00e9es (FAQ) sur votre plate-forme, ce plugin remarquable permet \u00e0 votre pr\u00e9cieuse client\u00e8le d&rsquo;obtenir rapidement et sans effort sans effort leurs demandes. M\u00e9langeant de mani\u00e8re transparente avec la conception existante de votre site Web, le plugin Yith FAQ poss\u00e8de une disposition enti\u00e8rement personnalisable et une conception remarquablement r\u00e9active, garantissant une int\u00e9gration transparente et harmonieuse qui garantit une rencontre intuitive et conviviale pour chaque visiteur. L&rsquo;inclusion de fonctionnalit\u00e9s premium, telles que la capacit\u00e9 d&rsquo;incorporer des \u00e9l\u00e9ments multim\u00e9dias, de s&rsquo;int\u00e8gre de mani\u00e8re transparente aux produits WooCommerce et d&rsquo;\u00e9tablir des notifications automatiques, augmenter d\u00fbment la fonctionnalit\u00e9 globale et les prouesses de la section FAQ de votre site Web. Pascez le temps et entreprenez un voyage \u00e9lev\u00e9 de support client sublime en adoptant les capacit\u00e9s in\u00e9gal\u00e9es du plugin Yith FAQ pour WordPress Premium aujourd&rsquo;hui.<\/p>\n","protected":false},"featured_media":146383,"comment_status":"open","ping_status":"closed","template":"","meta":[],"product_brand":[2487],"product_cat":[1183,1182,1181],"product_tag":[1437],"class_list":{"0":"post-105962","1":"product","2":"type-product","3":"status-publish","4":"has-post-thumbnail","6":"product_brand-yith","7":"product_cat-administration","8":"product_cat-commerce-electronique-plugins","9":"product_cat-plugins","10":"product_tag-yith","11":"member-discount","12":"discount-restricted","14":"first","15":"instock","16":"sale","17":"downloadable","18":"virtual","19":"sold-individually","20":"purchasable","21":"product-type-simple"},"_links":{"self":[{"href":"https:\/\/gpl-love.com\/fr\/wp-json\/wp\/v2\/product\/105962","targetHints":{"allow":["GET"]}}],"collection":[{"href":"https:\/\/gpl-love.com\/fr\/wp-json\/wp\/v2\/product"}],"about":[{"href":"https:\/\/gpl-love.com\/fr\/wp-json\/wp\/v2\/types\/product"}],"replies":[{"embeddable":true,"href":"https:\/\/gpl-love.com\/fr\/wp-json\/wp\/v2\/comments?post=105962"}],"wp:featuredmedia":[{"embeddable":true,"href":"https:\/\/gpl-love.com\/fr\/wp-json\/wp\/v2\/media\/146383"}],"wp:attachment":[{"href":"https:\/\/gpl-love.com\/fr\/wp-json\/wp\/v2\/media?parent=105962"}],"wp:term":[{"taxonomy":"product_brand","embeddable":true,"href":"https:\/\/gpl-love.com\/fr\/wp-json\/wp\/v2\/product_brand?post=105962"},{"taxonomy":"product_cat","embeddable":true,"href":"https:\/\/gpl-love.com\/fr\/wp-json\/wp\/v2\/product_cat?post=105962"},{"taxonomy":"product_tag","embeddable":true,"href":"https:\/\/gpl-love.com\/fr\/wp-json\/wp\/v2\/product_tag?post=105962"}],"curies":[{"name":"wp","href":"https:\/\/api.w.org\/{rel}","templated":true}]}}