{"id":105960,"date":"2024-03-11T00:00:00","date_gmt":"2024-03-10T23:00:00","guid":{"rendered":"http:\/\/gpl-love.com\/fr\/product\/yith-event-tickets-pour-woocommerce-prime\/"},"modified":"2026-04-18T06:31:50","modified_gmt":"2026-04-18T04:31:50","slug":"yith-event-tickets-for-woocommerce-premium","status":"publish","type":"product","link":"https:\/\/gpl-love.com\/fr\/produit\/yith-event-tickets-for-woocommerce-premium\/","title":{"rendered":"YITH Event Tickets pour WooCommerce Premium 1.34.0"},"content":{"rendered":"<h3>YITH Event Tickets pour WooCommerce Premium Traits<\/h3>\n<p>Les billets d&rsquo;\u00e9v\u00e9nement Yith pour WooCommerce Premium s&rsquo;av\u00e8re \u00eatre un plugin extr\u00eamement robuste qui vous accorde la possibilit\u00e9 de commercialiser des billets pour une vaste gamme d&rsquo;\u00e9v\u00e9nements, que ce soit des concerts, des rassemblements ou toute autre occasion similaire, qui peuvent \u00eatre effectu\u00e9es directement \u00e0 partir de votre WooCommerce magasin. En raison de son interface remarquablement conviviale, vous avez la plus grande commodit\u00e9 lorsqu&rsquo;il s&rsquo;agit d&rsquo;\u00e9laborer et de g\u00e9rer des \u00e9v\u00e9nements, de fixer les prix des billets et la disponibilit\u00e9, et m\u00eame de concevoir des types de billets sur mesure. De plus, le r\u00e9pertoire de ce plugin englobe une pl\u00e9thore de fonctionnalit\u00e9s, englobant les notifications par e-mail, les fonctionnalit\u00e9s de balayage \u00e0 barres et la capacit\u00e9 de modifier des mod\u00e8les de billets pour le contenu de votre c\u0153ur. En cons\u00e9quence, c&rsquo;est la r\u00e9ponse ultime pour toute entreprise d\u00e9sireuse de rationaliser le processus de billetterie pour leurs \u00e9v\u00e9nements. Que vous orchestrant une immense conf\u00e9rence ou une affaire locale plus intime, les billets d&rsquo;\u00e9v\u00e9nements Yith pour WooCommerce Premium \u00e9mergent sans aucun doute comme un instrument indispensable pour tout organisateur d&rsquo;\u00e9v\u00e9nements qui vaut leur sel.<\/p>\n<ul>\n<li>Permet aux utilisateurs de cr\u00e9er et de vendre des billets pour les \u00e9v\u00e9nements directement \u00e0 partir de leur magasin WooCommerce<\/li>\n<li>Conceptions et mod\u00e8les de billets personnalisables pour correspondre \u00e0 chaque \u00e9v\u00e9nement<\/li>\n<li>Gestion facile des ventes de billets, y compris les billets de suivi et de num\u00e9risation \u00e0 l&rsquo;entr\u00e9e de l&rsquo;\u00e9v\u00e9nement<\/li>\n<li>Int\u00e9gration avec des passerelles de paiement populaires pour les transactions en ligne s\u00e9curis\u00e9es<\/li>\n<li>Options de d\u00e9finition des limites de capacit\u00e9 d&rsquo;\u00e9v\u00e9nement et des niveaux de tarification des billets<\/li>\n<li>Int\u00e9gration transparente avec WooCommerce pour g\u00e9rer tous les aspects des ventes de billets de votre tableau de bord<\/li>\n<li>Les fonctionnalit\u00e9s compl\u00e9mentaires incluent les formulaires d&rsquo;inscription des participants personnalisables et les mod\u00e8les de messagerie pour la communication d&rsquo;\u00e9v\u00e9nements.<\/li>\n<\/ul>\n","protected":false},"excerpt":{"rendered":"<p>Les billets d&rsquo;\u00e9v\u00e9nement Yith pour WooCommerce Premium sont un plugin exceptionnellement sophistiqu\u00e9 m\u00e9ticuleusement con\u00e7u pour faciliter la vente transparente des billets sur votre site Web. Cet outil in\u00e9gal\u00e9 comprend une myriade de fonctionnalit\u00e9s robustes, englobant la cr\u00e9ation d&rsquo;\u00e9v\u00e9nements, la personnalisation des prix des billets, la gestion transparente des participants et la capacit\u00e9 de g\u00e9n\u00e9rer sans effort des billets PDF. En adoptant la puissance et la polyvalence des billets d&rsquo;\u00e9v\u00e9nements Yith pour WooCommerce Premium, vous pouvez donner sans effort \u00e0 vos clients estim\u00e9s une exp\u00e9rience d&rsquo;achat de billets extr\u00eamement fluide, tout en centralisant facilement votre \u00e9v\u00e9nement et vos efforts de gestion des ventes au sein d&rsquo;une plate-forme conviviale singuli\u00e8re.<\/p>\n","protected":false},"featured_media":146382,"comment_status":"open","ping_status":"closed","template":"","meta":[],"product_brand":[2487],"product_cat":[1183,1182,1181],"product_tag":[1437],"class_list":{"0":"post-105960","1":"product","2":"type-product","3":"status-publish","4":"has-post-thumbnail","6":"product_brand-yith","7":"product_cat-administration","8":"product_cat-commerce-electronique-plugins","9":"product_cat-plugins","10":"product_tag-yith","11":"member-discount","12":"discount-restricted","14":"first","15":"instock","16":"sale","17":"downloadable","18":"virtual","19":"sold-individually","20":"purchasable","21":"product-type-simple"},"_links":{"self":[{"href":"https:\/\/gpl-love.com\/fr\/wp-json\/wp\/v2\/product\/105960","targetHints":{"allow":["GET"]}}],"collection":[{"href":"https:\/\/gpl-love.com\/fr\/wp-json\/wp\/v2\/product"}],"about":[{"href":"https:\/\/gpl-love.com\/fr\/wp-json\/wp\/v2\/types\/product"}],"replies":[{"embeddable":true,"href":"https:\/\/gpl-love.com\/fr\/wp-json\/wp\/v2\/comments?post=105960"}],"wp:featuredmedia":[{"embeddable":true,"href":"https:\/\/gpl-love.com\/fr\/wp-json\/wp\/v2\/media\/146382"}],"wp:attachment":[{"href":"https:\/\/gpl-love.com\/fr\/wp-json\/wp\/v2\/media?parent=105960"}],"wp:term":[{"taxonomy":"product_brand","embeddable":true,"href":"https:\/\/gpl-love.com\/fr\/wp-json\/wp\/v2\/product_brand?post=105960"},{"taxonomy":"product_cat","embeddable":true,"href":"https:\/\/gpl-love.com\/fr\/wp-json\/wp\/v2\/product_cat?post=105960"},{"taxonomy":"product_tag","embeddable":true,"href":"https:\/\/gpl-love.com\/fr\/wp-json\/wp\/v2\/product_tag?post=105960"}],"curies":[{"name":"wp","href":"https:\/\/api.w.org\/{rel}","templated":true}]}}