{"id":105958,"date":"2025-09-01T00:00:00","date_gmt":"2025-08-31T22:00:00","guid":{"rendered":"http:\/\/gpl-love.com\/fr\/product\/yith-easy-login-et-enregistrer-popup-pour-woocommerce\/"},"modified":"2026-04-18T06:31:46","modified_gmt":"2026-04-18T04:31:46","slug":"yith-easy-login-register-popup-for-woocommerce","status":"publish","type":"product","link":"https:\/\/gpl-love.com\/fr\/produit\/yith-easy-login-register-popup-for-woocommerce\/","title":{"rendered":"YITH Easy Login et Register Popup For WooCommerce 2.8.0"},"content":{"rendered":"<h3>YITH Easy Login et Register Popup For WooCommerce Traits<\/h3>\n<p>Yith Easy Connexion et Recgrate Popup pour WooCommerce est un plugin remarquablement pratique et convivial qui simplifie efficacement le processus de connexion et d&rsquo;enregistrement pour votre boutique en ligne estim\u00e9e. En utilisant ce plugin exceptionnel, vos clients estim\u00e9s sont en mesure de se connecter rapidement et sans effort ou de g\u00e9n\u00e9rer un nouveau compte sans avoir besoin de naviguer loin de la page dans laquelle ils se trouvent actuellement. L&rsquo;interface contextuelle tr\u00e8s adaptable vous permet \u00e0 int\u00e9grer de mani\u00e8re transparente votre marque et une messagerie uniques, vous offrant ainsi la possibilit\u00e9 de forger une exp\u00e9rience utilisateur incomparablement douce et harmonieuse. En outre, ce plugin exceptionnel est fourni avec une gamme compl\u00e8te de fonctionnalit\u00e9s sophistiqu\u00e9es, qui englobent l&rsquo;int\u00e9gration de la connexion sociale, la v\u00e9rification par e-mail et la capacit\u00e9 de personnaliser les URL de redirection. Gr\u00e2ce \u00e0 l&rsquo;utilisation judicieuse de Yith Easy Connexion et inscrivez-vous \u00e0 la fen\u00eatre contextuelle pour WooCommerce, vous pouvez rationaliser le processus d&rsquo;enregistrement pour vos clients estim\u00e9s et, ce faisant, vous am\u00e9liorerez invariablement leur exp\u00e9rience d&rsquo;achat globale dans une large mesure.<\/p>\n<ul>\n<li>Un plugin transparent et convivial pour les magasins WooCommerce qui offre un processus de connexion et d&rsquo;enregistrement facile.<\/li>\n<li>Fournit un formulaire de connexion et d&rsquo;enregistrement contextuel qui simplifie le processus pour les clients et les encourage \u00e0 terminer leur achat.<\/li>\n<li>Offre des param\u00e8tres personnalisables qui permettent au propri\u00e9taire du site Web de personnaliser le formulaire d&rsquo;inscription, comme l&rsquo;ajout ou la suppression des champs, la modification des \u00e9tiquettes et les couleurs.<\/li>\n<li>Permet l&rsquo;utilisation d&rsquo;options de connexion sociale via Facebook, Google et Twitter, ce qui rend encore plus simple pour les clients de cr\u00e9er un compte.<\/li>\n<li>Permet au propri\u00e9taire du magasin de placer facilement le formulaire de connexion et d&rsquo;enregistrement contextuel sur son site Web, que ce soit sur la page d&rsquo;accueil, sur les pages de produits ou ailleurs.<\/li>\n<li>Am\u00e9liore l&rsquo;exp\u00e9rience client en fournissant un processus d&rsquo;enregistrement et de connexion fluide et intuitif, provoquant moins de frustration pour les clients et augmentant les taux de satisfaction des clients.<\/li>\n<li>Permet au propri\u00e9taire du magasin de collecter les donn\u00e9es des clients sans effort, ce qui facilite le suivi du comportement des clients et offre une meilleure exp\u00e9rience utilisateur pour les visites futures.<\/li>\n<li>Fournit un syst\u00e8me de connexion s\u00e9curis\u00e9 et fiable qui garantit que la confidentialit\u00e9 des clients est prot\u00e9g\u00e9e tout au long du processus.<\/li>\n<\/ul>\n","protected":false},"excerpt":{"rendered":"<p>Yith Easy Connexion et enregistrement de la popup, un outil incroyablement robuste et efficace, donne aux clients la possibilit\u00e9 de cr\u00e9er rapidement et sans effort un compte ou de se connecter \u00e0 leur magasin existant sur votre boutique WooCommerce. Ce plugin impeccable s&rsquo;int\u00e8gre parfaitement \u00e0 votre site Web, entra\u00eenant la cr\u00e9ation d&rsquo;une fen\u00eatre contextuelle visuellement attrayante et navigable sans effort qui devient visible pour les utilisateurs lors de leur s\u00e9lection du bouton de connexion ou d&rsquo;enregistrement. En utilisant les capacit\u00e9s remarquables de Yith Easy Connexion et inscrivez-vous, vous avez la possibilit\u00e9 exceptionnelle d&rsquo;am\u00e9liorer l&rsquo;exp\u00e9rience client globale sur votre boutique en ligne estim\u00e9e en simplifiant et en optimisant le processus d&rsquo;enregistrement, ce qui le rend plus instinctif et convivial.<\/p>\n","protected":false},"featured_media":146378,"comment_status":"open","ping_status":"closed","template":"","meta":[],"product_brand":[2487],"product_cat":[1182,1223,1181],"product_tag":[1437],"class_list":{"0":"post-105958","1":"product","2":"type-product","3":"status-publish","4":"has-post-thumbnail","6":"product_brand-yith","7":"product_cat-commerce-electronique-plugins","8":"product_cat-personnalisation-commerce-electronique-plugins","9":"product_cat-plugins","10":"product_tag-yith","11":"member-discount","12":"discount-restricted","14":"first","15":"instock","16":"sale","17":"downloadable","18":"virtual","19":"sold-individually","20":"purchasable","21":"product-type-simple"},"_links":{"self":[{"href":"https:\/\/gpl-love.com\/fr\/wp-json\/wp\/v2\/product\/105958","targetHints":{"allow":["GET"]}}],"collection":[{"href":"https:\/\/gpl-love.com\/fr\/wp-json\/wp\/v2\/product"}],"about":[{"href":"https:\/\/gpl-love.com\/fr\/wp-json\/wp\/v2\/types\/product"}],"replies":[{"embeddable":true,"href":"https:\/\/gpl-love.com\/fr\/wp-json\/wp\/v2\/comments?post=105958"}],"wp:featuredmedia":[{"embeddable":true,"href":"https:\/\/gpl-love.com\/fr\/wp-json\/wp\/v2\/media\/146378"}],"wp:attachment":[{"href":"https:\/\/gpl-love.com\/fr\/wp-json\/wp\/v2\/media?parent=105958"}],"wp:term":[{"taxonomy":"product_brand","embeddable":true,"href":"https:\/\/gpl-love.com\/fr\/wp-json\/wp\/v2\/product_brand?post=105958"},{"taxonomy":"product_cat","embeddable":true,"href":"https:\/\/gpl-love.com\/fr\/wp-json\/wp\/v2\/product_cat?post=105958"},{"taxonomy":"product_tag","embeddable":true,"href":"https:\/\/gpl-love.com\/fr\/wp-json\/wp\/v2\/product_tag?post=105958"}],"curies":[{"name":"wp","href":"https:\/\/api.w.org\/{rel}","templated":true}]}}