{"id":105956,"date":"2024-03-24T00:00:00","date_gmt":"2024-03-23T23:00:00","guid":{"rendered":"http:\/\/gpl-love.com\/fr\/product\/yith-dynamique-des-prix-par-methode-le-paiement-de-primes-woocommerce\/"},"modified":"2026-04-18T06:31:45","modified_gmt":"2026-04-18T04:31:45","slug":"yith-dynamic-pricing-per-payment-method-for-woocommerce-premium","status":"publish","type":"product","link":"https:\/\/gpl-love.com\/fr\/produit\/yith-dynamic-pricing-per-payment-method-for-woocommerce-premium\/","title":{"rendered":"YITH Dynamic Pricing per Payment Method pour WooCommerce Premium 2.24.0"},"content":{"rendered":"<h3>YITH Dynamic Pricing per Payment Method pour WooCommerce Premium Traits<\/h3>\n<p>La tarification dynamique de Yith par mode de paiement pour WooCommerce Premium est un plugin extr\u00eamement sophistiqu\u00e9 qui accorde aux propri\u00e9taires de la boutique en ligne la possibilit\u00e9 d&rsquo;\u00e9tablir des structures de tarification personnalis\u00e9es pour diverses m\u00e9thodes de paiement. Au moyen de ce plugin, on peut offrir sans effort des remises ou imposer des frais suppl\u00e9mentaires pour des m\u00e9thodes de paiement sp\u00e9cifiques, telles que les cartes de cr\u00e9dit, PayPal ou les transferts bancaires. De plus, on peut \u00e9galement configurer des r\u00e8gles de prix distinctes pour divers groupes de clients, produits, cat\u00e9gories ou balises. Ce plugin sert \u00e0 optimiser sa strat\u00e9gie de prix, augmentant ainsi les ventes en fournissant aux clients des alternatives de prix personnalis\u00e9es. Avec son interface conviviale et ses fonctionnalit\u00e9s facilement navigables, la tarification dynamique de Yith par mode de paiement pour WooCommerce Premium repr\u00e9sente incontestablement un plugin indispensable pour tout \u00e9tablissement de commerce \u00e9lectronique aspirant \u00e0 am\u00e9liorer sa rentabilit\u00e9.<\/p>\n<ul>\n<li>-Robust Fonctionnalit\u00e9 de tarification dynamique pour les magasins en ligne \u00e0 l&rsquo;aide de WooCommerce<\/li>\n<li>-Les entreprises pour personnaliser les prix en fonction des m\u00e9thodes de paiement choisies par les clients<\/li>\n<li>-Durve un moyen simple et efficace d&rsquo;offrir des r\u00e9ductions aux clients payant avec des m\u00e9thodes de paiement pr\u00e9f\u00e9r\u00e9es<\/li>\n<li>-Enable les entreprises pour augmenter les conversions et la satisfaction des clients en offrant des prix qui s&rsquo;alignent sur les pr\u00e9f\u00e9rences des clients<\/li>\n<li>-AFFORME \u00c0 L&rsquo;INSTALLATION ET<\/li>\n<li>-P\u00e9patible avec un large \u00e9ventail de passerelles de paiement et de m\u00e9thodes de paiement<\/li>\n<li>-Conde-tarification et options d&rsquo;abonnement flexibles.<\/li>\n<li>-Exceinte client et mises \u00e0 jour r\u00e9guli\u00e8res pour s&rsquo;assurer que le plugin est toujours \u00e0 jour et fonctionne en douceur.<\/li>\n<li>&#8211; Contr\u00f4le am\u00e9lior\u00e9 sur la strat\u00e9gie de tarification et une plus grande flexibilit\u00e9 pour augmenter les ventes et les revenus<\/li>\n<\/ul>\n","protected":false},"excerpt":{"rendered":"<p>Yith Dynamic Pricing par mode de paiement pour WooCommerce Premium est un plugin incroyablement avanc\u00e9 qui offre une gamme de fonctionnalit\u00e9s, vous permettant de cr\u00e9er sans effort des r\u00e8gles de prix distinctes adapt\u00e9es \u00e0 chaque m\u00e9thode de paiement disponible dans votre boutique WooCommerce. En tirant parti des capacit\u00e9s extraordinaires de la tarification dynamique de Yith par mode de paiement, vous pouvez d\u00e9sormais fournir \u00e0 vos clients estim\u00e9s des remises attrayantes ou m\u00eame appliquer des suppl\u00e9ments en fonction de la passerelle de paiement sp\u00e9cifique qu&rsquo;ils choisissent d&rsquo;utiliser, vous accordant ainsi un niveau de flexibilit\u00e9 et de contr\u00f4le consid\u00e9rablement am\u00e9lior\u00e9s et de contr\u00f4le sur La strat\u00e9gie de tarification compl\u00e8te de votre magasin. L&rsquo;un des principaux avantages de ce plugin puissant r\u00e9side dans son interface remarquablement conviviale, le rendant ind\u00e9niablement accessible aux individus de diverses comp\u00e9tences techniques et \u00e9liminant la n\u00e9cessit\u00e9 de toute expertise de codage. L&rsquo;utilisation de la tarification dynamique de Yith par m\u00e9thode de paiement vous permet de cultiver efficacement la fid\u00e9lisation de la client\u00e8le et de renforcer vos chiffres de vente via la fourniture d&rsquo;une exp\u00e9rience d&rsquo;achat impeccablement personnalis\u00e9e, celle qui s&rsquo;adresse \u00e0 leurs pr\u00e9f\u00e9rences et exigences uniques. Prenez une d\u00e9cision astucieuse aujourd&rsquo;hui en acqu\u00e9rant votre propre copie de ce plugin exceptionnel et en vous lancez dans le voyage d&rsquo;offrir \u00e0 vos clients ch\u00e9ries l&rsquo;exp\u00e9rience d&rsquo;achat superlative qu&rsquo;ils m\u00e9ritent!<\/p>\n","protected":false},"featured_media":146377,"comment_status":"open","ping_status":"closed","template":"","meta":[],"product_brand":[2487],"product_cat":[1182,1401,1181],"product_tag":[1437],"class_list":{"0":"post-105956","1":"product","2":"type-product","3":"status-publish","4":"has-post-thumbnail","6":"product_brand-yith","7":"product_cat-commerce-electronique-plugins","8":"product_cat-paiement-commerce-electronique-plugins","9":"product_cat-plugins","10":"product_tag-yith","11":"member-discount","12":"discount-restricted","14":"first","15":"instock","16":"sale","17":"downloadable","18":"virtual","19":"sold-individually","20":"purchasable","21":"product-type-simple"},"_links":{"self":[{"href":"https:\/\/gpl-love.com\/fr\/wp-json\/wp\/v2\/product\/105956","targetHints":{"allow":["GET"]}}],"collection":[{"href":"https:\/\/gpl-love.com\/fr\/wp-json\/wp\/v2\/product"}],"about":[{"href":"https:\/\/gpl-love.com\/fr\/wp-json\/wp\/v2\/types\/product"}],"replies":[{"embeddable":true,"href":"https:\/\/gpl-love.com\/fr\/wp-json\/wp\/v2\/comments?post=105956"}],"wp:featuredmedia":[{"embeddable":true,"href":"https:\/\/gpl-love.com\/fr\/wp-json\/wp\/v2\/media\/146377"}],"wp:attachment":[{"href":"https:\/\/gpl-love.com\/fr\/wp-json\/wp\/v2\/media?parent=105956"}],"wp:term":[{"taxonomy":"product_brand","embeddable":true,"href":"https:\/\/gpl-love.com\/fr\/wp-json\/wp\/v2\/product_brand?post=105956"},{"taxonomy":"product_cat","embeddable":true,"href":"https:\/\/gpl-love.com\/fr\/wp-json\/wp\/v2\/product_cat?post=105956"},{"taxonomy":"product_tag","embeddable":true,"href":"https:\/\/gpl-love.com\/fr\/wp-json\/wp\/v2\/product_tag?post=105956"}],"curies":[{"name":"wp","href":"https:\/\/api.w.org\/{rel}","templated":true}]}}