{"id":105954,"date":"2021-05-14T00:00:00","date_gmt":"2021-05-13T22:00:00","guid":{"rendered":"http:\/\/gpl-love.com\/fr\/product\/dons-yith-pour-woocommerce-prime\/"},"modified":"2026-04-18T06:31:43","modified_gmt":"2026-04-18T04:31:43","slug":"yith-donations-for-woocommerce-premium","status":"publish","type":"product","link":"https:\/\/gpl-love.com\/fr\/produit\/yith-donations-for-woocommerce-premium\/","title":{"rendered":"YITH Donations pour WooCommerce Premium 1.1.22"},"content":{"rendered":"<h3>YITH Donations pour WooCommerce Premium Traits<\/h3>\n<p>Les dons de Yith pour WooCommerce Premium sont un plugin tr\u00e8s efficace et incroyablement utile qui accorde aux entreprises la capacit\u00e9 remarquable d&rsquo;accepter sans effort des dons g\u00e9n\u00e9reux de leur client\u00e8le estim\u00e9e. Ce plugin ph\u00e9nom\u00e9nal a \u00e9t\u00e9 ing\u00e9nieusement con\u00e7u pour harmoniser parfaitement avec WooCommerce, une plate-forme de commerce \u00e9lectronique largement favoris\u00e9e, offrant ainsi aux entreprises une occasion in\u00e9gal\u00e9e d&rsquo;int\u00e9grer une forme de don exceptionnellement adaptable et personnalisable sur leurs pages de produits, leurs pages de paie Site Web entier. Gr\u00e2ce aux capacit\u00e9s remarquables dot\u00e9es par les dons de Yith pour WooCommerce Premium, les entreprises sont autoris\u00e9es \u00e0 \u00e9tablir et \u00e0 appliquer sans effort des seuils de don minimum et maximum, augmentant davantage leur contr\u00f4le sur cet aspect tr\u00e8s important de leur op\u00e9ration. Il convient \u00e9galement de souligner que ce plugin extraordinairement avanc\u00e9 permet aux entreprises d&rsquo;inclure gracieusement un message personnalis\u00e9 pour leurs donateurs estim\u00e9s, leur permettant ainsi de communiquer bien leur appr\u00e9ciation sinc\u00e8re. En outre, il est vraiment \u00e9tonnant d&rsquo;apprendre que les entreprises sont dot\u00e9es de la capacit\u00e9 de donner des r\u00e9compenses exclusives \u00e0 leurs clients ch\u00e9ris conform\u00e9ment au niveau de leur don, illustrant un engagement profond \u00e0 renforcer la fid\u00e9lit\u00e9 de la client\u00e8le et \u00e0 favoriser un environnement propice \u00e0 une croissance perp\u00e9tuelle perp\u00e9tuelle et \u00e0 favoriser un environnement propice \u00e0 une croissance perp\u00e9tuelle perp\u00e9tuelle et \u00e0 la promotion d&rsquo;un environnement propice \u00e0 une croissance perp\u00e9tuelle perp\u00e9tuelle et \u00e0 la promotion d&rsquo;un environnement propice \u00e0 une croissance perp\u00e9tuelle perp\u00e9tuelle et \u00e0 la promotion d&rsquo;un environnement propice \u00e0 une croissance perp\u00e9tuelle perp\u00e9tuelle et \u00e0 la promotion d&rsquo;un environnement propice \u00e0 une croissance perp\u00e9tuelle Perpetual Growth et \u00e0 Preatpetual Growth, Perpetual Growth et Pr\u00e9parer un environnement propice \u00e0 une croissance perp\u00e9tuelle Perpetuale et la prosp\u00e9rit\u00e9. Pour ajouter davantage \u00e0 la liste approfondie des fonctionnalit\u00e9s incroyables, il est important de souligner que les entreprises re\u00e7oivent \u00e9galement un syst\u00e8me de suivi complet et tr\u00e8s sophistiqu\u00e9, leur permettant de surveiller et de documenter m\u00e9ticuleusement les dons re\u00e7us, facilitant ainsi une compr\u00e9hension profonde et profonde du donateur tendances et pr\u00e9f\u00e9rences. En exploitant les capacit\u00e9s remarquables de ce plugin de pointe, les entreprises peuvent simplifier de mani\u00e8re d\u00e9cisive le processus d&rsquo;acceptation des dons, propulsant ainsi leurs efforts de collecte de fonds \u00e0 des hauteurs sans pr\u00e9c\u00e9dent de succ\u00e8s et de prosp\u00e9rit\u00e9.<\/p>\n<ul>\n<li>Configuration facile et int\u00e9gration avec WooCommerce<\/li>\n<li>Montants et descriptions de dons personnalisables<\/li>\n<li>Possibilit\u00e9 de d\u00e9finir un montant de don par d\u00e9faut<\/li>\n<li>Option pour ajouter un bouton de don au panier et aux pages de paiement<\/li>\n<li>Notifications par e-mail personnalisables pour les donateurs et les administrateurs<\/li>\n<li>Options de passerelle de paiement multiples, y compris PayPal et Stripe<\/li>\n<li>Caract\u00e9ristiques compl\u00e8tes de reportage et d&rsquo;analyse<\/li>\n<li>Interface conviviale pour la gestion des dons et des informations sur les donateurs<\/li>\n<li>G\u00e9n\u00e9ration de r\u00e9ception d&rsquo;imp\u00f4t automatique pour les donateurs<\/li>\n<li>Option pour rediriger les donateurs vers une page de remerciement personnalis\u00e9e apr\u00e8s l&rsquo;ach\u00e8vement du don<\/li>\n<\/ul>\n","protected":false},"excerpt":{"rendered":"<p>Yith Donations pour WooCommerce Premium est un plugin extr\u00eamement robuste et influent, essentiellement con\u00e7u pour faciliter la cr\u00e9ation et la mise en \u0153uvre transparentes des syst\u00e8mes de don sur votre site Web WooCommerce. Notamment, cet outil splendide vous permet effectivement d&rsquo;accepter et d&rsquo;adopter gracieusement les dons de vos clients ch\u00e9ris et partisans ardents, introduisant ainsi ing\u00e9nieusement un flux de revenus nouveau et innovant dans votre magasin en ligne estim\u00e9. De plus, ce plugin ph\u00e9nom\u00e9nal propose une gamme de param\u00e8tres remarquablement flexibles et personnalisables, vous permettant ainsi sans effort d&rsquo;adapter et de modifier les options de don conform\u00e9ment \u00e0 vos pr\u00e9f\u00e9rences et exigences distinctes. De plus, vous pouvez facilement \u00e9tablir des quantit\u00e9s sugg\u00e9r\u00e9es, ing\u00e9nieusement attrayantes et motivantes les visiteurs \u00e0 contribuer g\u00e9n\u00e9reusement \u00e0 votre noble cause. En outre, l&rsquo;inclusion exceptionnelle des progr\u00e8s intervient ing\u00e9nieusement un sentiment d&rsquo;accomplissement et de camaraderie parmi les donneurs potentiels, augmentant finalement la probabilit\u00e9 de dons suppl\u00e9mentaires et encore plus substantiels. De plus, ce plugin premium exceptionnel poss\u00e8de un syst\u00e8me de reporting complet et m\u00e9ticuleusement con\u00e7u, vous offrant essentiellement l&rsquo;occasion inestimable de suivre et examiner m\u00e9ticuleusement les performances de vos campagnes de don. En vertu de cette fonctionnalit\u00e9 astucieuse, vous \u00eates en outre accord\u00e9 la profonde capacit\u00e9 \u00e0 optimiser m\u00e9ticuleusement votre strat\u00e9gie globale, maximisant et optimisant ainsi efficacement l&rsquo;efficacit\u00e9 globale et l&rsquo;impact de vos campagnes de don.<\/p>\n","protected":false},"featured_media":146375,"comment_status":"open","ping_status":"closed","template":"","meta":[],"product_brand":[2487],"product_cat":[1183,1182,1181],"product_tag":[1437],"class_list":{"0":"post-105954","1":"product","2":"type-product","3":"status-publish","4":"has-post-thumbnail","6":"product_brand-yith","7":"product_cat-administration","8":"product_cat-commerce-electronique-plugins","9":"product_cat-plugins","10":"product_tag-yith","11":"member-discount","12":"discount-restricted","14":"first","15":"instock","16":"sale","17":"downloadable","18":"virtual","19":"sold-individually","20":"purchasable","21":"product-type-simple"},"_links":{"self":[{"href":"https:\/\/gpl-love.com\/fr\/wp-json\/wp\/v2\/product\/105954","targetHints":{"allow":["GET"]}}],"collection":[{"href":"https:\/\/gpl-love.com\/fr\/wp-json\/wp\/v2\/product"}],"about":[{"href":"https:\/\/gpl-love.com\/fr\/wp-json\/wp\/v2\/types\/product"}],"replies":[{"embeddable":true,"href":"https:\/\/gpl-love.com\/fr\/wp-json\/wp\/v2\/comments?post=105954"}],"wp:featuredmedia":[{"embeddable":true,"href":"https:\/\/gpl-love.com\/fr\/wp-json\/wp\/v2\/media\/146375"}],"wp:attachment":[{"href":"https:\/\/gpl-love.com\/fr\/wp-json\/wp\/v2\/media?parent=105954"}],"wp:term":[{"taxonomy":"product_brand","embeddable":true,"href":"https:\/\/gpl-love.com\/fr\/wp-json\/wp\/v2\/product_brand?post=105954"},{"taxonomy":"product_cat","embeddable":true,"href":"https:\/\/gpl-love.com\/fr\/wp-json\/wp\/v2\/product_cat?post=105954"},{"taxonomy":"product_tag","embeddable":true,"href":"https:\/\/gpl-love.com\/fr\/wp-json\/wp\/v2\/product_tag?post=105954"}],"curies":[{"name":"wp","href":"https:\/\/api.w.org\/{rel}","templated":true}]}}