{"id":105952,"date":"2023-10-04T00:00:00","date_gmt":"2023-10-03T22:00:00","guid":{"rendered":"http:\/\/gpl-love.com\/fr\/product\/yith-desktop-notifications-pour-woocommerce-prime\/"},"modified":"2026-04-18T06:31:42","modified_gmt":"2026-04-18T04:31:42","slug":"yith-desktop-notifications-for-woocommerce-premium","status":"publish","type":"product","link":"https:\/\/gpl-love.com\/fr\/produit\/yith-desktop-notifications-for-woocommerce-premium\/","title":{"rendered":"YITH Desktop Notifications pour WooCommerce Premium 1.27.0"},"content":{"rendered":"<h3>YITH Desktop Notifications pour WooCommerce Premium Traits<\/h3>\n<p>Notifications de bureau Yith pour WooCommerce Premium, un outil incroyablement robuste m\u00e9ticuleusement con\u00e7u pour accro\u00eetre l&rsquo;exp\u00e9rience d&rsquo;achat globale pour les clients qui fr\u00e9quentent votre magasin virtuel, poss\u00e8de la capacit\u00e9 de transmettre des notifications de bureau individualis\u00e9es \u00e0 votre client\u00e8le estim\u00e9, en les gardant efficacement inform\u00e9s des derni\u00e8res offres de produits, Ventes lucratives et promotions s\u00e9duisantes en temps r\u00e9el. Ces notifications engageantes peuvent \u00eatre parfaitement personnalis\u00e9es pour s&rsquo;aligner sur le style distinctif de votre marque et transmettre votre message souhait\u00e9, garantissant ainsi que vos pr\u00e9cieux clients sont accord\u00e9s d&rsquo;une rencontre int\u00e9gr\u00e9e et harmonieuse sur toutes les plateformes. De plus, ce plugin exceptionnel vous accorde \u00e9galement une pl\u00e9thore d&rsquo;options de ciblage avanc\u00e9es, vous permettant de m\u00e9ticulent m\u00e9ticuleusement vos notifications en fonction des segments de client\u00e8le sp\u00e9cifiques, fond\u00e9 sur leur historique d&rsquo;achat nuanc\u00e9, leur emplacement g\u00e9ographique et leurs mod\u00e8les de comportement expos\u00e9s sur votre site estim\u00e9. En vous profitant des capacit\u00e9s remarquables des notifications de bureau de Yith pour WooCommerce Premium, vous \u00eates pr\u00eat \u00e0 revigorer l&rsquo;engagement des clients, \u00e0 augmenter les chiffres des ventes et \u00e0 forger des relations ind\u00e9l\u00e9bile et durables avec vos clients pr\u00e9cieux.<\/p>\n<ul>\n<li>Notifications instantan\u00e9es pour les propri\u00e9taires de magasins WooCommerce<\/li>\n<li>Capacit\u00e9 \u00e0 informer les clients de nouveaux produits, offres et promotions<\/li>\n<li>Param\u00e8tres de notification personnalisables pour la fr\u00e9quence et l&rsquo;apparence<\/li>\n<li>Compatible avec les navigateurs Web populaires, notamment Chrome, Firefox et Safari<\/li>\n<li>Processus d&rsquo;installation et de configuration facile<\/li>\n<li>Augmente l&rsquo;engagement et les ventes des clients en les maintenant inform\u00e9s et \u00e0 jour<\/li>\n<li>Alternative efficace et rentable aux campagnes de marketing par e-mail traditionnelles<\/li>\n<li>Support client 24\/7 de l&rsquo;\u00e9quipe technique de Yith<\/li>\n<\/ul>\n","protected":false},"excerpt":{"rendered":"<p>Les notifications de bureau Yith pour WooCommerce Premium sont un plugin incroyablement robuste et riche en fonctionnalit\u00e9s qui vous accorde la capacit\u00e9 de fournir \u00e0 vos clients pr\u00e9cieux des notifications opportunes et instantan\u00e9es concernant l&rsquo;av\u00e8nement des nouveaux produits, des remises, des promotions et un \u00e9ventail d&rsquo;autres offres s\u00e9duisantes. Ce plugin exceptionnel sert d&rsquo;atout indispensable pour \u00e9lever et augmenter l&rsquo;exp\u00e9rience d&rsquo;achat globale de votre client\u00e8le estim\u00e9e, gracieuset\u00e9 de sa capacit\u00e9 \u00e0 leur fournir rapidement les derni\u00e8res mises \u00e0 jour et d\u00e9veloppements directement sur leurs appareils de bureau ou mobiles. En vertu des notifications de bureau de Yith, vous \u00eates accord\u00e9 par la capacit\u00e9 remarquable pour adapter et personnaliser de mani\u00e8re complexe ces notifications pour s&rsquo;aligner pr\u00e9cis\u00e9ment avec vos pr\u00e9f\u00e9rences et exigences distinctes. En outre, cet outil ing\u00e9nieux vous permet de planifier et de strat\u00e9giement les horaires d&rsquo;affichage de ces notifications, vous permettant d&rsquo;optimiser efficacement leur impact. De plus, les notifications de bureau Yith facilitent la promotion transparente et transparente des produits connexes, ainsi en vente crois\u00e9e et en vendant divers articles \u00e0 vos clients exigeants. L&rsquo;avantage le plus convaincant d&rsquo;incorporer ce plugin r\u00e9volutionnaire dans votre boutique en ligne est sa capacit\u00e9 in\u00e9gal\u00e9e \u00e0 motiver et \u00e0 attirer vos clients \u00e0 revenir sur votre plateforme, am\u00e9liorant ainsi consid\u00e9rablement la fid\u00e9lisation de la client\u00e8le. En collaborant sans effort et avec comp\u00e9tence avec cet outil exceptionnel, vous pouvez renforcer sans effort et consid\u00e9rablement vos chiffres de vente, assurant ainsi un flux de revenus stable et constant. De plus, l&rsquo;impact profond que ce plugin a sur l&rsquo;am\u00e9lioration de la fid\u00e9lit\u00e9 et de la satisfaction de la client\u00e8le ne peut pas \u00eatre sous-estim\u00e9, ce qui en fait une composante absolument indispensable d&rsquo;une entreprise de commerce \u00e9lectronique r\u00e9ussie.<\/p>\n","protected":false},"featured_media":146374,"comment_status":"open","ping_status":"closed","template":"","meta":[],"product_brand":[2487],"product_cat":[1182,1200,1181],"product_tag":[1437],"class_list":{"0":"post-105952","1":"product","2":"type-product","3":"status-publish","4":"has-post-thumbnail","6":"product_brand-yith","7":"product_cat-commerce-electronique-plugins","8":"product_cat-commercialisation","9":"product_cat-plugins","10":"product_tag-yith","11":"member-discount","12":"discount-restricted","14":"first","15":"instock","16":"sale","17":"downloadable","18":"virtual","19":"sold-individually","20":"purchasable","21":"product-type-simple"},"_links":{"self":[{"href":"https:\/\/gpl-love.com\/fr\/wp-json\/wp\/v2\/product\/105952","targetHints":{"allow":["GET"]}}],"collection":[{"href":"https:\/\/gpl-love.com\/fr\/wp-json\/wp\/v2\/product"}],"about":[{"href":"https:\/\/gpl-love.com\/fr\/wp-json\/wp\/v2\/types\/product"}],"replies":[{"embeddable":true,"href":"https:\/\/gpl-love.com\/fr\/wp-json\/wp\/v2\/comments?post=105952"}],"wp:featuredmedia":[{"embeddable":true,"href":"https:\/\/gpl-love.com\/fr\/wp-json\/wp\/v2\/media\/146374"}],"wp:attachment":[{"href":"https:\/\/gpl-love.com\/fr\/wp-json\/wp\/v2\/media?parent=105952"}],"wp:term":[{"taxonomy":"product_brand","embeddable":true,"href":"https:\/\/gpl-love.com\/fr\/wp-json\/wp\/v2\/product_brand?post=105952"},{"taxonomy":"product_cat","embeddable":true,"href":"https:\/\/gpl-love.com\/fr\/wp-json\/wp\/v2\/product_cat?post=105952"},{"taxonomy":"product_tag","embeddable":true,"href":"https:\/\/gpl-love.com\/fr\/wp-json\/wp\/v2\/product_tag?post=105952"}],"curies":[{"name":"wp","href":"https:\/\/api.w.org\/{rel}","templated":true}]}}