{"id":105950,"date":"2022-01-09T00:00:00","date_gmt":"2022-01-08T23:00:00","guid":{"rendered":"http:\/\/gpl-love.com\/fr\/product\/offres-yith-pour-woocommerce-premium\/"},"modified":"2026-04-18T06:31:38","modified_gmt":"2026-04-18T04:31:38","slug":"yith-deals-for-woocommerce-premium","status":"publish","type":"product","link":"https:\/\/gpl-love.com\/fr\/produit\/yith-deals-for-woocommerce-premium\/","title":{"rendered":"YITH Deals pour WooCommerce Premium 1.0.22"},"content":{"rendered":"<h3>YITH Deals pour WooCommerce Premium Traits<\/h3>\n<p>Les offres Yith pour WooCommerce Premium, un plugin tr\u00e8s robuste, sert d&rsquo;outil inestimable pour les propri\u00e9taires de magasins en ligne cherchant \u00e0 \u00e9tablir et \u00e0 superviser des offres et des promotions sp\u00e9ciales. Ce plugin permet aux propri\u00e9taires de magasins de pr\u00e9senter des s\u00e9ances telles que des remises, des produits compl\u00e9mentaires et d&rsquo;autres offres avantageuses \u00e0 leurs clients estim\u00e9s, augmentant finalement les chiffres de vente et l&rsquo;all\u00e9geance des clients. L&rsquo;interface conviviale fournie par le plugin facilite la configuration rapide et sans effort des offres, tout en accordant la possibilit\u00e9 de planifier ces offres pour des d\u00e9lais et des dates sp\u00e9cifiques. De plus, il convient de noter que les offres Yith pour WooCommerce Premium poss\u00e8dent des capacit\u00e9s de personnalisation compl\u00e8tes, permettant aux utilisateurs d&rsquo;adapter \u00e0 la fois la pr\u00e9sentation visuelle et la fonctionnalit\u00e9 op\u00e9rationnelle du plugin pour r\u00e9pondre \u00e0 leurs exigences uniques. Tout bien consid\u00e9r\u00e9, si vous \u00eates sur le march\u00e9 pour une solution pratique et percutante pour diffuser des offres et des promotions attrayantes \u00e0 votre pr\u00e9cieux client\u00e8le, ne cherchez pas plus loin que les offres Yith pour WooCommerce Premium &#8211; un choix exceptionnel en effet.<\/p>\n<ul>\n<li>Augmentez les ventes: encouragez les clients \u00e0 acheter plus de produits en leur offrant des offres et des remises disponibles.<\/li>\n<li>Facile \u00e0 utiliser: configurer et personnaliser les offres et les remises en quelques clics, sans aucune connaissance de codage requise.<\/li>\n<li>Personnalisez les offres: donnez \u00e0 chaque remise un nom personnalis\u00e9, d\u00e9finissez un pourcentage ou un montant fixe sur le prix et choisissez les produits ou cat\u00e9gories auxquels il s&rsquo;applique.<\/li>\n<li>Planifiez les offres: cr\u00e9ez des comptes \u00e0 compter pour les offres pour augmenter un sentiment d&rsquo;urgence et encourager les clients \u00e0 acheter avant l&rsquo;expiration de l&rsquo;offre.<\/li>\n<li>Support multi-monnaie: convertir les r\u00e9ductions en diff\u00e9rentes monnaies, ce qui facilite l&rsquo;attirer des clients internationaux.<\/li>\n<li>Prise en charge de la passerelle multiple de paiement: utilisez toute passerelle de paiement que WooCommerce prend en charge afin que le traitement des paiements soit votre choix.<\/li>\n<li>De beaux conceptions: choisissez parmi des mod\u00e8les pr\u00e9-fabriqu\u00e9s attrayants pour les badges \u00e0 prix r\u00e9duit et les annonces de transformation, ou personnalisez-les pour correspondre \u00e0 la marque de votre magasin.<\/li>\n<li>Boostez le marketing par e-mail: Sync traite avec des campagnes de messagerie automatis\u00e9es pour informer les clients des remises disponibles et des ventes de stimulation.<\/li>\n<li>Rapports perspicaces: Analyser les donn\u00e9es pour savoir combien d&rsquo;offres ont \u00e9t\u00e9 appliqu\u00e9es, combien de revenus ont \u00e9t\u00e9 g\u00e9n\u00e9r\u00e9s par le biais des offres et quels produits ou cat\u00e9gories ont re\u00e7u le plus de rabais.<\/li>\n<\/ul>\n","protected":false},"excerpt":{"rendered":"<p>Les offres Yith pour WooCommerce Premium sert d&rsquo;instrument incroyablement puissant organis\u00e9 exclusivement pour les propri\u00e9taires de magasins en ligne aspirant \u00e0 concocter des offres et des promotions irr\u00e9sistibles, capables de lancer un sort sur leurs clients. Ce merveilleux plugin vous permet de configurer sans effort des remises de nature temporelle, d&rsquo;\u00e9tendre les produits group\u00e9s, de concevoir des r\u00e8gles de prix personnalis\u00e9es, et bien plus encore. L&rsquo;interface remarquablement conviviale vous accorde la possibilit\u00e9 d&rsquo;administrer de mani\u00e8re transparente vos promotions, tandis que l&rsquo;analyse int\u00e9gr\u00e9e vous accorde la capacit\u00e9 de surveiller et d&rsquo;\u00e9valuer vos performances. Armez-vous des offres Yith pour WooCommerce Premium et assurez-vous que vos clients ont toujours un motif convaincant de retour \u00e0 maintes reprises.<\/p>\n","protected":false},"featured_media":146371,"comment_status":"open","ping_status":"closed","template":"","meta":[],"product_brand":[2487],"product_cat":[1182,1200,1181],"product_tag":[1437],"class_list":{"0":"post-105950","1":"product","2":"type-product","3":"status-publish","4":"has-post-thumbnail","6":"product_brand-yith","7":"product_cat-commerce-electronique-plugins","8":"product_cat-commercialisation","9":"product_cat-plugins","10":"product_tag-yith","11":"member-discount","12":"discount-restricted","14":"first","15":"instock","16":"sale","17":"downloadable","18":"virtual","19":"sold-individually","20":"purchasable","21":"product-type-simple"},"_links":{"self":[{"href":"https:\/\/gpl-love.com\/fr\/wp-json\/wp\/v2\/product\/105950","targetHints":{"allow":["GET"]}}],"collection":[{"href":"https:\/\/gpl-love.com\/fr\/wp-json\/wp\/v2\/product"}],"about":[{"href":"https:\/\/gpl-love.com\/fr\/wp-json\/wp\/v2\/types\/product"}],"replies":[{"embeddable":true,"href":"https:\/\/gpl-love.com\/fr\/wp-json\/wp\/v2\/comments?post=105950"}],"wp:featuredmedia":[{"embeddable":true,"href":"https:\/\/gpl-love.com\/fr\/wp-json\/wp\/v2\/media\/146371"}],"wp:attachment":[{"href":"https:\/\/gpl-love.com\/fr\/wp-json\/wp\/v2\/media?parent=105950"}],"wp:term":[{"taxonomy":"product_brand","embeddable":true,"href":"https:\/\/gpl-love.com\/fr\/wp-json\/wp\/v2\/product_brand?post=105950"},{"taxonomy":"product_cat","embeddable":true,"href":"https:\/\/gpl-love.com\/fr\/wp-json\/wp\/v2\/product_cat?post=105950"},{"taxonomy":"product_tag","embeddable":true,"href":"https:\/\/gpl-love.com\/fr\/wp-json\/wp\/v2\/product_tag?post=105950"}],"curies":[{"name":"wp","href":"https:\/\/api.w.org\/{rel}","templated":true}]}}