{"id":105948,"date":"2025-08-12T00:00:00","date_gmt":"2025-08-11T22:00:00","guid":{"rendered":"http:\/\/gpl-love.com\/fr\/product\/yith-personnalise-merci-pour-la-page-woocommerce-prime\/"},"modified":"2026-04-18T06:31:35","modified_gmt":"2026-04-18T04:31:35","slug":"yith-custom-thank-you-page-for-woocommerce-premium","status":"publish","type":"product","link":"https:\/\/gpl-love.com\/fr\/produit\/yith-custom-thank-you-page-for-woocommerce-premium\/","title":{"rendered":"YITH Custom Thank you Page pour WooCommerce Premium 3.23.0"},"content":{"rendered":"<h3>YITH Custom Thank you Page pour WooCommerce Premium Traits<\/h3>\n<p>La page de remerciement personnalis\u00e9e Yith pour WooCommerce Premium est un plugin extraordinaire qui a \u00e9t\u00e9 m\u00e9ticuleusement con\u00e7u pour \u00e9lever l&rsquo;exp\u00e9rience client de votre boutique en ligne \u00e0 de nouveaux sommets. En utilisant ce plugin, vous avez la possibilit\u00e9 de construire des pages de remerciement sur mesure qui laisseront un impact durable sur vos clients estim\u00e9s. Le plugin vous offre sans effort une interface conviviale, ce qui vous permet \u00e0 son tour de personnaliser vos pages de remerciement en incorporant des images pertinentes, du texte et d&rsquo;autres \u00e9l\u00e9ments distinctifs qui sont adapt\u00e9s \u00e0 votre marque. De plus, vous avez \u00e9galement la possibilit\u00e9 d&rsquo;incorporer des fonctionnalit\u00e9s de vente et de vente crois\u00e9e sur votre page de remerciement, ce qui a finalement entra\u00een\u00e9 une augmentation substantielle des revenus pour votre magasin. Avec la mise en \u0153uvre de la page de remerciement Custom Yith pour WooCommerce Premium, vous am\u00e9liorerez ind\u00e9niablement l&rsquo;exp\u00e9rience client globale dans votre boutique en ligne, \u00e9tablissant ainsi une relation ferme avec vos clients fid\u00e8les, en garantissant leur retour continu pour les achats futurs.<\/p>\n<ul>\n<li>Cr\u00e9ez des pages de remerciement personnalis\u00e9es pour votre boutique WooCommerce<\/li>\n<li>Adaptez le contenu de la page pour correspondre \u00e0 votre marque ou \u00e0 votre produit<\/li>\n<li>Ajouter du texte, des images, des vid\u00e9os ou d&rsquo;autres m\u00e9dias personnalis\u00e9s \u00e0 la page<\/li>\n<li>Afficher les produits ou les produits recommand\u00e9s sur la page<\/li>\n<li>Choisissez parmi plusieurs dispositions et conceptions pour correspondre \u00e0 votre th\u00e8me<\/li>\n<li>Personnalisez la page pour des produits ou des cat\u00e9gories de produits sp\u00e9cifiques<\/li>\n<li>Utilisez Shortcodes pour ajouter du contenu dynamique \u00e0 la page<\/li>\n<li>Augmenter l&rsquo;engagement et la fid\u00e9lit\u00e9 des clients avec des pages de remerciement personnalis\u00e9s<\/li>\n<li>Am\u00e9liorer l&rsquo;exp\u00e9rience post-achat et la satisfaction du client<\/li>\n<li>Compatible avec la derni\u00e8re version de WooCommerce et WordPress<\/li>\n<\/ul>\n","protected":false},"excerpt":{"rendered":"<p>La page de remerciement personnalis\u00e9e Yith pour WooCommerce Premium est un outil exceptionnel qui offre une gamme de fonctionnalit\u00e9s pour la cr\u00e9ation de pages de remerciement hautement personnalis\u00e9es et remarquablement professionnelles, r\u00e9pondant aux besoins de votre boutique en ligne. With its user-friendly interface, this plugin provides you with the ability to seamlessly customize your thank you page, incorporating elements such as your store&rsquo;s distinctive logo, captivating social media icons, a tailored message, and even the opportunity to upsell additional products to your CLIENTE ENSEM\u00c9E. En fournissant \u00e0 vos clients une page de remerciement exclusivement adapt\u00e9e, vous avez le pouvoir d&rsquo;am\u00e9liorer consid\u00e9rablement la fid\u00e9lit\u00e9 \u00e0 la marque et la satisfaction des clients. Embrassez la page de remerciement personnalis\u00e9e Yith pour WooCommerce Premium aujourd&rsquo;hui et lancez un voyage passionnant vers l&rsquo;\u00e9levage de votre boutique en ligne \u00e0 des sommets sans pr\u00e9c\u00e9dent!<\/p>\n","protected":false},"featured_media":146368,"comment_status":"open","ping_status":"closed","template":"","meta":[],"product_brand":[2487],"product_cat":[1182,1223,1181],"product_tag":[1437],"class_list":{"0":"post-105948","1":"product","2":"type-product","3":"status-publish","4":"has-post-thumbnail","6":"product_brand-yith","7":"product_cat-commerce-electronique-plugins","8":"product_cat-personnalisation-commerce-electronique-plugins","9":"product_cat-plugins","10":"product_tag-yith","11":"member-discount","12":"discount-restricted","14":"first","15":"instock","16":"sale","17":"downloadable","18":"virtual","19":"sold-individually","20":"purchasable","21":"product-type-simple"},"_links":{"self":[{"href":"https:\/\/gpl-love.com\/fr\/wp-json\/wp\/v2\/product\/105948","targetHints":{"allow":["GET"]}}],"collection":[{"href":"https:\/\/gpl-love.com\/fr\/wp-json\/wp\/v2\/product"}],"about":[{"href":"https:\/\/gpl-love.com\/fr\/wp-json\/wp\/v2\/types\/product"}],"replies":[{"embeddable":true,"href":"https:\/\/gpl-love.com\/fr\/wp-json\/wp\/v2\/comments?post=105948"}],"wp:featuredmedia":[{"embeddable":true,"href":"https:\/\/gpl-love.com\/fr\/wp-json\/wp\/v2\/media\/146368"}],"wp:attachment":[{"href":"https:\/\/gpl-love.com\/fr\/wp-json\/wp\/v2\/media?parent=105948"}],"wp:term":[{"taxonomy":"product_brand","embeddable":true,"href":"https:\/\/gpl-love.com\/fr\/wp-json\/wp\/v2\/product_brand?post=105948"},{"taxonomy":"product_cat","embeddable":true,"href":"https:\/\/gpl-love.com\/fr\/wp-json\/wp\/v2\/product_cat?post=105948"},{"taxonomy":"product_tag","embeddable":true,"href":"https:\/\/gpl-love.com\/fr\/wp-json\/wp\/v2\/product_tag?post=105948"}],"curies":[{"name":"wp","href":"https:\/\/api.w.org\/{rel}","templated":true}]}}