{"id":105946,"date":"2025-08-04T00:00:00","date_gmt":"2025-08-03T22:00:00","guid":{"rendered":"http:\/\/gpl-love.com\/fr\/product\/yith-cout-des-marchandises-pour-woocommerce-prime\/"},"modified":"2026-04-18T06:31:33","modified_gmt":"2026-04-18T04:31:33","slug":"yith-cost-of-goods-for-woocommerce-premium","status":"publish","type":"product","link":"https:\/\/gpl-love.com\/fr\/produit\/yith-cost-of-goods-for-woocommerce-premium\/","title":{"rendered":"YITH Cost of Goods pour WooCommerce Premium 2.19.0"},"content":{"rendered":"<h3>YITH Cost of Goods pour WooCommerce Premium Traits<\/h3>\n<p>Yith Co\u00fbt des marchandises pour WooCommerce Premium est un plugin tr\u00e8s robuste et puissant qui fournit une assistance inestimable aux propri\u00e9taires de magasins WooCommerce en calculant et en g\u00e9rant effectivement le co\u00fbt des marchandises vendues. Il vous permet de surveiller et de suivre m\u00e9ticuleusement les d\u00e9penses associ\u00e9es \u00e0 chaque produit individuel, englobant les co\u00fbts des mati\u00e8res premi\u00e8res, de la main-d&rsquo;\u0153uvre et de l&rsquo;exp\u00e9dition. Ce plugin remarquable vous offre la flexibilit\u00e9 d&rsquo;\u00e9tablir manuellement le co\u00fbt des marchandises pour chaque produit ou alternativement, optez pour une approche de calcul automatis\u00e9e bas\u00e9e sur les \u00e9l\u00e9ments constitutifs utilis\u00e9s. La richesse des informations obtenues via ce syst\u00e8me est par la suite utilis\u00e9e pour g\u00e9n\u00e9rer des rapports complets, vous permettant de prendre des d\u00e9cisions commerciales bien inform\u00e9es et astucieuses. En outre, l&rsquo;immense attrait de ce plugin r\u00e9side dans sa gamme de fonctionnalit\u00e9s suppl\u00e9mentaires, telles que le suivi des marges b\u00e9n\u00e9ficiaires, l&rsquo;\u00e9valuation des actions et la capacit\u00e9 remarquable pour l&rsquo;\u00e9dition en vrac, qui la transforment collectivement en un outil indispensable pour toute boutique en ligne qui s&rsquo;efforce d&rsquo;am\u00e9liorer et optimiser sa rentabilit\u00e9. En substance, le co\u00fbt des marchandises de Yith pour WooCommerce Premium se distingue comme une solution exceptionnellement conviviale et tr\u00e8s fiable qui rationalise efficacement votre processus de gestion des co\u00fbts tout en maximisant simultan\u00e9ment vos b\u00e9n\u00e9fices.<\/p>\n<ul>\n<li>Calcule et affiche le co\u00fbt des marchandises pour chaque produit dans WooCommerce<\/li>\n<li>Fournit des donn\u00e9es pr\u00e9cieuses pour que les entreprises calculent leurs b\u00e9n\u00e9fices et prennent des d\u00e9cisions de tarification \u00e9clair\u00e9es<\/li>\n<li>Permet une importance et une exportation faciles des donn\u00e9es du co\u00fbt des marchandises<\/li>\n<li>Permet la fixation du co\u00fbt mondial des marchandises pour plusieurs produits \u00e0 la fois<\/li>\n<li>Offre la possibilit\u00e9 de visualiser le co\u00fbt des marchandises en plusieurs devises<\/li>\n<li>Int\u00e9gre parfaitement avec d&rsquo;autres plugins Yith WooCommerce pour une solution compl\u00e8te<\/li>\n<li>Comprend une documentation d\u00e9taill\u00e9e et un soutien de l&rsquo;\u00e9quipe Yith.<\/li>\n<\/ul>\n","protected":false},"excerpt":{"rendered":"<p>Yith Co\u00fbt des marchandises pour WooCommerce Premium est un plugin incroyablement sophistiqu\u00e9 et avanc\u00e9 qui a \u00e9t\u00e9 m\u00e9ticuleusement con\u00e7u pour vous fournir une assistance in\u00e9gal\u00e9e pour calculer et g\u00e9rer efficacement le co\u00fbt des marchandises vendues dans votre boutique WooCommerce. Cet outil remarquable offre une abondance de capacit\u00e9s impressionnantes, y compris, mais sans s&rsquo;y limiter, la possibilit\u00e9 de surveiller et de suivre sans effort vos co\u00fbts d&rsquo;inventaire, de scruter et d&rsquo;analyser m\u00e9ticuleusement vos marges b\u00e9n\u00e9ficiaires, et d&rsquo;optimiser habilement votre strat\u00e9gie de tarification afin d&rsquo;amplifier consid\u00e9rablement vos ventes et revenus globaux. De plus, ce plugin exceptionnel est \u00e9quip\u00e9 d&rsquo;une gamme impressionnante de fonctionnalit\u00e9s inestimables telles que l&rsquo;\u00e9dition en vrac, des rapports complets et des outils d&rsquo;analyse m\u00e9ticuleux qui vous permettra incontestablement de prendre des d\u00e9cisions en ligne exceptionnellement bien inform\u00e9es et tr\u00e8s avantageuses concernant la gestion de votre magasin en ligne estim\u00e9. Peu importe que vous soyez un entrepreneur \u00e0 petite \u00e9chelle ou un g\u00e9ant de commerce \u00e9lectronique pro\u00e9minent et florissant, il est ind\u00e9niable que le co\u00fbt des marchandises pour WooCommerce est incontestablement la solution par excellence qui rationalisera de mani\u00e8re transparente les processus de gestion des stocks et contribuera finalement \u00e0 un notable notable et ne contribuera pas \u00e0 un notable de mani\u00e8re transparente et contribuent finalement \u00e0 une note notable de mani\u00e8re transparente et contribuent finalement \u00e0 une note notable de mani\u00e8re transparente et contribuent finalement \u00e0 une note notable de mani\u00e8re transparente et contribuent finalement \u00e0 une note notable de mani\u00e8re transparente et contribuent finalement \u00e0 une note notable et \u00e0 Notable de mani\u00e8re fasse augmentation de votre r\u00e9sultat net.<\/p>\n","protected":false},"featured_media":146365,"comment_status":"open","ping_status":"closed","template":"","meta":[],"product_brand":[2487],"product_cat":[1183,1182,1181],"product_tag":[1437],"class_list":{"0":"post-105946","1":"product","2":"type-product","3":"status-publish","4":"has-post-thumbnail","6":"product_brand-yith","7":"product_cat-administration","8":"product_cat-commerce-electronique-plugins","9":"product_cat-plugins","10":"product_tag-yith","11":"member-discount","12":"discount-restricted","14":"first","15":"instock","16":"sale","17":"downloadable","18":"virtual","19":"sold-individually","20":"purchasable","21":"product-type-simple"},"_links":{"self":[{"href":"https:\/\/gpl-love.com\/fr\/wp-json\/wp\/v2\/product\/105946","targetHints":{"allow":["GET"]}}],"collection":[{"href":"https:\/\/gpl-love.com\/fr\/wp-json\/wp\/v2\/product"}],"about":[{"href":"https:\/\/gpl-love.com\/fr\/wp-json\/wp\/v2\/types\/product"}],"replies":[{"embeddable":true,"href":"https:\/\/gpl-love.com\/fr\/wp-json\/wp\/v2\/comments?post=105946"}],"wp:featuredmedia":[{"embeddable":true,"href":"https:\/\/gpl-love.com\/fr\/wp-json\/wp\/v2\/media\/146365"}],"wp:attachment":[{"href":"https:\/\/gpl-love.com\/fr\/wp-json\/wp\/v2\/media?parent=105946"}],"wp:term":[{"taxonomy":"product_brand","embeddable":true,"href":"https:\/\/gpl-love.com\/fr\/wp-json\/wp\/v2\/product_brand?post=105946"},{"taxonomy":"product_cat","embeddable":true,"href":"https:\/\/gpl-love.com\/fr\/wp-json\/wp\/v2\/product_cat?post=105946"},{"taxonomy":"product_tag","embeddable":true,"href":"https:\/\/gpl-love.com\/fr\/wp-json\/wp\/v2\/product_tag?post=105946"}],"curies":[{"name":"wp","href":"https:\/\/api.w.org\/{rel}","templated":true}]}}