{"id":105944,"date":"2023-07-10T00:00:00","date_gmt":"2023-07-09T22:00:00","guid":{"rendered":"http:\/\/gpl-love.com\/fr\/product\/yith-produits-composites-pour-woocommerce-haut-de-gamme\/"},"modified":"2026-04-18T06:31:32","modified_gmt":"2026-04-18T04:31:32","slug":"yith-composite-products-for-woocommerce-premium","status":"publish","type":"product","link":"https:\/\/gpl-love.com\/fr\/produit\/yith-composite-products-for-woocommerce-premium\/","title":{"rendered":"YITH Composite Products pour WooCommerce Premium 1.24.0"},"content":{"rendered":"<h3>YITH Composite Products pour WooCommerce Premium Traits<\/h3>\n<p>Yith Composite Products for WooCommerce Premium est un outil exceptionnellement puissant et riche en fonctionnalit\u00e9s qui vous permet de cr\u00e9er sans effort des groupes de produits captivants et s\u00e9duisants en regroupant ing\u00e9nieusement une gamme diversifi\u00e9e d&rsquo;articles distincts en un seul emballage global. Ce plugin remarquable vous accorde l&rsquo;incroyable capacit\u00e9 \u00e0 \u00e9laborer m\u00e9ticuleusement des kits de produits enti\u00e8rement personnalisables, compar\u00e9s d&rsquo;une pl\u00e9thore d&rsquo;articles diff\u00e9rents, chacun avec ses propres quantit\u00e9s, prix et attributs uniques. En int\u00e9grant de mani\u00e8re transparente les produits composites Yith pour WooCommerce Premium dans votre plate-forme de commerce \u00e9lectronique, vous pourrez \u00e9lever les escapades de shopping de vos clients vers des sommets inexplor\u00e9s, r\u00e9pondant sans effort \u00e0 leurs d\u00e9sirs idiosyncratiques et \u00e0 leurs besoins sp\u00e9cifiques. Le plugin poss\u00e8de une interface utilisateur remarquablement intuitive, qui rationalise \u00e0 merveille l&rsquo;ensemble du processus de cr\u00e9ation de produits composites envo\u00fbtants, et vous pr\u00e9sente de mani\u00e8re transparente un vaste r\u00e9pertoire d&rsquo;options flexibles et personnalisables, vous permettant d&rsquo;adapter vos faisceaux de produits pour s&rsquo;adapter impeccablement aux pr\u00e9f\u00e9rences discernantes de vos clients pour les pr\u00e9f\u00e9rences discernantes de vos clients pour les pr\u00e9f\u00e9rences de clients de vos clients. et les besoins individualistes. Moreover, this extraordinary plugin endows you with the unparalleled ability to adroitly configure your product kit&rsquo;s pricing rules, enabling you to astutely offer enticing discounts, surcharges, and markdowns on the composite products, further augmenting the allure of your offerings, and fortifying your prospects of s\u00e9curiser plus de ventes. Ind\u00e9niablement, Yith Composite Products for WooCommerce Premium est un actif indispensable et inestimable qui est imp\u00e9ratif sans \u00e9quivoque pour tout propri\u00e9taire de magasin WooCommerce pour maximiser leurs revenus et s&rsquo;efforcer de fa\u00e7on ferve Impression ind\u00e9l\u00e9bile sur leur c\u0153ur et leur esprit.<\/p>\n<ul>\n<li>Cr\u00e9ez facilement des produits composites personnalisables<\/li>\n<li>Incorporer plusieurs produits dans un seul paquet<\/li>\n<li>Personnaliser les options de produit individuelles pour chaque offre composite<\/li>\n<li>Ajouter des images et des descriptions de produits pour une meilleure clart\u00e9<\/li>\n<li>Afficher le prix et les informations d&rsquo;inventaire pour chaque offre composite<\/li>\n<li>Activer les prix d\u00e9finis par l&rsquo;utilisateur pour les produits composites<\/li>\n<li>Compatible avec la plate-forme WooCommerce pour l&rsquo;int\u00e9gration transparente<\/li>\n<li>R\u00e9duction automatique des stocks lors de la vente de produits composites<\/li>\n<li>Documentation d\u00e9taill\u00e9e et support disponibles pour le d\u00e9pannage et l&rsquo;optimisation<\/li>\n<\/ul>\n","protected":false},"excerpt":{"rendered":"<p>Yith Composite Products for WooCommerce Premium, un plugin extr\u00eamement robuste, vous pr\u00e9sente une incroyable opportunit\u00e9 de g\u00e9n\u00e9rer des faisceaux de produits personnalis\u00e9s pour votre vitrine virtuelle. En utilisant ce plugin, vous poss\u00e9dez la capacit\u00e9 transparente pour fumer une multitude de produits distincts et construire de mani\u00e8re transparente un package solitaire que les clients potentiels peuvent se procurer sans effort, leur offrant ainsi un degr\u00e9 de libert\u00e9 et de choix in\u00e9gal\u00e9 tout en parcourant votre site Web estim\u00e9. L&rsquo;it\u00e9ration premium de ce plugin poss\u00e8de un tableau de caract\u00e9ristiques suppl\u00e9mentaires, notamment la capacit\u00e9 d&rsquo;incorporer des options sur mesure dans chaque composant constituant du faisceau composite, ainsi que la capacit\u00e9 de surveiller m\u00e9ticuleusement l&rsquo;inventaire des produits group\u00e9s. Immerger vos pr\u00e9cieux clients dans une \u00e9preuve de vente au d\u00e9tail in\u00e9gal\u00e9e et exclusive gr\u00e2ce \u00e0 l&rsquo;utilisation de produits composites Yith pour WooCommerce Premium.<\/p>\n","protected":false},"featured_media":146364,"comment_status":"open","ping_status":"closed","template":"","meta":[],"product_brand":[2487],"product_cat":[1182,1223,1181],"product_tag":[1437],"class_list":{"0":"post-105944","1":"product","2":"type-product","3":"status-publish","4":"has-post-thumbnail","6":"product_brand-yith","7":"product_cat-commerce-electronique-plugins","8":"product_cat-personnalisation-commerce-electronique-plugins","9":"product_cat-plugins","10":"product_tag-yith","11":"member-discount","12":"discount-restricted","14":"first","15":"instock","16":"sale","17":"downloadable","18":"virtual","19":"sold-individually","20":"purchasable","21":"product-type-simple"},"_links":{"self":[{"href":"https:\/\/gpl-love.com\/fr\/wp-json\/wp\/v2\/product\/105944","targetHints":{"allow":["GET"]}}],"collection":[{"href":"https:\/\/gpl-love.com\/fr\/wp-json\/wp\/v2\/product"}],"about":[{"href":"https:\/\/gpl-love.com\/fr\/wp-json\/wp\/v2\/types\/product"}],"replies":[{"embeddable":true,"href":"https:\/\/gpl-love.com\/fr\/wp-json\/wp\/v2\/comments?post=105944"}],"wp:featuredmedia":[{"embeddable":true,"href":"https:\/\/gpl-love.com\/fr\/wp-json\/wp\/v2\/media\/146364"}],"wp:attachment":[{"href":"https:\/\/gpl-love.com\/fr\/wp-json\/wp\/v2\/media?parent=105944"}],"wp:term":[{"taxonomy":"product_brand","embeddable":true,"href":"https:\/\/gpl-love.com\/fr\/wp-json\/wp\/v2\/product_brand?post=105944"},{"taxonomy":"product_cat","embeddable":true,"href":"https:\/\/gpl-love.com\/fr\/wp-json\/wp\/v2\/product_cat?post=105944"},{"taxonomy":"product_tag","embeddable":true,"href":"https:\/\/gpl-love.com\/fr\/wp-json\/wp\/v2\/product_tag?post=105944"}],"curies":[{"name":"wp","href":"https:\/\/api.w.org\/{rel}","templated":true}]}}