{"id":105942,"date":"2025-09-01T00:00:00","date_gmt":"2025-08-31T22:00:00","guid":{"rendered":"http:\/\/gpl-love.com\/fr\/product\/yith-reservation-et-rendez-vous-pour-woocommerce-prime\/"},"modified":"2026-04-18T06:31:24","modified_gmt":"2026-04-18T04:31:24","slug":"yith-booking-and-appointment-for-woocommerce-premium","status":"publish","type":"product","link":"https:\/\/gpl-love.com\/fr\/produit\/yith-booking-and-appointment-for-woocommerce-premium\/","title":{"rendered":"YITH Booking et Appointment pour WooCommerce Premium 5.31.0"},"content":{"rendered":"<h3>YITH Booking et Appointment pour WooCommerce Premium Traits<\/h3>\n<p>La r\u00e9servation et la nomination de Yith pour WooCommerce Premium est un plugin remarquablement robuste qui accorde aux utilisateurs la commodit\u00e9 de planifier des rendez-vous et des r\u00e9servations. Ce formidable plugin WordPress pr\u00e9sente une gamme compl\u00e8te de fonctionnalit\u00e9s qui peuvent \u00eatre int\u00e9gr\u00e9es sans effort dans n&rsquo;importe quel site Web WooCommerce. \u00c0 l&rsquo;aide de ce plugin, les utilisateurs ont la capacit\u00e9 de configurer des formulaires de r\u00e9servation et de rendez-vous adaptables pour une gamme diversifi\u00e9e de services, y compris, mais sans s&rsquo;y limiter, les r\u00e9servations d&rsquo;h\u00f4tels, les traitements de spa et les rendez-vous chez le m\u00e9decin. \u00c9quip\u00e9 d&rsquo;une pl\u00e9thore d&rsquo;attributs inestimables tels que des r\u00e8gles de tarification flexibles, une gestion de la disponibilit\u00e9, des notifications par e-mail automatiques, et plus encore, ce plugin se d\u00e9marque vraiment. L&rsquo;interface est con\u00e7ue pour \u00eatre conviviale, permettant aux utilisateurs de g\u00e9rer sans effort leurs r\u00e9servations et rendez-vous. Ce plugin sert de solution exceptionnelle aux entreprises qui s&rsquo;appuient fortement sur des services bas\u00e9s sur des nominations et cherchent \u00e0 rationaliser leur processus de r\u00e9servation, \u00e0 am\u00e9liorer l&rsquo;efficacit\u00e9 op\u00e9rationnelle et, finalement, \u00e0 augmenter la satisfaction des clients.<\/p>\n<ul>\n<li>Permet aux entreprises de g\u00e9rer facilement les r\u00e9servations et les rendez-vous sur leur site Web WooCommerce<\/li>\n<li>S&rsquo;int\u00e8gre parfaitement \u00e0 WooCommerce, afin que les entreprises puissent g\u00e9rer les r\u00e9servations et les rendez-vous \u00e0 partir du m\u00eame backend que leur boutique en ligne<\/li>\n<li>Offre une flexibilit\u00e9 pour personnaliser les param\u00e8tres de r\u00e9servation, tels que les dur\u00e9es de rendez-vous et les temps de disponibilit\u00e9<\/li>\n<li>Fournit un calendrier de r\u00e9servation convivial pour les clients pour afficher la disponibilit\u00e9 et les rendez-vous de r\u00e9servation<\/li>\n<li>Comprend des notifications par e-mail pour les clients et les propri\u00e9taires d&rsquo;entreprise pour confirmer et rappeler les rendez-vous<\/li>\n<li>Offre la possibilit\u00e9 d&rsquo;accepter les paiements en ligne pour les rendez-vous<\/li>\n<li>Permet aux entreprises de mettre en place diff\u00e9rents membres du personnel avec une disponibilit\u00e9 et des prix uniques pour leurs services<\/li>\n<li>Fournit des rapports et des analyses perspicaces pour suivre les r\u00e9servations, les revenus et les performances du personnel<\/li>\n<li>Fonctionne le support multilingue d&rsquo;un public mondial.<\/li>\n<\/ul>\n","protected":false},"excerpt":{"rendered":"<p>La r\u00e9servation et la nomination de Yith pour WooCommerce Premium appara\u00eet comme un plugin de gestion de r\u00e9servation extr\u00eamement sophistiqu\u00e9, facilitant ainsi la fourniture transparente des services de nomination et de r\u00e9servation sur votre magasin WooCommerce. \u00c9quip\u00e9 d&rsquo;une interface remarquablement robuste et conviviale, il vous permet de g\u00e9n\u00e9rer sans effort des formes diverses de services de r\u00e9servation, de configurer les dates et les heures disponibles et d&rsquo;adapter le formulaire de r\u00e9servation conform\u00e9ment \u00e0 vos exigences uniques. La fourniture de confirmations automatis\u00e9es, de rappels et de notifications sert de commodit\u00e9 suppl\u00e9mentaire aux clients, qui peuvent facilement faire des r\u00e9servations sur votre site Web. De plus, garantissant la gestion sans effort de vos r\u00e9servations et rendez-vous, le plugin vous permet de parcourir les horaires et de g\u00e9n\u00e9rer des rapports complets. Par cons\u00e9quent, la r\u00e9servation et la nomination de Yith pour WooCommerce Premium apparaissent comme une solution exceptionnellement fiable et tr\u00e8s efficace pour administrer efficacement les r\u00e9servations et les rendez-vous sur votre boutique en ligne estim\u00e9e.<\/p>\n","protected":false},"featured_media":146355,"comment_status":"open","ping_status":"closed","template":"","meta":[],"product_brand":[2487],"product_cat":[1183,1182,1181],"product_tag":[1437],"class_list":{"0":"post-105942","1":"product","2":"type-product","3":"status-publish","4":"has-post-thumbnail","6":"product_brand-yith","7":"product_cat-administration","8":"product_cat-commerce-electronique-plugins","9":"product_cat-plugins","10":"product_tag-yith","11":"member-discount","12":"discount-restricted","14":"first","15":"instock","16":"sale","17":"downloadable","18":"virtual","19":"sold-individually","20":"purchasable","21":"product-type-simple"},"_links":{"self":[{"href":"https:\/\/gpl-love.com\/fr\/wp-json\/wp\/v2\/product\/105942","targetHints":{"allow":["GET"]}}],"collection":[{"href":"https:\/\/gpl-love.com\/fr\/wp-json\/wp\/v2\/product"}],"about":[{"href":"https:\/\/gpl-love.com\/fr\/wp-json\/wp\/v2\/types\/product"}],"replies":[{"embeddable":true,"href":"https:\/\/gpl-love.com\/fr\/wp-json\/wp\/v2\/comments?post=105942"}],"wp:featuredmedia":[{"embeddable":true,"href":"https:\/\/gpl-love.com\/fr\/wp-json\/wp\/v2\/media\/146355"}],"wp:attachment":[{"href":"https:\/\/gpl-love.com\/fr\/wp-json\/wp\/v2\/media?parent=105942"}],"wp:term":[{"taxonomy":"product_brand","embeddable":true,"href":"https:\/\/gpl-love.com\/fr\/wp-json\/wp\/v2\/product_brand?post=105942"},{"taxonomy":"product_cat","embeddable":true,"href":"https:\/\/gpl-love.com\/fr\/wp-json\/wp\/v2\/product_cat?post=105942"},{"taxonomy":"product_tag","embeddable":true,"href":"https:\/\/gpl-love.com\/fr\/wp-json\/wp\/v2\/product_tag?post=105942"}],"curies":[{"name":"wp","href":"https:\/\/api.w.org\/{rel}","templated":true}]}}