{"id":105940,"date":"2021-04-15T00:00:00","date_gmt":"2021-04-14T22:00:00","guid":{"rendered":"http:\/\/gpl-love.com\/fr\/product\/yith-meilleur-prix-garanti-pour-woocommerce-prime\/"},"modified":"2026-04-18T06:31:22","modified_gmt":"2026-04-18T04:31:22","slug":"yith-best-price-guaranteed-for-woocommerce-premium","status":"publish","type":"product","link":"https:\/\/gpl-love.com\/fr\/produit\/yith-best-price-guaranteed-for-woocommerce-premium\/","title":{"rendered":"YITH Best Price Guaranteed pour WooCommerce Premium 1.2.26"},"content":{"rendered":"<h3>YITH Best Price Guaranteed pour WooCommerce Premium Traits<\/h3>\n<p>Yith le meilleur prix garanti pour WooCommerce Premium est un plugin extr\u00eamement robuste qui accorde la capacit\u00e9 des propri\u00e9taires des magasins en ligne pour offrir leurs clients avec les prix sup\u00e9rieurs les plus r\u00e9alisables. Ce plugin ing\u00e9nieux permet aux clients de solliciter un prix plus favorable pour un produit explicitement d\u00e9sign\u00e9, et il permet ainsi au propri\u00e9taire du magasin de consentir ou de refuser la demande. Si la demande est accord\u00e9e, le client sera ainsi accord\u00e9 avec un code de r\u00e9duction sur mesure et le plugin sera, de mani\u00e8re automatis\u00e9e, administrera la remise au produit. Ce plugin exceptionnel facilite non seulement l&rsquo;augmentation de la satisfaction et de la loyaut\u00e9 chez les clients, mais elle sert \u00e9galement de catalyseur \u00e0 l&rsquo;amplification des ventes en offrant des prix qui engendrent la concurrence. Yith le meilleur prix garanti pour WooCommerce Premium, avec ses installations faciles et ses fonctionnalit\u00e9s personnalisables, est un imp\u00e9ratif absolu pour tous les magasins en ligne.<\/p>\n<ul>\n<li>Yith le meilleur prix garanti pour WooCommerce Premium est un plugin puissant qui aide \u00e0 augmenter les ventes et la fid\u00e9lit\u00e9 des clients<\/li>\n<li>Le plugin garantit que les clients obtiennent toujours le meilleur prix pour le produit qu&rsquo;ils ach\u00e8tent<\/li>\n<li>Il propose une interface facile \u00e0 utiliser qui permet aux propri\u00e9taires de magasins de configurer et de personnaliser rapidement la meilleure strat\u00e9gie de garantie de prix<\/li>\n<li>Avec ce plugin, les propri\u00e9taires de magasins peuvent surveiller les prix des concurrents et ajuster leurs propres prix en cons\u00e9quence<\/li>\n<li>Les clients peuvent soumettre une demande de prix inf\u00e9rieur s&rsquo;ils trouvent le m\u00eame produit ailleurs \u00e0 un prix inf\u00e9rieur<\/li>\n<li>Le plugin s&rsquo;int\u00e8gre parfaitement \u00e0 la plate-forme WooCommerce pour une exp\u00e9rience sans tracas<\/li>\n<li>Yith le meilleur prix garanti pour WooCommerce Premium offre une documentation approfondie et une prise en charge d\u00e9di\u00e9e aux utilisateurs<\/li>\n<li>Le plugin est r\u00e9guli\u00e8rement mis \u00e0 jour avec de nouvelles fonctionnalit\u00e9s et am\u00e9liorations pour assurer la meilleure exp\u00e9rience pour les utilisateurs<\/li>\n<li>Il offre un excellent rapport qualit\u00e9-prix, en particulier pour les entreprises qui cherchent \u00e0 stimuler les ventes et \u00e0 conserver des clients fid\u00e8les.<\/li>\n<\/ul>\n","protected":false},"excerpt":{"rendered":"<p>Yith le meilleur prix garanti pour WooCommerce Premium est un plugin incroyablement robuste et tr\u00e8s efficace qui a \u00e9t\u00e9 sp\u00e9cialement con\u00e7u pour \u00e9lever et \u00e9lever l&rsquo;exp\u00e9rience d&rsquo;achat num\u00e9rique globale pour tous les marchands et clients participants. En utilisant ce plugin de pointe, les propri\u00e9taires de magasins en ligne sont en mesure de proposer fermement et en toute confiance les meilleurs prix disponibles pour leur vaste gamme de produits et services \u00e0 leur client\u00e8le estim\u00e9e. Ce plugin, dans son engagement in\u00e9branlable envers l&rsquo;excellence, garantit sans \u00e9quivoque que les prix indiqu\u00e9s sur le site Web sont en effet les prix les plus bas possibles possibles. De plus, si un client, par une chance extraordinaire, tombe sur une offre plus favorable et plus attrayante ailleurs, ce plugin, servant d&#8217;embl\u00e8me d&rsquo;une \u00e9quit\u00e9 in\u00e9branlable et d&rsquo;un d\u00e9vouement \u00e0 la satisfaction du client, fournira rapidement et efficacement un code de coupon unique qui repr\u00e9sente pr\u00e9cis\u00e9ment le La disparit\u00e9 mon\u00e9taire entre le prix d&rsquo;origine et l&rsquo;offre nouvellement d\u00e9couverte et plus avantageuse. En plus de ce niveau d&rsquo;assurance in\u00e9gal\u00e9, ce plugin fournit une augmentation in\u00e9gal\u00e9e de l&rsquo;assurance client, favorisant un profond sentiment de fid\u00e9lit\u00e9 \u00e0 la marque parmi la client\u00e8le, ce qui, finalement et in\u00e9vitablement, conduit \u00e0 une augmentation importante des ventes.<\/p>\n","protected":false},"featured_media":146353,"comment_status":"open","ping_status":"closed","template":"","meta":[],"product_brand":[2487],"product_cat":[1183,1182,1181],"product_tag":[1437],"class_list":{"0":"post-105940","1":"product","2":"type-product","3":"status-publish","4":"has-post-thumbnail","6":"product_brand-yith","7":"product_cat-administration","8":"product_cat-commerce-electronique-plugins","9":"product_cat-plugins","10":"product_tag-yith","11":"member-discount","12":"discount-restricted","14":"first","15":"instock","16":"sale","17":"downloadable","18":"virtual","19":"sold-individually","20":"purchasable","21":"product-type-simple"},"_links":{"self":[{"href":"https:\/\/gpl-love.com\/fr\/wp-json\/wp\/v2\/product\/105940","targetHints":{"allow":["GET"]}}],"collection":[{"href":"https:\/\/gpl-love.com\/fr\/wp-json\/wp\/v2\/product"}],"about":[{"href":"https:\/\/gpl-love.com\/fr\/wp-json\/wp\/v2\/types\/product"}],"replies":[{"embeddable":true,"href":"https:\/\/gpl-love.com\/fr\/wp-json\/wp\/v2\/comments?post=105940"}],"wp:featuredmedia":[{"embeddable":true,"href":"https:\/\/gpl-love.com\/fr\/wp-json\/wp\/v2\/media\/146353"}],"wp:attachment":[{"href":"https:\/\/gpl-love.com\/fr\/wp-json\/wp\/v2\/media?parent=105940"}],"wp:term":[{"taxonomy":"product_brand","embeddable":true,"href":"https:\/\/gpl-love.com\/fr\/wp-json\/wp\/v2\/product_brand?post=105940"},{"taxonomy":"product_cat","embeddable":true,"href":"https:\/\/gpl-love.com\/fr\/wp-json\/wp\/v2\/product_cat?post=105940"},{"taxonomy":"product_tag","embeddable":true,"href":"https:\/\/gpl-love.com\/fr\/wp-json\/wp\/v2\/product_tag?post=105940"}],"curies":[{"name":"wp","href":"https:\/\/api.w.org\/{rel}","templated":true}]}}