{"id":105938,"date":"2025-08-31T00:00:00","date_gmt":"2025-08-30T22:00:00","guid":{"rendered":"http:\/\/gpl-love.com\/fr\/product\/yith-automatique-pour-role-changer-woocommerce-haut-de-gamme\/"},"modified":"2026-04-18T06:31:19","modified_gmt":"2026-04-18T04:31:19","slug":"yith-automatic-role-changer-for-woocommerce-premium","status":"publish","type":"product","link":"https:\/\/gpl-love.com\/fr\/produit\/yith-automatic-role-changer-for-woocommerce-premium\/","title":{"rendered":"YITH Automatic Role Changer pour WooCommerce Premium 2.3.0"},"content":{"rendered":"<h3>YITH Automatic Role Changer pour WooCommerce Premium Traits<\/h3>\n<p>Le changeur de r\u00f4le automatique Yith pour WooCommerce Premium est un plugin exceptionnellement robuste et percutant qui accorde aux propri\u00e9taires de magasins la possibilit\u00e9 d&rsquo;allouer sans effort des r\u00f4les utilisateur pr\u00e9cis aux clients lors de leur acquisition de produits particuliers ou de la r\u00e9alisation d&rsquo;un seuil de d\u00e9penses d\u00e9sign\u00e9. Ce plugin ing\u00e9nieux sert \u00e0 acc\u00e9l\u00e9rer la t\u00e2che autrement laborieuse de g\u00e9rer les r\u00f4les des clients, garantissant efficacement que les clients sont accord\u00e9s aux privil\u00e8ges l\u00e9gitimes et \u00e0 l&rsquo;acc\u00e8s sans entrave \u00e0 leurs comptes individuels. Avec le changeur automatique des r\u00f4les, accord\u00e9 \u00e0 leur magasin WooCommerce, les propri\u00e9taires de magasins entreprenants peuvent harmoniser efficacement leurs flux de travail, \u00e9conomiser un temps pr\u00e9cieux et augmenter consid\u00e9rablement l&rsquo;exp\u00e9rience client globale. De plus, ce plugin exemplaire peut \u00eatre facilement install\u00e9 et poss\u00e8de une myriade de param\u00e8tres personnalisables, ce qui le rend une augmentation indispensable et tr\u00e8s avantageuse de tout magasin WooCommerce qui cherche ardemment \u00e0 optimiser et \u00e0 affiner ses capacit\u00e9s de gestion des utilisateurs \u00e0 la perfection.<\/p>\n<ul>\n<li>Le changeur de r\u00f4le automatique Yith pour WooCommerce Premium est un plugin qui vous permet d&rsquo;attribuer automatiquement des r\u00f4les utilisateur dans votre magasin WooCommerce en fonction de conditions sp\u00e9cifiques.<\/li>\n<li>Avec ce plugin, vous pouvez cr\u00e9er des r\u00e8gles qui attribuent des r\u00f4les aux utilisateurs en fonction de leur historique d&rsquo;achat, de leur total de commandes ou d&rsquo;autres crit\u00e8res.<\/li>\n<li>Cela permet d&rsquo;offrir facilement des remises ou des privil\u00e8ges sp\u00e9ciaux aux clients fid\u00e8les ou \u00e0 ceux qui ont fait d&rsquo;importants achats.<\/li>\n<li>Le plugin est facile \u00e0 configurer et \u00e0 personnaliser, avec une interface utilisateur simple qui vous permet de cr\u00e9er, de modifier et de supprimer facilement les r\u00e8gles.<\/li>\n<li>Vous pouvez \u00e9galement configurer des notifications pour informer les utilisateurs quand leurs r\u00f4les ont chang\u00e9 et configurer le plugin pour appliquer les r\u00f4les r\u00e9troactivement pour les clients existants.<\/li>\n<li>En plus d&rsquo;am\u00e9liorer les efforts de fid\u00e9lit\u00e9 et de r\u00e9tention de vos clients, le changeur automatique des r\u00f4les peut \u00e9galement aider \u00e0 rationaliser la gestion de votre magasin en r\u00e9duisant les affectations de r\u00f4le manuelles et en automatisant les t\u00e2ches r\u00e9p\u00e9titives.<\/li>\n<li>La version premium du plugin propose des fonctionnalit\u00e9s suppl\u00e9mentaires telles que la prise en charge de plusieurs r\u00f4les par utilisateur, des r\u00e8gles bas\u00e9es sur des cat\u00e9gories de produits ou des balises, et la possibilit\u00e9 d&rsquo;appliquer des r\u00f4les aux utilisateurs sans les obliger \u00e0 faire un achat.<\/li>\n<\/ul>\n","protected":false},"excerpt":{"rendered":"<p>Le changeur de r\u00f4le automatique de Yith pour WooCommerce Premium est un plugin innovant et avanc\u00e9 qui a \u00e9t\u00e9 m\u00e9ticuleusement cr\u00e9\u00e9 dans l&rsquo;objectif principal de simplifier et de faciliter le processus d&rsquo;affectation et de gestion des r\u00f4les pour les personnes qui poss\u00e8dent des magasins en ligne. En utilisant ce plugin exceptionnel, les propri\u00e9taires de magasins en ligne sont en mesure d&rsquo;allouer des r\u00f4les sans effort et automatiquement \u00e0 leurs clients en fonction de leurs actions. En outre, ce plugin permet aux utilisateurs d&rsquo;\u00e9tablir un r\u00f4le par d\u00e9faut pour les nouveaux clients et offre m\u00eame la capacit\u00e9 de remplacer manuellement les param\u00e8tres de r\u00f4le individuels. En utilisant cet outil inestimable, les propri\u00e9taires de magasins en ligne sont en mesure d&rsquo;optimiser leur efficacit\u00e9 et de garantir le fonctionnement transparent de leur magasin en \u00e9radiquant la n\u00e9cessit\u00e9 de s&rsquo;engager dans une affectation de r\u00f4le manuelle laborieuse. Restez enti\u00e8rement inform\u00e9 des activit\u00e9s de vos clients et rationalisez sans effort la gestion de votre magasin avec le remarquable changeur de r\u00f4le automatique pour WooCommerce Premium.<\/p>\n","protected":false},"featured_media":146350,"comment_status":"open","ping_status":"closed","template":"","meta":[],"product_brand":[2487],"product_cat":[1183,1182,1181],"product_tag":[1437],"class_list":{"0":"post-105938","1":"product","2":"type-product","3":"status-publish","4":"has-post-thumbnail","6":"product_brand-yith","7":"product_cat-administration","8":"product_cat-commerce-electronique-plugins","9":"product_cat-plugins","10":"product_tag-yith","11":"member-discount","12":"discount-restricted","14":"first","15":"instock","16":"sale","17":"downloadable","18":"virtual","19":"sold-individually","20":"purchasable","21":"product-type-simple"},"_links":{"self":[{"href":"https:\/\/gpl-love.com\/fr\/wp-json\/wp\/v2\/product\/105938","targetHints":{"allow":["GET"]}}],"collection":[{"href":"https:\/\/gpl-love.com\/fr\/wp-json\/wp\/v2\/product"}],"about":[{"href":"https:\/\/gpl-love.com\/fr\/wp-json\/wp\/v2\/types\/product"}],"replies":[{"embeddable":true,"href":"https:\/\/gpl-love.com\/fr\/wp-json\/wp\/v2\/comments?post=105938"}],"wp:featuredmedia":[{"embeddable":true,"href":"https:\/\/gpl-love.com\/fr\/wp-json\/wp\/v2\/media\/146350"}],"wp:attachment":[{"href":"https:\/\/gpl-love.com\/fr\/wp-json\/wp\/v2\/media?parent=105938"}],"wp:term":[{"taxonomy":"product_brand","embeddable":true,"href":"https:\/\/gpl-love.com\/fr\/wp-json\/wp\/v2\/product_brand?post=105938"},{"taxonomy":"product_cat","embeddable":true,"href":"https:\/\/gpl-love.com\/fr\/wp-json\/wp\/v2\/product_cat?post=105938"},{"taxonomy":"product_tag","embeddable":true,"href":"https:\/\/gpl-love.com\/fr\/wp-json\/wp\/v2\/product_tag?post=105938"}],"curies":[{"name":"wp","href":"https:\/\/api.w.org\/{rel}","templated":true}]}}