{"id":105936,"date":"2025-09-09T00:00:00","date_gmt":"2025-09-08T22:00:00","guid":{"rendered":"http:\/\/gpl-love.com\/fr\/product\/encheres-yith-pour-woocommerce-premium\/"},"modified":"2026-05-10T06:31:14","modified_gmt":"2026-05-10T04:31:14","slug":"yith-auctions-for-woocommerce-premium","status":"publish","type":"product","link":"https:\/\/gpl-love.com\/fr\/produit\/yith-auctions-for-woocommerce-premium\/","title":{"rendered":"YITH Auctions pour WooCommerce Premium 4.17.0"},"content":{"rendered":"<h3>YITH Auctions pour WooCommerce Premium Traits<\/h3>\n<p>Yith Auctions pour WooCommerce Premium est un outil extr\u00eamement formidable qui r\u00e9pond aux besoins des entreprises d&rsquo;ench\u00e8res en ligne avec une grande efficacit\u00e9. Il permet aux vendeurs d&rsquo;\u00e9tablir et de superviser sans effort les ench\u00e8res au sein de leur magasin WooCommerce, de fournir aux acheteurs un syst\u00e8me d&rsquo;appel d&rsquo;offres remarquablement convivial, ainsi que la capacit\u00e9 de examiner et de superviser leurs offres en temps r\u00e9el. Ce plugin remarquable est impr\u00e9gn\u00e9 d&rsquo;un niveau d&rsquo;adaptabilit\u00e9 remarquable, lui permettant de s&rsquo;int\u00e9grer parfaitement \u00e0 WooCommerce tout en accordant simultan\u00e9ment aux vendeurs avec un \u00e9ventail complet de fonctionnalit\u00e9s qui leur permettent de g\u00e9rer efficacement leurs ench\u00e8res. Ces fonctionnalit\u00e9s englobent les ench\u00e8res automatiques, les prix de r\u00e9serve, les notifications finales des ench\u00e8res et de nombreuses autres fonctionnalit\u00e9s. En adoptant des ench\u00e8res Yith pour WooCommerce Premium, les entreprises d&rsquo;ench\u00e8res en ligne peuvent sans effort forger et g\u00e9rer les ench\u00e8res, augmenter leurs ventes et leurs revenus, et offrir \u00e0 leurs acheteurs une exp\u00e9rience qui est tout simplement sans couture et engageante.<\/p>\n<ul>\n<li>Vous permet de cr\u00e9er et de g\u00e9rer les ench\u00e8res directement \u00e0 partir de votre boutique WooCommerce<\/li>\n<li>Offre diverses options d&rsquo;appel d&rsquo;offres, y compris les ench\u00e8res automatiques et les param\u00e8tres des prix<\/li>\n<li>Fournit une interface d&rsquo;ench\u00e8res conviviale pour les acheteurs et les vendeurs<\/li>\n<li>Vous permet de d\u00e9finir des dur\u00e9es d&rsquo;ench\u00e8res et des temps de d\u00e9part et de fin<\/li>\n<li>Vous permet d&rsquo;afficher des informations sur les ench\u00e8res sur les pages de produits et dans les zones de widgets<\/li>\n<li>S&rsquo;int\u00e8gre \u00e0 WooCommerce et \u00e0 d&rsquo;autres passerelles de paiement populaires pour des transactions d&rsquo;appel d&rsquo;offres s\u00e9curis\u00e9es et faciles<\/li>\n<li>Fournit des rapports et des analyses d&rsquo;ench\u00e8res d\u00e9taill\u00e9es pour une meilleure compr\u00e9hension de vos performances de vente<\/li>\n<li>Offre des notifications par e-mail personnalisables pour tenir les soumissionnaires inform\u00e9s des mises \u00e0 jour et des r\u00e9sultats des ench\u00e8res<\/li>\n<li>Fournit un support client fiable et des mises \u00e0 jour r\u00e9guli\u00e8res pour une exp\u00e9rience d&rsquo;ench\u00e8res lisse et transparente.<\/li>\n<\/ul>\n","protected":false},"excerpt":{"rendered":"<p>Les ench\u00e8res Yith pour WooCommerce Premium, un plugin exceptionnel, fournissent un effet augmentant sur la fonctionnalit\u00e9 de votre boutique WooCommerce, vous accordant par la pr\u00e9sente la capacit\u00e9 sans effort d&rsquo;accueillir des ench\u00e8res sur votre site Web. Au moyen de ce plugin exceptionnel, vous avez la possibilit\u00e9 de fabriquer des produits d&rsquo;ench\u00e8res, d&rsquo;\u00e9tablir des prix de d\u00e9marrage et de r\u00e9serve et m\u00eame de d\u00e9terminer un prix de rachat pour les clients qui aspirent \u00e0 contourner compl\u00e8tement le processus d&rsquo;ench\u00e8res. De plus, vous \u00eates autoris\u00e9 \u00e0 configurer \u00e0 la fois les temps de d\u00e9but et de r\u00e9siliation des ench\u00e8res, de g\u00e9rer efficacement les offres et d&rsquo;informer rapidement \u00e0 la fois le participant triomphant et le vendeur une fois que la vente aux ench\u00e8res est parvenue \u00e0 sa conclusion. Ce plugin premium est un choix in\u00e9gal\u00e9, un v\u00e9ritable joyau, pour les propri\u00e9taires de magasins WooCommerce qui souhaitent ardemment accorder \u00e0 leurs clients estim\u00e9s une m\u00e9thode agr\u00e9able et immersive pour acqu\u00e9rir des produits de leur site Web estim\u00e9.<\/p>\n","protected":false},"featured_media":146348,"comment_status":"open","ping_status":"closed","template":"","meta":[],"product_brand":[2487],"product_cat":[1183,1182,1181],"product_tag":[1437],"class_list":{"0":"post-105936","1":"product","2":"type-product","3":"status-publish","4":"has-post-thumbnail","6":"product_brand-yith","7":"product_cat-administration","8":"product_cat-commerce-electronique-plugins","9":"product_cat-plugins","10":"product_tag-yith","11":"member-discount","12":"discount-restricted","14":"first","15":"instock","16":"sale","17":"downloadable","18":"virtual","19":"sold-individually","20":"purchasable","21":"product-type-simple"},"_links":{"self":[{"href":"https:\/\/gpl-love.com\/fr\/wp-json\/wp\/v2\/product\/105936","targetHints":{"allow":["GET"]}}],"collection":[{"href":"https:\/\/gpl-love.com\/fr\/wp-json\/wp\/v2\/product"}],"about":[{"href":"https:\/\/gpl-love.com\/fr\/wp-json\/wp\/v2\/types\/product"}],"replies":[{"embeddable":true,"href":"https:\/\/gpl-love.com\/fr\/wp-json\/wp\/v2\/comments?post=105936"}],"wp:featuredmedia":[{"embeddable":true,"href":"https:\/\/gpl-love.com\/fr\/wp-json\/wp\/v2\/media\/146348"}],"wp:attachment":[{"href":"https:\/\/gpl-love.com\/fr\/wp-json\/wp\/v2\/media?parent=105936"}],"wp:term":[{"taxonomy":"product_brand","embeddable":true,"href":"https:\/\/gpl-love.com\/fr\/wp-json\/wp\/v2\/product_brand?post=105936"},{"taxonomy":"product_cat","embeddable":true,"href":"https:\/\/gpl-love.com\/fr\/wp-json\/wp\/v2\/product_cat?post=105936"},{"taxonomy":"product_tag","embeddable":true,"href":"https:\/\/gpl-love.com\/fr\/wp-json\/wp\/v2\/product_tag?post=105936"}],"curies":[{"name":"wp","href":"https:\/\/api.w.org\/{rel}","templated":true}]}}