{"id":105934,"date":"2022-05-02T00:00:00","date_gmt":"2022-05-01T22:00:00","guid":{"rendered":"http:\/\/gpl-love.com\/fr\/product\/yith-amazon-s3-premium\/"},"modified":"2026-04-18T06:31:15","modified_gmt":"2026-04-18T04:31:15","slug":"yith-amazon-s3-storage-premium","status":"publish","type":"product","link":"https:\/\/gpl-love.com\/fr\/produit\/yith-amazon-s3-storage-premium\/","title":{"rendered":"YITH Amazon S3 Storage Premium 1.9.0"},"content":{"rendered":"<h3>YITH Amazon S3 Storage Premium Traits<\/h3>\n<p>Yith Amazon S3 Storage Premium est un outil incroyablement robuste et puissant qui a \u00e9t\u00e9 habilement con\u00e7u pour simplifier et rationaliser la t\u00e2che ardue de g\u00e9rer les fichiers de site Web. Son objectif principal est de fournir aux utilisateurs les moyens de stocker et d&rsquo;organiser sans effort tous leurs fichiers de site Web dans le syst\u00e8me de stockage cloud Amazon S3 estim\u00e9, \u00e9liminant tout maux de t\u00eate ou complications inutiles. Ce qui distingue vraiment ce plugin exceptionnel de la concurrence, c&rsquo;est son int\u00e9gration transparente avec la biblioth\u00e8que de m\u00e9dias WordPress tr\u00e8s acclam\u00e9e, assurant une exp\u00e9rience fluide et efficace en mati\u00e8re de gestion des fichiers. Cet outil ph\u00e9nom\u00e9nal permet aux utilisateurs de t\u00e9l\u00e9charger sans effort des fichiers, de cr\u00e9er sans effort des dossiers et de superviser sans effort la gestion de leurs fichiers sans transpirer. De plus, il va au-del\u00e0 en offrant une gamme de fonctionnalit\u00e9s avanc\u00e9es con\u00e7ues pour r\u00e9pondre aux besoins et aux exigences sp\u00e9cifiques des entreprises. Ces fonctionnalit\u00e9s remarquables incluent la possibilit\u00e9 de personnaliser les autorisations de fichiers, la commodit\u00e9 des sauvegardes automatiques et le b\u00e9n\u00e9fice sans pr\u00e9c\u00e9dent de la capacit\u00e9 de stockage illimit\u00e9e. Lorsque tout est dit et fait, il est clair que Yith Amazon S3 Storage Premium est sans \u00e9quivoque la solution ultime pour les entreprises qui sont \u00e0 la recherche d&rsquo;une m\u00e9thode fiable et tr\u00e8s efficace pour g\u00e9rer efficacement leurs fichiers de site Web.<\/p>\n<ul>\n<li>Permet aux utilisateurs de stocker des fichiers sur les serveurs Amazon S3<\/li>\n<li>Acc\u00e9der facilement \u00e0 vos fichiers avec une authentification s\u00e9curis\u00e9e<\/li>\n<li>Fournit des sauvegardes automatiques pour vos fichiers<\/li>\n<li>Offre une prise en charge des grandes tailles de fichiers pour ceux qui ont besoin de plus de stockage<\/li>\n<li>S&rsquo;int\u00e8gre parfaitement \u00e0 WooCommerce, permettant une gestion facile des fichiers pour les magasins en ligne<\/li>\n<li>Fournit une interface conviviale pour une gestion de fichiers facile et organis\u00e9e<\/li>\n<li>Comprend des options de personnalisation avanc\u00e9es pour ceux qui ont besoin de plus de contr\u00f4le sur leurs fichiers<\/li>\n<li>Fournit un stockage et un acc\u00e8s fiables pour les entreprises et les particuliers<\/li>\n<li>Peut augmenter la vitesse et les performances du site Web en d\u00e9chargeant les fichiers vers les serveurs Amazon S3<\/li>\n<\/ul>\n","protected":false},"excerpt":{"rendered":"<p>Yith Amazon S3 Storage Premium se pr\u00e9sente comme une solution de stockage fiable qui s&rsquo;int\u00e8gre sans effort \u00e0 votre site Web, offrant une exp\u00e9rience utilisateur transparente. Ce plugin exceptionnellement robuste vous donne la possibilit\u00e9 de stocker en toute s\u00e9curit\u00e9 tous les fichiers multim\u00e9dias de votre site Web, tels que des images et des vid\u00e9os, sur les serveurs Amazon S3 tr\u00e8s efficaces, garantissant une livraison rapide de votre contenu. Int\u00e9gration des fonctionnalit\u00e9s avanc\u00e9es, y compris la sauvegarde et la synchronisation automatique avec la biblioth\u00e8que de m\u00e9dias WordPress, ce plugin facilite la gestion efficace de vos fichiers, rationalisant par la suite votre flux de travail. De plus, ce plugin premium poss\u00e8de un syst\u00e8me de contr\u00f4le d&rsquo;acc\u00e8s complet, garantissant la plus grande protection et le contr\u00f4le faisant autorit\u00e9 sur les donn\u00e9es inestimables de votre site. En optant pour le Yith Amazon S3 Storage Premium, vous pouvez am\u00e9liorer efficacement la vitesse, la fiabilit\u00e9 et la s\u00e9curit\u00e9 de votre site \u00e0 des niveaux sans pr\u00e9c\u00e9dent.<\/p>\n","protected":false},"featured_media":146346,"comment_status":"open","ping_status":"closed","template":"","meta":[],"product_brand":[2487],"product_cat":[1183,1182,1181],"product_tag":[1437],"class_list":{"0":"post-105934","1":"product","2":"type-product","3":"status-publish","4":"has-post-thumbnail","6":"product_brand-yith","7":"product_cat-administration","8":"product_cat-commerce-electronique-plugins","9":"product_cat-plugins","10":"product_tag-yith","11":"member-discount","12":"discount-restricted","14":"first","15":"instock","16":"sale","17":"downloadable","18":"virtual","19":"sold-individually","20":"purchasable","21":"product-type-simple"},"_links":{"self":[{"href":"https:\/\/gpl-love.com\/fr\/wp-json\/wp\/v2\/product\/105934","targetHints":{"allow":["GET"]}}],"collection":[{"href":"https:\/\/gpl-love.com\/fr\/wp-json\/wp\/v2\/product"}],"about":[{"href":"https:\/\/gpl-love.com\/fr\/wp-json\/wp\/v2\/types\/product"}],"replies":[{"embeddable":true,"href":"https:\/\/gpl-love.com\/fr\/wp-json\/wp\/v2\/comments?post=105934"}],"wp:featuredmedia":[{"embeddable":true,"href":"https:\/\/gpl-love.com\/fr\/wp-json\/wp\/v2\/media\/146346"}],"wp:attachment":[{"href":"https:\/\/gpl-love.com\/fr\/wp-json\/wp\/v2\/media?parent=105934"}],"wp:term":[{"taxonomy":"product_brand","embeddable":true,"href":"https:\/\/gpl-love.com\/fr\/wp-json\/wp\/v2\/product_brand?post=105934"},{"taxonomy":"product_cat","embeddable":true,"href":"https:\/\/gpl-love.com\/fr\/wp-json\/wp\/v2\/product_cat?post=105934"},{"taxonomy":"product_tag","embeddable":true,"href":"https:\/\/gpl-love.com\/fr\/wp-json\/wp\/v2\/product_tag?post=105934"}],"curies":[{"name":"wp","href":"https:\/\/api.w.org\/{rel}","templated":true}]}}