{"id":105932,"date":"2023-10-04T00:00:00","date_gmt":"2023-10-03T22:00:00","guid":{"rendered":"http:\/\/gpl-love.com\/fr\/product\/yith-systeme-de-remboursement-avance-pour-woocommerce-prime\/"},"modified":"2026-04-18T06:31:11","modified_gmt":"2026-04-18T04:31:11","slug":"yith-advanced-refund-system-for-woocommerce-premium","status":"publish","type":"product","link":"https:\/\/gpl-love.com\/fr\/produit\/yith-advanced-refund-system-for-woocommerce-premium\/","title":{"rendered":"YITH Advanced Refund System pour WooCommerce Premium 1.28.0"},"content":{"rendered":"<h3>YITH Advanced Refund System pour WooCommerce Premium Traits<\/h3>\n<p>Le syst\u00e8me de remboursement avanc\u00e9 Yith pour WooCommerce Premium est un outil incroyablement robuste et efficace qui a \u00e9t\u00e9 sp\u00e9cifiquement con\u00e7u pour simplifier consid\u00e9rablement la t\u00e2che souvent complexe et longue de g\u00e9rer les remboursements pour les entreprises en ligne. Ce plugin remarquable poss\u00e8de une pl\u00e9thore de fonctionnalit\u00e9s avanc\u00e9es qui permettent aux utilisateurs de g\u00e9rer sans effort les demandes de remboursement d&rsquo;une mani\u00e8re transparente et rationalis\u00e9e. Ces caract\u00e9ristiques remarquables incluent la capacit\u00e9 inestimable de g\u00e9rer de mani\u00e8re experte plusieurs demandes de remboursement, la possibilit\u00e9 de s\u00e9lectionner m\u00e9ticuleusement la m\u00e9thode de remboursement la plus appropri\u00e9e et l&rsquo;option de d\u00e9terminer pr\u00e9cis\u00e9ment le montant exact de remboursement. En outre, ce plugin exceptionnel s&rsquo;int\u00e8gre parfaitement \u00e0 la plate-forme WooCommerce extr\u00eamement populaire, accordant aux entreprises la commodit\u00e9 in\u00e9gal\u00e9e de pouvoir g\u00e9rer sans effort leurs remboursements directement \u00e0 partir du tableau de bord WooCommerce incroyablement convivial. En adoptant et en tirant parti des capacit\u00e9s puissantes du syst\u00e8me de remboursement avanc\u00e9 de Yith pour WooCommerce Premium, les entreprises peuvent maximiser de mani\u00e8re optimale l&rsquo;efficacit\u00e9, r\u00e9duire efficacement leur charge de travail et, finalement, am\u00e9liorer et augmenter la satisfaction du client \u00e0 de nouveaux sommets.<\/p>\n<ul>\n<li>Automatise le processus de remboursement pour les clients et les commer\u00e7ants<\/li>\n<li>Permet des remboursements partiels et complets avec des raisons et des messages personnalis\u00e9s<\/li>\n<li>Fournit une interface facile \u00e0 utiliser pour g\u00e9rer les remboursements et garder une trace de l&rsquo;historique des remboursements<\/li>\n<li>R\u00e9duit la charge de travail pour les commer\u00e7ants avec un traitement et des notifications de remboursement automatique<\/li>\n<li>Augmente la satisfaction des clients avec les remboursements rapides et sans tracas<\/li>\n<li>Am\u00e9liore la transparence et la responsabilit\u00e9 des clients et des commer\u00e7ants<\/li>\n<li>Int\u00e8gre de mani\u00e8re transparente avec WooCommerce, l&rsquo;une des plateformes de commerce \u00e9lectronique les plus populaires<\/li>\n<li>Offre des fonctionnalit\u00e9s premium telles que l&rsquo;expiration de la demande de remboursement et les rappels de courrier \u00e9lectronique automatique<\/li>\n<li>Am\u00e9liore l&rsquo;exp\u00e9rience client globale et am\u00e9liore la confiance dans votre marque<\/li>\n<li>\u00c9conomise du temps et des ressources pour les entreprises de commerce \u00e9lectronique occup\u00e9es.<\/li>\n<\/ul>\n","protected":false},"excerpt":{"rendered":"<p>Le syst\u00e8me de remboursement avanc\u00e9 Yith pour WooCommerce Premium est un outil extr\u00eamement puissant qui a \u00e9t\u00e9 sp\u00e9cialement con\u00e7u pour vous aider \u00e0 g\u00e9rer et \u00e0 superviser efficacement tous vos remboursements de produits. Ce syst\u00e8me remarquablement avanc\u00e9 a \u00e9t\u00e9 m\u00e9ticuleusement con\u00e7u pour fournir \u00e0 vos pr\u00e9cieux clients un processus de remboursement absolument sans tracas et rapide, augmentant ainsi sans \u00e9quivoque leur satisfaction globale et finalement favorisant leur fid\u00e9lit\u00e9 in\u00e9branlable. Gr\u00e2ce \u00e0 son interface remarquablement conviviale et \u00e0 sa compatibilit\u00e9 int\u00e9gr\u00e9e de mani\u00e8re transparente avec la plate-forme WooCommerce, vous pouvez superviser et administrer sans effort et administrer toutes vos commandes, ex\u00e9cuter efficacement les remboursements, distribuer m\u00e9ticuleusement des notes de cr\u00e9dit et lutter contre une pl\u00e9thore d&rsquo;autres tasks cons\u00e9quents. Ergo, si votre objectif est de rationaliser de mani\u00e8re optimale votre processus de remboursement tout en fournissant impeccablement un niveau de service client in\u00e9gal\u00e9, alors n&rsquo;h\u00e9sitez jamais \u00e0 investir dans le syst\u00e8me de remboursement avanc\u00e9 Yith in\u00e9gal\u00e9, car il se prouvera sans aucun doute la solution par excellence que vous cherchez s\u00e9rieusement \u00e0 rechercher s\u00e9rieusement .<\/p>\n","protected":false},"featured_media":146341,"comment_status":"open","ping_status":"closed","template":"","meta":[],"product_brand":[2487],"product_cat":[1183,1182,1181],"product_tag":[1437],"class_list":{"0":"post-105932","1":"product","2":"type-product","3":"status-publish","4":"has-post-thumbnail","6":"product_brand-yith","7":"product_cat-administration","8":"product_cat-commerce-electronique-plugins","9":"product_cat-plugins","10":"product_tag-yith","11":"member-discount","12":"discount-restricted","14":"first","15":"instock","16":"sale","17":"downloadable","18":"virtual","19":"sold-individually","20":"purchasable","21":"product-type-simple"},"_links":{"self":[{"href":"https:\/\/gpl-love.com\/fr\/wp-json\/wp\/v2\/product\/105932","targetHints":{"allow":["GET"]}}],"collection":[{"href":"https:\/\/gpl-love.com\/fr\/wp-json\/wp\/v2\/product"}],"about":[{"href":"https:\/\/gpl-love.com\/fr\/wp-json\/wp\/v2\/types\/product"}],"replies":[{"embeddable":true,"href":"https:\/\/gpl-love.com\/fr\/wp-json\/wp\/v2\/comments?post=105932"}],"wp:featuredmedia":[{"embeddable":true,"href":"https:\/\/gpl-love.com\/fr\/wp-json\/wp\/v2\/media\/146341"}],"wp:attachment":[{"href":"https:\/\/gpl-love.com\/fr\/wp-json\/wp\/v2\/media?parent=105932"}],"wp:term":[{"taxonomy":"product_brand","embeddable":true,"href":"https:\/\/gpl-love.com\/fr\/wp-json\/wp\/v2\/product_brand?post=105932"},{"taxonomy":"product_cat","embeddable":true,"href":"https:\/\/gpl-love.com\/fr\/wp-json\/wp\/v2\/product_cat?post=105932"},{"taxonomy":"product_tag","embeddable":true,"href":"https:\/\/gpl-love.com\/fr\/wp-json\/wp\/v2\/product_tag?post=105932"}],"curies":[{"name":"wp","href":"https:\/\/api.w.org\/{rel}","templated":true}]}}