{"id":105930,"date":"2021-05-14T00:00:00","date_gmt":"2021-05-13T22:00:00","guid":{"rendered":"http:\/\/gpl-love.com\/fr\/product\/yith-campagne-active-pour-woocommerce-prime\/"},"modified":"2026-04-18T06:31:09","modified_gmt":"2026-04-18T04:31:09","slug":"yith-active-campaign-for-woocommerce-premium","status":"publish","type":"product","link":"https:\/\/gpl-love.com\/fr\/produit\/yith-active-campaign-for-woocommerce-premium\/","title":{"rendered":"YITH Active Campaign pour WooCommerce Premium 2.0.8"},"content":{"rendered":"<h3>YITH Active Campaign pour WooCommerce Premium Traits<\/h3>\n<p>Yith Active Campaign for WooCommerce Premium poss\u00e8de un arsenal impressionnant d&rsquo;outils qui peuvent rationaliser et automatiser efficacement vos campagnes de marketing dans les limites de votre boutique WooCommerce. Les capacit\u00e9s d&rsquo;int\u00e9gration du plugin sont particuli\u00e8rement remarquables, car elle connecte de mani\u00e8re transparente votre boutique \u00e0 ActiveCampaign, une plate-forme d&rsquo;automatisation du marketing par e-mail qui r\u00e8gne en popularit\u00e9 supr\u00eame. Cette int\u00e9gration ph\u00e9nom\u00e9nale vous permet de cr\u00e9er des campagnes de courrier \u00e9lectronique m\u00e9ticuleusement adapt\u00e9es qui sont experte par un \u00e9ventail d&rsquo;\u00e9v\u00e9nements sp\u00e9cifiques, tels que l&rsquo;achat ou la d\u00e9cision d&rsquo;un client d&rsquo;abandonner leur CART pr\u00e9matur\u00e9ment. De plus, la fonctionnalit\u00e9 du plugin s&rsquo;\u00e9tend bien au-del\u00e0 de la simple cr\u00e9ation de campagne. Il vous donne le pouvoir de forger des messages personnalis\u00e9s et des offres irr\u00e9sistibles pour vos clients estim\u00e9s, m\u00e9ticuleusement adapt\u00e9s \u00e0 l&rsquo;alignement avec leurs mod\u00e8les d&rsquo;achat uniques, leurs informations d\u00e9mographiques et une pl\u00e9thore d&rsquo;autres points de donn\u00e9es cruciaux. En substance, les capacit\u00e9s in\u00e9gal\u00e9es de la campagne active de Yith pour WooCommerce Premium pr\u00e9sentent une occasion in\u00e9gal\u00e9e d&rsquo;\u00e9lever vos efforts de marketing \u00e0 des sommets sans pr\u00e9c\u00e9dent, cultivant finalement une croissance exponentielle au sein de votre entreprise en plein essor.<\/p>\n<ul>\n<li>Int\u00e9gre une campagne active \u00e0 WooCommerce pour rationaliser les efforts de marketing<\/li>\n<li>Automatise les campagnes de marketing par e-mail en fonction du comportement du client<\/li>\n<li>Permet des e-mails personnalis\u00e9s en fonction des int\u00e9r\u00eats des clients et de l&rsquo;historique d&rsquo;achat<\/li>\n<li>Fournit des rapports et des analyses d\u00e9taill\u00e9es pour suivre l&rsquo;efficacit\u00e9 des efforts de marketing<\/li>\n<li>Offre une interface conviviale pour une configuration et une gestion faciles<\/li>\n<li>Synchronise les donn\u00e9es des clients entre WooCommerce et Campagne active pour une communication transparente<\/li>\n<li>Mod\u00e8les de messagerie personnalisables pour correspondre au style et \u00e0 la messagerie de votre marque<\/li>\n<li>Options de segmentation avanc\u00e9es pour le marketing cibl\u00e9 vers des groupes de clients sp\u00e9cifiques<\/li>\n<li>Les fen\u00eatres contextuelles interactives et les formulaires pour capturer les prospects et d\u00e9velopper votre liste de diffusion.<\/li>\n<\/ul>\n","protected":false},"excerpt":{"rendered":"<p>Yith Active Campaign for WooCommerce Premium est un outil incroyablement robuste et tr\u00e8s efficace qui vous offre la capacit\u00e9 remarquable d&rsquo;int\u00e9grer sans effort et sans transparence votre boutique WooCommerce avec la campagne active extr\u00eamement populaire et tr\u00e8s appr\u00e9ci\u00e9e, un service de marketing et d&rsquo;automatisation de courrier \u00e9lectronique \u00e0 la t\u00eate de l&rsquo;industrie. En utilisant ce plugin exceptionnel, vous avez la capacit\u00e9 remarquable d&rsquo;automatiser toutes vos campagnes de marketing par e-mail, de segmenter m\u00e9ticuleusement vos pr\u00e9cieux clients en fonction de divers crit\u00e8res, et de suivre et de surveiller avec diligence vos conversions, le tout \u00e0 partir de la commodit\u00e9 et de l&rsquo;efficacit\u00e9 d&rsquo;un seul, centralis\u00e9 emplacement. Cette fonctionnalit\u00e9 exceptionnelle vous permet de renforcer consid\u00e9rablement vos chiffres de vente et d&rsquo;am\u00e9liorer consid\u00e9rablement vos niveaux globaux d&rsquo;engagement client, solidifiant ainsi votre position de force formidable dans votre cr\u00e9neau sp\u00e9cifique de march\u00e9. Immergez-vous dans la puissance et le potentiel in\u00e9gal\u00e9s de la campagne active de Yith pour WooCommerce Premium et r\u00e9volutionnez la fa\u00e7on dont vous effectuez vos op\u00e9rations commerciales en ligne.<\/p>\n","protected":false},"featured_media":146339,"comment_status":"open","ping_status":"closed","template":"","meta":[],"product_brand":[2487],"product_cat":[1182,1200,1181],"product_tag":[1437],"class_list":{"0":"post-105930","1":"product","2":"type-product","3":"status-publish","4":"has-post-thumbnail","6":"product_brand-yith","7":"product_cat-commerce-electronique-plugins","8":"product_cat-commercialisation","9":"product_cat-plugins","10":"product_tag-yith","11":"member-discount","12":"discount-restricted","14":"first","15":"instock","16":"sale","17":"downloadable","18":"virtual","19":"sold-individually","20":"purchasable","21":"product-type-simple"},"_links":{"self":[{"href":"https:\/\/gpl-love.com\/fr\/wp-json\/wp\/v2\/product\/105930","targetHints":{"allow":["GET"]}}],"collection":[{"href":"https:\/\/gpl-love.com\/fr\/wp-json\/wp\/v2\/product"}],"about":[{"href":"https:\/\/gpl-love.com\/fr\/wp-json\/wp\/v2\/types\/product"}],"replies":[{"embeddable":true,"href":"https:\/\/gpl-love.com\/fr\/wp-json\/wp\/v2\/comments?post=105930"}],"wp:featuredmedia":[{"embeddable":true,"href":"https:\/\/gpl-love.com\/fr\/wp-json\/wp\/v2\/media\/146339"}],"wp:attachment":[{"href":"https:\/\/gpl-love.com\/fr\/wp-json\/wp\/v2\/media?parent=105930"}],"wp:term":[{"taxonomy":"product_brand","embeddable":true,"href":"https:\/\/gpl-love.com\/fr\/wp-json\/wp\/v2\/product_brand?post=105930"},{"taxonomy":"product_cat","embeddable":true,"href":"https:\/\/gpl-love.com\/fr\/wp-json\/wp\/v2\/product_cat?post=105930"},{"taxonomy":"product_tag","embeddable":true,"href":"https:\/\/gpl-love.com\/fr\/wp-json\/wp\/v2\/product_tag?post=105930"}],"curies":[{"name":"wp","href":"https:\/\/api.w.org\/{rel}","templated":true}]}}