{"id":105928,"date":"2026-05-01T00:00:00","date_gmt":"2026-04-30T22:00:00","guid":{"rendered":"http:\/\/gpl-love.com\/fr\/product\/wpmu-dev-wp-meuch-pro\/"},"modified":"2026-05-01T12:31:16","modified_gmt":"2026-05-01T10:31:16","slug":"wpmu-dev-wp-smush-pro","status":"publish","type":"product","link":"https:\/\/gpl-love.com\/fr\/produit\/wpmu-dev-wp-smush-pro\/","title":{"rendered":"WPMU DEV WP Smush Pro 4.0.3"},"content":{"rendered":"<h3>WPMU DEV WP Smush Pro Traits<\/h3>\n<p>WPMU Dev WP SMUSH PRO est un plugin de compression d&rsquo;image incroyablement puissant et tr\u00e8s efficace qui a \u00e9t\u00e9 sp\u00e9cialement con\u00e7u pour des sites Web construits sur la plate-forme WordPress. Ce plugin exceptionnel a la capacit\u00e9 non seulement de compresser mais \u00e9galement de redimensionner et d&rsquo;optimiser toutes les images qui sont pr\u00e9sent\u00e9es sur votre site, le tout sans compromettre leur qualit\u00e9 globale. Avec l&rsquo;aide de SMUSH PRO, vous pouvez consid\u00e9rablement r\u00e9duire la taille de vos images, jusqu&rsquo;\u00e0 un remarquable cinq fois plus petit, tout en r\u00e9ussissant \u00e0 maintenir leur r\u00e9solution d&rsquo;origine, garantissant ainsi que votre site Web reste visuellement attrayant. Ce qui distingue WP Smush Pro de ses concurrents, c&rsquo;est sa capacit\u00e9 unique \u00e0 compresser automatiquement toutes les nouvelles images qui sont t\u00e9l\u00e9charg\u00e9es sur votre site Web, vous faisant gagner du temps et des efforts. De plus, ce plugin remarquable est \u00e9quip\u00e9 d&rsquo;une gamme de fonctionnalit\u00e9s impressionnantes telles que la compression en vrac, le redimensionnement automatique et m\u00eame la compression sans perte, qui fonctionnent tous harmonieusement pour vous fournir des r\u00e9sultats optimaux. L&rsquo;un des aspects remarquables de WP Smush Pro est son interface conviviale, qui a \u00e9t\u00e9 m\u00e9ticuleusement con\u00e7ue pour r\u00e9pondre aux individus de toutes capacit\u00e9s techniques. Que vous soyez un d\u00e9veloppeur exp\u00e9riment\u00e9 ou quelqu&rsquo;un qui est compl\u00e8tement nouveau dans le monde de la cr\u00e9ation de sites Web, WP Smush Pro garantit que la compression et l&rsquo;optimisation de l&rsquo;image peuvent \u00eatre int\u00e9gr\u00e9es de mani\u00e8re transparente dans votre flux de travail sans tracas. En mettant en \u0153uvre WP SMUSH PRO dans votre site Web, vous assisterai sans aucun doute une am\u00e9lioration substantielle des performances globales de votre site Web, principalement en raison du fait que les tailles d&rsquo;image sont consid\u00e9rablement r\u00e9duites, ce qui entra\u00eene des temps de chargement plus rapides.<\/p>\n<ul>\n<li>Optimiser et compresser les images pour des temps de chargement de site Web plus rapides<\/li>\n<li>Redimensionner automatiquement les images pour s&rsquo;adapter dans les sp\u00e9cifications d\u00e9finies par vous<\/li>\n<li>En vrac Optimiser plusieurs images \u00e0 la fois pour une gestion facile<\/li>\n<li>R\u00e9duire la taille du fichier sans compromettre la qualit\u00e9 d&rsquo;image<\/li>\n<li>Compression automatique des images lors du t\u00e9l\u00e9chargement pour une optimisation sans effort<\/li>\n<li>Activer le chargement paresseux pour diff\u00e9rer le chargement de l&rsquo;image jusqu&rsquo;\u00e0 n\u00e9cessaire, am\u00e9liorant encore la vitesse du site Web<\/li>\n<li>Compatible avec un large \u00e9ventail de types de fichiers et de formats d&rsquo;image<\/li>\n<li>Voir les rapports d\u00e9taill\u00e9s et les statistiques sur les performances d&rsquo;optimisation de l&rsquo;image<\/li>\n<li>Gardez votre site Web en marche avec les mises \u00e0 jour automatiques et le support de l&rsquo;\u00e9quipe d&rsquo;experts de WPMU Dev.<\/li>\n<\/ul>\n","protected":false},"excerpt":{"rendered":"<p>WPMU Dev WP SMUSH PRO, le plugin WordPress exquis premium, a \u00e9t\u00e9 m\u00e9ticuleusement con\u00e7u pour rationaliser les images sur votre site Web estim\u00e9. Gr\u00e2ce \u00e0 ses m\u00e9canismes ing\u00e9nieux, il r\u00e9duit efficacement la taille des images, garantissant que leur qualit\u00e9 reste sans compromis. Par cons\u00e9quent, cette optimisation remarquable conduit \u00e0 des temps de chargement de page plus rapides et \u00e0 une performance am\u00e9lior\u00e9e pour l&rsquo;ensemble de votre site Web. La pure ampleur des capacit\u00e9s de WP Smush Pro est vraiment \u00e9tonnante, car elle peut comprimer avec comp\u00e9tence un vaste \u00e9ventail de formats d&rsquo;image, comprenant, mais sans s&rsquo;y limiter, JPEG, PNG et GIF. De plus, cet outil extraordinaire poss\u00e8de un assortiment de fonctionnalit\u00e9s avanc\u00e9es, notamment le redimensionnement des images, l&rsquo;optimisation automatique et la possibilit\u00e9 d&rsquo;optimiser les images en vrac, solidifiant davantage son statut en tant qu&rsquo;actif in\u00e9gal\u00e9. De plus, l&rsquo;installation et l&rsquo;utilisation de WP Smush Pro sont accessibles sans effort, ce qui le rend la panac\u00e9e ultime pour la t\u00e2che ardue d&rsquo;optimiser les images dans le vaste domaine des sites Web WordPress.<\/p>\n","protected":false},"featured_media":146306,"comment_status":"open","ping_status":"closed","template":"","meta":[],"product_brand":[2744],"product_cat":[1203,1181,1186],"product_tag":[1429],"class_list":{"0":"post-105928","1":"product","2":"type-product","3":"status-publish","4":"has-post-thumbnail","6":"product_brand-wpmu","7":"product_cat-performance","8":"product_cat-plugins","9":"product_cat-wordpress-plugins","10":"product_tag-wpmu","11":"member-discount","12":"discount-restricted","14":"first","15":"instock","16":"sale","17":"downloadable","18":"virtual","19":"sold-individually","20":"purchasable","21":"product-type-simple"},"_links":{"self":[{"href":"https:\/\/gpl-love.com\/fr\/wp-json\/wp\/v2\/product\/105928","targetHints":{"allow":["GET"]}}],"collection":[{"href":"https:\/\/gpl-love.com\/fr\/wp-json\/wp\/v2\/product"}],"about":[{"href":"https:\/\/gpl-love.com\/fr\/wp-json\/wp\/v2\/types\/product"}],"replies":[{"embeddable":true,"href":"https:\/\/gpl-love.com\/fr\/wp-json\/wp\/v2\/comments?post=105928"}],"wp:featuredmedia":[{"embeddable":true,"href":"https:\/\/gpl-love.com\/fr\/wp-json\/wp\/v2\/media\/146306"}],"wp:attachment":[{"href":"https:\/\/gpl-love.com\/fr\/wp-json\/wp\/v2\/media?parent=105928"}],"wp:term":[{"taxonomy":"product_brand","embeddable":true,"href":"https:\/\/gpl-love.com\/fr\/wp-json\/wp\/v2\/product_brand?post=105928"},{"taxonomy":"product_cat","embeddable":true,"href":"https:\/\/gpl-love.com\/fr\/wp-json\/wp\/v2\/product_cat?post=105928"},{"taxonomy":"product_tag","embeddable":true,"href":"https:\/\/gpl-love.com\/fr\/wp-json\/wp\/v2\/product_tag?post=105928"}],"curies":[{"name":"wp","href":"https:\/\/api.w.org\/{rel}","templated":true}]}}