{"id":105924,"date":"2026-03-13T00:00:00","date_gmt":"2026-03-12T23:00:00","guid":{"rendered":"http:\/\/gpl-love.com\/fr\/product\/wpmu-dev-hustle-pro\/"},"modified":"2026-04-01T00:31:01","modified_gmt":"2026-03-31T22:31:01","slug":"wpmu-dev-hustle-pro","status":"publish","type":"product","link":"https:\/\/gpl-love.com\/fr\/produit\/wpmu-dev-hustle-pro\/","title":{"rendered":"WPMU DEV Hustle Pro 7.8.12.1"},"content":{"rendered":"<h3>WPMU DEV Hustle Pro Traits<\/h3>\n<p>WPMU Dev Hustle Pro, un formidable outil de marketing, habilite les propri\u00e9taires de sites Web dans la g\u00e9n\u00e9ration de prospects, l&rsquo;amplification des conversions et l&rsquo;augmentation des ventes. En fournissant une pl\u00e9thore de pop-ups personnalisables, de diapositives et de formes opt-in, Hustle Pro offre aux utilisateurs la possibilit\u00e9 de fabriquer des promotions captivantes et passionnantes, en capturant efficacement l&rsquo;attention des visiteurs et en les motivant \u00e0 initier l&rsquo;action. Ce plugin comprend un assortiment de fonctionnalit\u00e9s qui simplifient la gestion et la surveillance des campagnes, englobant les tests A \/ B, l&rsquo;analyse et l&rsquo;int\u00e9gration transparente avec des services de marketing par e-mail de premier plan. Que votre objectif soit d&rsquo;\u00e9largir votre liste de diffusion, de publier des offres exclusives ou simplement d&rsquo;\u00e9tablir une connexion avec votre public, WPMU Dev Hustle Pro sert de solution polyvalente et efficace qui peut \u00e9lever votre site Web \u00e0 des hauteurs sans pr\u00e9c\u00e9dent.<\/p>\n<ul>\n<li>Un outil puissant pour cr\u00e9er et g\u00e9rer des campagnes de marketing personnalis\u00e9es sur votre site WordPress<\/li>\n<li>Offre une gamme de mod\u00e8les personnalisables et d&rsquo;options de conception pour correspondre \u00e0 votre marque et \u00e0 la messagerie<\/li>\n<li>Comprend une vari\u00e9t\u00e9 de types d&rsquo;affichage et de d\u00e9clencheurs pour engager vos visiteurs au bon moment et de la bonne mani\u00e8re<\/li>\n<li>Int\u00e9gr\u00e9 avec des services de marketing par e-mail populaires comme MailChimp et Campaign Monitor pour la g\u00e9n\u00e9ration et le suivi faciles<\/li>\n<li>Fonctionne l&rsquo;analyse avanc\u00e9e et les rapports pour vous aider \u00e0 suivre et \u00e0 optimiser vos campagnes pour un ROI maximum<\/li>\n<li>Offre des capacit\u00e9s de test A \/ B afin que vous puissiez exp\u00e9rimenter diff\u00e9rentes strat\u00e9gies et trouver ce qui fonctionne le mieux pour votre public<\/li>\n<li>Comprend des options de partage social faciles pour \u00e9tendre votre port\u00e9e et amplifier votre message<\/li>\n<li>Compatible avec une large gamme de th\u00e8mes et de plugins WordPress, assurant une int\u00e9gration et une compatibilit\u00e9 transparentes<\/li>\n<li>Soutenu par une \u00e9quipe de soutien experte et une documentation approfondie pour vous aider \u00e0 tirer le meilleur parti de l&rsquo;outil.<\/li>\n<\/ul>\n","protected":false},"excerpt":{"rendered":"<p>WPMU Dev Hustle Pro, un plugin WordPress hautement capable, a \u00e9t\u00e9 r\u00e9fl\u00e9chi et a \u00e9t\u00e9 r\u00e9fl\u00e9chi pour am\u00e9liorer le taux de conversion pour votre site Web. En tirant parti de ses fonctionnalit\u00e9s sophistiqu\u00e9es, vous avez la capacit\u00e9 de fabriquer des fen\u00eatres contextuelles visuellement frappantes, des diapositives et des formes d&rsquo;opt-in qui s\u00e9duisent sans effort les visiteurs de votre site pour prendre les mesures souhait\u00e9es. De plus, cet outil exceptionnel propose un assortiment de mod\u00e8les pr\u00e9-con\u00e7us, permettant des options de personnalisation transparentes, et vous offre m\u00eame un \u00e9ventail d&rsquo;outils d&rsquo;analyse pour surveiller et mesurer efficacement vos progr\u00e8s. L&rsquo;adoption de WPMU Dev Hustle Pro vous permet de g\u00e9n\u00e9rer sans effort g\u00e9n\u00e9rer de nouvelles pistes, d&rsquo;\u00e9largir votre base d&rsquo;abonn\u00e9s par e-mail et d&rsquo;amplifier consid\u00e9rablement vos chiffres de vente. Que vous soyez exploit\u00e9 un \u00e9tablissement de commerce \u00e9lectronique ou un blog, ce plugin inestimable est parfaitement \u00e9quip\u00e9 pour propulser votre pr\u00e9sence en ligne \u00e0 des hauteurs sans pr\u00e9c\u00e9dent.<\/p>\n","protected":false},"featured_media":146302,"comment_status":"open","ping_status":"open","template":"","meta":[],"product_brand":[2744],"product_cat":[1187,1181,1186],"product_tag":[1429],"class_list":{"0":"post-105924","1":"product","2":"type-product","3":"status-publish","4":"has-post-thumbnail","6":"product_brand-wpmu","7":"product_cat-administration-wordpress-plugins","8":"product_cat-plugins","9":"product_cat-wordpress-plugins","10":"product_tag-wpmu","11":"member-discount","12":"discount-restricted","14":"first","15":"instock","16":"sale","17":"downloadable","18":"virtual","19":"sold-individually","20":"purchasable","21":"product-type-simple"},"_links":{"self":[{"href":"https:\/\/gpl-love.com\/fr\/wp-json\/wp\/v2\/product\/105924","targetHints":{"allow":["GET"]}}],"collection":[{"href":"https:\/\/gpl-love.com\/fr\/wp-json\/wp\/v2\/product"}],"about":[{"href":"https:\/\/gpl-love.com\/fr\/wp-json\/wp\/v2\/types\/product"}],"replies":[{"embeddable":true,"href":"https:\/\/gpl-love.com\/fr\/wp-json\/wp\/v2\/comments?post=105924"}],"wp:featuredmedia":[{"embeddable":true,"href":"https:\/\/gpl-love.com\/fr\/wp-json\/wp\/v2\/media\/146302"}],"wp:attachment":[{"href":"https:\/\/gpl-love.com\/fr\/wp-json\/wp\/v2\/media?parent=105924"}],"wp:term":[{"taxonomy":"product_brand","embeddable":true,"href":"https:\/\/gpl-love.com\/fr\/wp-json\/wp\/v2\/product_brand?post=105924"},{"taxonomy":"product_cat","embeddable":true,"href":"https:\/\/gpl-love.com\/fr\/wp-json\/wp\/v2\/product_cat?post=105924"},{"taxonomy":"product_tag","embeddable":true,"href":"https:\/\/gpl-love.com\/fr\/wp-json\/wp\/v2\/product_tag?post=105924"}],"curies":[{"name":"wp","href":"https:\/\/api.w.org\/{rel}","templated":true}]}}