{"id":105922,"date":"2025-05-26T00:00:00","date_gmt":"2025-05-25T22:00:00","guid":{"rendered":"http:\/\/gpl-love.com\/fr\/product\/wpmu-dev-hummingbird-pro\/"},"modified":"2026-03-20T23:52:02","modified_gmt":"2026-03-20T22:52:02","slug":"wpmu-dev-hummingbird-pro","status":"publish","type":"product","link":"https:\/\/gpl-love.com\/fr\/produit\/wpmu-dev-hummingbird-pro\/","title":{"rendered":"WPMU DEV Hummingbird Pro 3.14.1"},"content":{"rendered":"<h3>WPMU DEV Hummingbird Pro Traits<\/h3>\n<p>WPMU Dev Hummingbird Pro, un plugin extr\u00eamement robuste, poss\u00e8de la capacit\u00e9 d&rsquo;am\u00e9liorer consid\u00e9rablement la vitesse et la comp\u00e9tence des sites Web WordPress. Il accomplit cela en optimisant efficacement les images, en minimisant CSS et JavaScript, en compressant les fichiers et en exploitant la mise en cache du navigateur pour diminuer consid\u00e9rablement les temps de chargement et augmenter l&rsquo;exp\u00e9rience utilisateur globale. Cet outil extraordinaire accorde non seulement aux propri\u00e9taires de sites Web la possibilit\u00e9 de examiner et d&rsquo;\u00e9valuer m\u00e9ticuleusement les performances de leur site, mais leur fournit \u00e9galement des rapports complets, remplis de d\u00e9tails complexes. De plus, il fournit aux utilisateurs un \u00e9ventail de param\u00e8tres personnalisables, permettant ainsi une optimisation optimale. Sans l&rsquo;ombre d&rsquo;un doute, l&rsquo;installation et l&rsquo;utilisation de WPMU Dev Hummingbird Pro sont un atout absolument indispensable pour tout site Web WordPress qui cherche avec ferveur \u00e0 affiner sa vitesse et \u00e0 am\u00e9liorer ses performances globales \u00e0 des hauteurs sans pr\u00e9c\u00e9dent.<\/p>\n<ul>\n<li>Am\u00e9lioration de la vitesse et des performances du site Web<\/li>\n<li>Minification des fichiers CSS, HTML et JavaScript<\/li>\n<li>Mise en cache du navigateur pour des temps de chargement de page plus rapides<\/li>\n<li>Analyse des performances et rapports<\/li>\n<li>Compression GZIP pour un chargement de site Web encore plus rapide<\/li>\n<li>Capacit\u00e9 \u00e0 optimiser les images et la charge paresseuse pour am\u00e9liorer la vitesse de la page<\/li>\n<li>Tableau de bord facile \u00e0 utiliser avec une vari\u00e9t\u00e9 d&rsquo;options d&rsquo;optimisation<\/li>\n<li>Compatible avec une vari\u00e9t\u00e9 de plateformes de site Web, y compris WordPress<\/li>\n<li>Support expert et assistance disponible aupr\u00e8s de l&rsquo;\u00e9quipe de support WPMU Dev<\/li>\n<li>Mises \u00e0 jour r\u00e9guli\u00e8res et am\u00e9liorations pour assurer une optimisation continue<\/li>\n<\/ul>\n","protected":false},"excerpt":{"rendered":"<p>Le plugin WPMU Dev Hummingbird Pro est un outil exceptionnellement puissant con\u00e7u sp\u00e9cifiquement pour les sites Web WordPress. Sa fonction principale est d&rsquo;optimiser les performances de votre site en r\u00e9duisant consid\u00e9rablement les temps de chargement et en am\u00e9liorant l&rsquo;exp\u00e9rience utilisateur globale. Ce plugin propose une gamme de fonctionnalit\u00e9s avanc\u00e9es qui incluent la mise en cache, la minification et diverses am\u00e9liorations de performances. En incorporant ces fonctionnalit\u00e9s, Hummingbird Pro a la capacit\u00e9 d&rsquo;acc\u00e9l\u00e9rer consid\u00e9rablement la vitesse de chargement de votre site Web, augmentant par cons\u00e9quent son classement de moteur de recherche.<\/p>\n","protected":false},"featured_media":146301,"comment_status":"open","ping_status":"open","template":"","meta":[],"product_brand":[2744],"product_cat":[1203,1181,1186],"product_tag":[1429],"class_list":{"0":"post-105922","1":"product","2":"type-product","3":"status-publish","4":"has-post-thumbnail","6":"product_brand-wpmu","7":"product_cat-performance","8":"product_cat-plugins","9":"product_cat-wordpress-plugins","10":"product_tag-wpmu","11":"member-discount","12":"discount-restricted","14":"first","15":"instock","16":"sale","17":"downloadable","18":"virtual","19":"sold-individually","20":"purchasable","21":"product-type-simple"},"_links":{"self":[{"href":"https:\/\/gpl-love.com\/fr\/wp-json\/wp\/v2\/product\/105922","targetHints":{"allow":["GET"]}}],"collection":[{"href":"https:\/\/gpl-love.com\/fr\/wp-json\/wp\/v2\/product"}],"about":[{"href":"https:\/\/gpl-love.com\/fr\/wp-json\/wp\/v2\/types\/product"}],"replies":[{"embeddable":true,"href":"https:\/\/gpl-love.com\/fr\/wp-json\/wp\/v2\/comments?post=105922"}],"wp:featuredmedia":[{"embeddable":true,"href":"https:\/\/gpl-love.com\/fr\/wp-json\/wp\/v2\/media\/146301"}],"wp:attachment":[{"href":"https:\/\/gpl-love.com\/fr\/wp-json\/wp\/v2\/media?parent=105922"}],"wp:term":[{"taxonomy":"product_brand","embeddable":true,"href":"https:\/\/gpl-love.com\/fr\/wp-json\/wp\/v2\/product_brand?post=105922"},{"taxonomy":"product_cat","embeddable":true,"href":"https:\/\/gpl-love.com\/fr\/wp-json\/wp\/v2\/product_cat?post=105922"},{"taxonomy":"product_tag","embeddable":true,"href":"https:\/\/gpl-love.com\/fr\/wp-json\/wp\/v2\/product_tag?post=105922"}],"curies":[{"name":"wp","href":"https:\/\/api.w.org\/{rel}","templated":true}]}}