{"id":105920,"date":"2026-04-22T00:00:00","date_gmt":"2026-04-21T22:00:00","guid":{"rendered":"http:\/\/gpl-love.com\/fr\/product\/wpmu-dev-forminator-pro\/"},"modified":"2026-04-23T00:31:14","modified_gmt":"2026-04-22T22:31:14","slug":"wpmu-dev-forminator-pro","status":"publish","type":"product","link":"https:\/\/gpl-love.com\/fr\/produit\/wpmu-dev-forminator-pro\/","title":{"rendered":"WPMU DEV Forminator Pro 1.53.1"},"content":{"rendered":"<h3>WPMU DEV Forminator Pro Traits<\/h3>\n<p>WPMU Dev Forminator Pro, un outil exceptionnellement robuste, poss\u00e8de des capacit\u00e9s remarquables pour g\u00e9n\u00e9rer des formulaires et des enqu\u00eates sur mesure qui s&rsquo;harmonisent sans effort avec votre site Web. En utilisant son interface de glisser-d\u00e9poser intuitivement, vous pouvez fabriquer sans effort des formulaires qui obtiennent des informations client habilement, faciliter efficacement le traitement des paiements et effectuer un \u00e9ventail de fonctions suppl\u00e9mentaires. Forminator Pro s&rsquo;int\u00e8gre parfaitement aux outils de gestion du marketing et de la relation client (CRM) largement utilis\u00e9s, facilitant ainsi la gestion rationalis\u00e9e de vos prospects tout en surveillant avec diligence vos taux de conversion. Quoi que vous soyez un entrepreneur entreprenant ou un d\u00e9veloppeur exp\u00e9riment\u00e9, Forminator Pro est vraiment un tr\u00e9sor, vous produisant les ressources indispensables n\u00e9cessaires pour \u00e9laborer des formes et des relev\u00e9s sans effort sur la plus grande qualit\u00e9 professionnelle en quelques minutes.<\/p>\n<ul>\n<li>Cr\u00e9ez facilement des formulaires personnalis\u00e9s pour votre site Web<\/li>\n<li>Choisissez parmi une vari\u00e9t\u00e9 de mod\u00e8les de formulaire ou commencez \u00e0 z\u00e9ro<\/li>\n<li>Int\u00e9grez avec votre service de marketing par e-mail pr\u00e9f\u00e9r\u00e9 ou CRM<\/li>\n<li>Activer la logique conditionnelle pour afficher ou masquer les champs en fonction de la saisie de l&rsquo;utilisateur<\/li>\n<li>Ajoutez des options de paiement \u00e0 vos formulaires avec les int\u00e9grations PayPal et Stripe<\/li>\n<li>Int\u00e9grer des formulaires n&rsquo;importe o\u00f9 sur votre site Web \u00e0 l&rsquo;aide de shortcodes ou de widgets<\/li>\n<li>Recevoir des notifications de soumission de formulaire par e-mail ou dans le tableau de bord WordPress<\/li>\n<li>Utilisez des param\u00e8tres avanc\u00e9s pour le style, la protection du spam et la conformit\u00e9 du RGPD<\/li>\n<li>Profitez de la conception r\u00e9active qui fonctionne parfaitement sur les appareils de bureau et mobiles<\/li>\n<li>Acc\u00e9dez \u00e0 un support d\u00e9di\u00e9 de l&rsquo;\u00e9quipe de d\u00e9veloppement du WPMU.<\/li>\n<\/ul>\n","protected":false},"excerpt":{"rendered":"<p>WPMU Dev Forminator Pro, un plugin de formulaire de formulaire WordPress tr\u00e8s robuste mais remarquablement convivial, vous permet de construire sans effort des formulaires personnalis\u00e9s et exceptionnellement polis pour votre site Web, le tout sans n\u00e9cessiter de ma\u00eetrise du codage. Tirant parti de sa simple interface de glisser-d\u00e9poser, vous \u00eates accord\u00e9 \u00e0 la possibilit\u00e9 d&rsquo;incorporer de mani\u00e8re transparente une myriade de fonctionnalit\u00e9s et d&rsquo;\u00e9l\u00e9ments dans vos formes, y compris, mais sans s&rsquo;y limiter, des formes en plusieurs \u00e9tapes, des enqu\u00eates, des quiz, des sondages et un \u00e9ventail d&rsquo;autres Options. En outre, Forminator Pro \u00e9tend ses fonctionnalit\u00e9s en fournissant une gamme diversifi\u00e9e d&rsquo;int\u00e9grations avec des services de marketing par e-mail estim\u00e9s, des passerelles de paiement et des plateformes CRM, facilitant ainsi la collecte et la gestion faciles des donn\u00e9es obtenues de vos formulaires. De plus, arm\u00e9 d&rsquo;attributs avanc\u00e9s tels que la logique conditionnelle, les notifications sur mesure et un m\u00e9canisme de protection des spam imperm\u00e9ables, vous pouvez \u00eatre assur\u00e9 que vos formulaires sont non seulement visuellement attrayants, mais aussi efficaces et imprenables.<\/p>\n","protected":false},"featured_media":146300,"comment_status":"open","ping_status":"open","template":"","meta":[],"product_brand":[2744],"product_cat":[1191,1181,1186],"product_tag":[1429],"class_list":{"0":"post-105920","1":"product","2":"type-product","3":"status-publish","4":"has-post-thumbnail","6":"product_brand-wpmu","7":"product_cat-formes","8":"product_cat-plugins","9":"product_cat-wordpress-plugins","10":"product_tag-wpmu","11":"member-discount","12":"discount-restricted","14":"first","15":"instock","16":"sale","17":"downloadable","18":"virtual","19":"sold-individually","20":"purchasable","21":"product-type-simple"},"_links":{"self":[{"href":"https:\/\/gpl-love.com\/fr\/wp-json\/wp\/v2\/product\/105920","targetHints":{"allow":["GET"]}}],"collection":[{"href":"https:\/\/gpl-love.com\/fr\/wp-json\/wp\/v2\/product"}],"about":[{"href":"https:\/\/gpl-love.com\/fr\/wp-json\/wp\/v2\/types\/product"}],"replies":[{"embeddable":true,"href":"https:\/\/gpl-love.com\/fr\/wp-json\/wp\/v2\/comments?post=105920"}],"wp:featuredmedia":[{"embeddable":true,"href":"https:\/\/gpl-love.com\/fr\/wp-json\/wp\/v2\/media\/146300"}],"wp:attachment":[{"href":"https:\/\/gpl-love.com\/fr\/wp-json\/wp\/v2\/media?parent=105920"}],"wp:term":[{"taxonomy":"product_brand","embeddable":true,"href":"https:\/\/gpl-love.com\/fr\/wp-json\/wp\/v2\/product_brand?post=105920"},{"taxonomy":"product_cat","embeddable":true,"href":"https:\/\/gpl-love.com\/fr\/wp-json\/wp\/v2\/product_cat?post=105920"},{"taxonomy":"product_tag","embeddable":true,"href":"https:\/\/gpl-love.com\/fr\/wp-json\/wp\/v2\/product_tag?post=105920"}],"curies":[{"name":"wp","href":"https:\/\/api.w.org\/{rel}","templated":true}]}}