{"id":105918,"date":"2026-03-02T00:00:00","date_gmt":"2026-03-01T23:00:00","guid":{"rendered":"http:\/\/gpl-love.com\/fr\/product\/wpmu-dev-defender-pro\/"},"modified":"2026-04-01T00:31:01","modified_gmt":"2026-03-31T22:31:01","slug":"wpmu-dev-defender-pro","status":"publish","type":"product","link":"https:\/\/gpl-love.com\/fr\/produit\/wpmu-dev-defender-pro\/","title":{"rendered":"WPMU DEV Defender Pro 5.11.0"},"content":{"rendered":"<h3>WPMU DEV Defender Pro Traits<\/h3>\n<p>WPMU Dev Defender Pro, un plugin de s\u00e9curit\u00e9 exceptionnellement robuste, a \u00e9t\u00e9 ing\u00e9nieusement con\u00e7u pour prot\u00e9ger votre site WordPress pris\u00e9 \u00e0 partir d&rsquo;une myriade de p\u00e9rils de s\u00e9curit\u00e9 mena\u00e7ants qui se profilent de fa\u00e7on inqui\u00e9tante. Ce plugin extraordinaire poss\u00e8de une pl\u00e9thore de fonctionnalit\u00e9s de s\u00e9curit\u00e9 captivantes telles que les analyses de s\u00e9curit\u00e9 en temps r\u00e9el, les prouesses de d\u00e9tection de logiciels malveillants, les mesures de fortification de connexion, la surveillance vigilante des listes noires et une gamme d&rsquo;autres fonctionnalit\u00e9s de s\u00e9curit\u00e9 impressionnantes con\u00e7ues pour garantir que votre site ch\u00e9ri reste imprenable et immuns contre les dommages. En exploitant la puissance de son pare-feu avanc\u00e9 et de son m\u00e9canisme de protection contre la force brute, le d\u00e9fenseur pro a habilement contrecarr\u00e9 et repoussant tout le trafic n\u00e9faste d\u00e9termin\u00e9 \u00e0 faire des ravages, niant ainsi avec diligence l&rsquo;acc\u00e8s non autoris\u00e9 \u00e0 votre forteresse num\u00e9rique. De plus, ce plugin remarquable va au-del\u00e0 en vous donnant d\u00e9licieusement des analyses de vuln\u00e9rabilit\u00e9 de routine et des rapports complets, vous permettant ainsi d&rsquo;\u00eatre toujours vigilant et bien inform\u00e9 de toutes les vuln\u00e9rabilit\u00e9s de s\u00e9curit\u00e9 qui peuvent faire signe. Ind\u00e9pendamment de savoir si vous enfilez le chapeau d&rsquo;un propri\u00e9taire de site Web visionnaire ou d&rsquo;un d\u00e9veloppeur infatigable, WPMU Dev Defender Pro, sans un ruban de doute, est r\u00e9solu comme un instrument indispensable pour fortifier et sauvegarder votre site WordPress pr\u00e9cieux contre le spectre p\u00e9rilleux et en constante \u00e9loignement des menaces de s\u00e9curit\u00e9.<\/p>\n<ul>\n<li>Solution de s\u00e9curit\u00e9 avanc\u00e9e pour les sites Web WordPress<\/li>\n<li>Effectue automatiquement des analyses de s\u00e9curit\u00e9 et offre des solutions pour les vuln\u00e9rabilit\u00e9s<\/li>\n<li>Comprend l&rsquo;authentification \u00e0 deux facteurs et le blocage IP pour \u00e9viter un acc\u00e8s non autoris\u00e9<\/li>\n<li>Comprend un pare-feu pour bloquer le trafic malveillant et prot\u00e9ger contre les tentatives de piratage<\/li>\n<li>Fournit des rapports de s\u00e9curit\u00e9 quotidiens et des notifications pour une tranquillit\u00e9 d&rsquo;esprit suppl\u00e9mentaire<\/li>\n<li>Livr\u00e9 avec une puissante fonction de protection de connexion qui verrouille les attaques de force brute<\/li>\n<li>Offre des mises \u00e0 jour et des am\u00e9liorations r\u00e9guli\u00e8res pour suivre les menaces \u00e9mergentes<\/li>\n<li>Interface conviviale qui facilite la configuration et la gestion des mesures de s\u00e9curit\u00e9<\/li>\n<li>Con\u00e7u pour \u00eatre compatible avec d&rsquo;autres plugins de d\u00e9veloppement WPMU pour une solution de s\u00e9curit\u00e9 WordPress compl\u00e8te.<\/li>\n<\/ul>\n","protected":false},"excerpt":{"rendered":"<p>WPMU Dev Defender Pro, une solution de s\u00e9curit\u00e9 exceptionnellement robuste m\u00e9ticuleusement d\u00e9velopp\u00e9e exclusivement pour les sites WordPress, appara\u00eet comme un plugin indispensable offrant une vaste gamme d&rsquo;outils visant \u00e0 fortifier des sites Web contre une multitude de p\u00e9rils en ligne mena\u00e7ants, y compris mais non limit\u00e9 aux logiciels malin\u00e9s, \u00e0 une multitude de dangers en ligne, y compris mais non limit\u00e9 aux logiciels malin\u00e9s, \u00e0 la force brute-force attaques et insidieux piratage s&rsquo;efforcent. Parmi la myriade de fonctionnalit\u00e9s remarquables que ce plugin manifeste, on peut facilement appr\u00e9cier l&rsquo;ex\u00e9cution m\u00e9ticuleuse de la num\u00e9risation de la vuln\u00e9rabilit\u00e9 active et passive, la mise en \u0153uvre de m\u00e9canismes d&rsquo;authentification \u00e0 deux facteurs de pointe, les capacit\u00e9s de blocage IP firme et in\u00e9branlable, les capacit\u00e9s m\u00e9ticuleuses et implacables et in\u00e9branlables, les capacit\u00e9s de blocage IP m\u00e9ticuleuses et implacables et in\u00e9branlables, les capacit\u00e9s m\u00e9ticuleuses et implacables et in\u00e9branlables, les capacit\u00e9s m\u00e9ticuleuses et implacables et in\u00e9branlables, les capacit\u00e9s m\u00e9ticuleuses et implacables et in\u00e9branlables, les capacit\u00e9s m\u00e9ticuleuses et implacables et in\u00e9branlables, les capacit\u00e9s m\u00e9ticuleuses et impravagantes de l&rsquo;entreprise et indubito Surveillance des modifications apport\u00e9es aux fichiers vitaux, entre autres fonctionnalit\u00e9s notables. Par cons\u00e9quent, avec WPMU Dev Defender Pro en tant que gardien, les propri\u00e9taires de sites peuvent se pr\u00e9lasser dans un \u00e9tat d&rsquo;assurance tranquille, enti\u00e8rement conscient que leur site WordPress ch\u00e9ris est impr\u00e9gnable de fortifi\u00e9 et de prot\u00e9ger avec diligence de toutes les menaces potentielles qui peuvent oser compter sur sa formidable Seuil num\u00e9rique.<\/p>\n","protected":false},"featured_media":146299,"comment_status":"open","ping_status":"open","template":"","meta":[],"product_brand":[2744],"product_cat":[1187,1181,1186],"product_tag":[1429],"class_list":{"0":"post-105918","1":"product","2":"type-product","3":"status-publish","4":"has-post-thumbnail","6":"product_brand-wpmu","7":"product_cat-administration-wordpress-plugins","8":"product_cat-plugins","9":"product_cat-wordpress-plugins","10":"product_tag-wpmu","11":"member-discount","12":"discount-restricted","14":"first","15":"instock","16":"sale","17":"downloadable","18":"virtual","19":"sold-individually","20":"purchasable","21":"product-type-simple"},"_links":{"self":[{"href":"https:\/\/gpl-love.com\/fr\/wp-json\/wp\/v2\/product\/105918","targetHints":{"allow":["GET"]}}],"collection":[{"href":"https:\/\/gpl-love.com\/fr\/wp-json\/wp\/v2\/product"}],"about":[{"href":"https:\/\/gpl-love.com\/fr\/wp-json\/wp\/v2\/types\/product"}],"replies":[{"embeddable":true,"href":"https:\/\/gpl-love.com\/fr\/wp-json\/wp\/v2\/comments?post=105918"}],"wp:featuredmedia":[{"embeddable":true,"href":"https:\/\/gpl-love.com\/fr\/wp-json\/wp\/v2\/media\/146299"}],"wp:attachment":[{"href":"https:\/\/gpl-love.com\/fr\/wp-json\/wp\/v2\/media?parent=105918"}],"wp:term":[{"taxonomy":"product_brand","embeddable":true,"href":"https:\/\/gpl-love.com\/fr\/wp-json\/wp\/v2\/product_brand?post=105918"},{"taxonomy":"product_cat","embeddable":true,"href":"https:\/\/gpl-love.com\/fr\/wp-json\/wp\/v2\/product_cat?post=105918"},{"taxonomy":"product_tag","embeddable":true,"href":"https:\/\/gpl-love.com\/fr\/wp-json\/wp\/v2\/product_tag?post=105918"}],"curies":[{"name":"wp","href":"https:\/\/api.w.org\/{rel}","templated":true}]}}