{"id":105916,"date":"2026-01-04T00:00:00","date_gmt":"2026-01-03T23:00:00","guid":{"rendered":"http:\/\/gpl-love.com\/fr\/product\/wpmu-dev-branda-pro\/"},"modified":"2026-03-20T23:52:00","modified_gmt":"2026-03-20T22:52:00","slug":"wpmu-dev-branda-pro","status":"publish","type":"product","link":"https:\/\/gpl-love.com\/fr\/produit\/wpmu-dev-branda-pro\/","title":{"rendered":"WPMU DEV Branda Pro 3.4.29"},"content":{"rendered":"<h3>WPMU DEV Branda Pro Traits<\/h3>\n<p>WPMU Dev Branda Pro, un plugin d\u00e9di\u00e9 \u00e0 l&rsquo;image de marque et \u00e0 la personnalisation, offre une gamme compl\u00e8te de fonctionnalit\u00e9s qui donnent aux utilisateurs un contr\u00f4le total sur l&rsquo;esth\u00e9tique visuelle et les aspects fonctionnels de leurs sites WordPress. En utilisant Branda Pro, on peut sans effort organiser une exp\u00e9rience distinctive et sur mesure pour les visiteurs de leur site, avec la possibilit\u00e9 de personnaliser divers \u00e9l\u00e9ments tels que la page de connexion, le tableau de bord et le bar d&rsquo;administration. De plus, le plugin permet aux utilisateurs de transformer leurs sites en un reflet de leur propre identit\u00e9 de marque en \u00e9liminant la marque WordPress par d\u00e9faut et en incorporant leur propre logo et leurs \u00e9l\u00e9ments de marque. Branda Pro fournit \u00e9galement des fonctionnalit\u00e9s suppl\u00e9mentaires telles que CSS personnalis\u00e9es, FAVICON personnalis\u00e9 et une page de mode de maintenance exclusive, facilitant une exp\u00e9rience utilisateur sans couture et ininterrompue pendant les p\u00e9riodes d&rsquo;entretien du site. En conclusion, WPMU Dev Branda Pro sert d&rsquo;outil puissant et indispensable pour les propri\u00e9taires de sites Web aspirant \u00e0 \u00e9lever leurs efforts de marque et de personnalisation \u00e0 des hauteurs sans pr\u00e9c\u00e9dent.<\/p>\n<ul>\n<li>WPMU Dev Branda Pro est un puissant plugin de marque et de personnalisation pour les sites Web WordPress.<\/li>\n<li>Avec Branda Pro, vous pouvez personnaliser votre page de connexion, votre tableau de bord d&rsquo;administration et m\u00eame l&rsquo;ensemble du tableau de bord WordPress pour correspondre \u00e0 votre marque.<\/li>\n<li>Cr\u00e9ez et g\u00e9rez facilement les mod\u00e8les de messagerie personnalis\u00e9s pour votre site WordPress et ajoutez votre propre logo et votre marque pour am\u00e9liorer vos efforts de marketing par e-mail.<\/li>\n<li>Branda Pro comprend une barre d&rsquo;outils d&rsquo;administration personnalisable qui facilite la cr\u00e9ation de menus personnalis\u00e9s, ajouter des liens vers les profils de m\u00e9dias sociaux, etc.<\/li>\n<li>Vous pouvez \u00e9galement utiliser Branda Pro pour rationaliser votre site WordPress en supprimant les widgets de tableau de bord ind\u00e9sirables, les \u00e9l\u00e9ments de menu, etc.<\/li>\n<li>Branda Pro est incroyablement conviviale et facile \u00e0 utiliser, m\u00eame pour les utilisateurs non techniques.<\/li>\n<li>Avec des mises \u00e0 jour r\u00e9guli\u00e8res et un support client de premier ordre de WPMU Dev, vous pouvez faire confiance \u00e0 Branda Pro pour am\u00e9liorer la marque et la personnalisation de votre site WordPress.<\/li>\n<\/ul>\n","protected":false},"excerpt":{"rendered":"<p>WPMU Dev Branda Pro, un plugin de marque et de personnalisation extr\u00eamement robuste et complet pour la c\u00e9l\u00e8bre plate-forme WordPress, offre une gamme de fonctionnalit\u00e9s et de fonctionnalit\u00e9s remarquables. Ce plugin exceptionnel permet aux utilisateurs d&rsquo;infuser sans effort leurs \u00e9l\u00e9ments de marque uniques dans leur tableau de bord WordPress et leurs pages de connexion, \u00e9tablissant ainsi une exp\u00e9rience immersive et personnalis\u00e9e. De plus, Branda Pro permet aux utilisateurs de personnaliser m\u00e9ticuleusement divers aspects de l&rsquo;apparence de leur site Web, y compris les en-t\u00eates, les pieds de page et au-del\u00e0. En \u00e9tendant bien au-del\u00e0 du domaine de la personnalisation de base, ce plugin pr\u00e9sente \u00e9galement des capacit\u00e9s plus avanc\u00e9es telles que l&rsquo;int\u00e9gration CSS personnalis\u00e9e, l&rsquo;\u00e9tiquetage blanc et la gestion des r\u00f4les des utilisateurs, accordant ainsi aux d\u00e9veloppeurs Web et aux administrateurs de sites et au contr\u00f4le sans pr\u00e9c\u00e9dent sur leurs sites WordPress. Pour ceux qui aspirent \u00e0 un niveau accru de marque et de personnalisation WordPress, il est fortement recommand\u00e9 de saisir l&rsquo;opportunit\u00e9 de passer \u00e0 Branda Pro et de se pr\u00e9lasser dans le potentiel illimit\u00e9 qu&rsquo;il offre.<\/p>\n","protected":false},"featured_media":146298,"comment_status":"open","ping_status":"open","template":"","meta":[],"product_brand":[2744],"product_cat":[1207,1181,1186],"product_tag":[1429],"class_list":{"0":"post-105916","1":"product","2":"type-product","3":"status-publish","4":"has-post-thumbnail","6":"product_brand-wpmu","7":"product_cat-commercialisation-wordpress-plugins","8":"product_cat-plugins","9":"product_cat-wordpress-plugins","10":"product_tag-wpmu","11":"member-discount","12":"discount-restricted","14":"first","15":"instock","16":"sale","17":"downloadable","18":"virtual","19":"sold-individually","20":"purchasable","21":"product-type-simple"},"_links":{"self":[{"href":"https:\/\/gpl-love.com\/fr\/wp-json\/wp\/v2\/product\/105916","targetHints":{"allow":["GET"]}}],"collection":[{"href":"https:\/\/gpl-love.com\/fr\/wp-json\/wp\/v2\/product"}],"about":[{"href":"https:\/\/gpl-love.com\/fr\/wp-json\/wp\/v2\/types\/product"}],"replies":[{"embeddable":true,"href":"https:\/\/gpl-love.com\/fr\/wp-json\/wp\/v2\/comments?post=105916"}],"wp:featuredmedia":[{"embeddable":true,"href":"https:\/\/gpl-love.com\/fr\/wp-json\/wp\/v2\/media\/146298"}],"wp:attachment":[{"href":"https:\/\/gpl-love.com\/fr\/wp-json\/wp\/v2\/media?parent=105916"}],"wp:term":[{"taxonomy":"product_brand","embeddable":true,"href":"https:\/\/gpl-love.com\/fr\/wp-json\/wp\/v2\/product_brand?post=105916"},{"taxonomy":"product_cat","embeddable":true,"href":"https:\/\/gpl-love.com\/fr\/wp-json\/wp\/v2\/product_cat?post=105916"},{"taxonomy":"product_tag","embeddable":true,"href":"https:\/\/gpl-love.com\/fr\/wp-json\/wp\/v2\/product_tag?post=105916"}],"curies":[{"name":"wp","href":"https:\/\/api.w.org\/{rel}","templated":true}]}}