{"id":105912,"date":"2025-10-02T00:00:00","date_gmt":"2025-10-01T22:00:00","guid":{"rendered":"http:\/\/gpl-love.com\/fr\/product\/wpml-wordpress-multilingue-yoast-seo-addon\/"},"modified":"2026-03-20T23:51:58","modified_gmt":"2026-03-20T22:51:58","slug":"wpml-wordpress-multilingual-yoast-seo-addon","status":"publish","type":"product","link":"https:\/\/gpl-love.com\/fr\/produit\/wpml-wordpress-multilingual-yoast-seo-addon\/","title":{"rendered":"WPML WordPress Multilingual Yoast SEO Addon 2.2.4"},"content":{"rendered":"<h3>WPML WordPress Multilingual Yoast SEO Addon Traits<\/h3>\n<p>Le WPML WordPress multilingue Yoast SEO Addon, un outil tr\u00e8s robuste, offre une assistance inestimable aux utilisateurs pour optimiser leurs sites Web pour les moteurs de recherche dans diverses langues. Cet addon particulier pr\u00e9sente aux utilisateurs la capacit\u00e9 pratique \u00e0 traduire de mani\u00e8re transparente leur contenu en plusieurs langues tout en garantissant simultan\u00e9ment la traduction pr\u00e9cise des param\u00e8tres de r\u00e9f\u00e9rencement de leur site Web. En utilisant cet addon, les utilisateurs acqui\u00e8rent la possibilit\u00e9 d&rsquo;\u00e9laborer des param\u00e8tres de r\u00e9f\u00e9rencement distincts pour chaque langue, englobant des \u00e9l\u00e9ments tels que des balises de titre, des descriptions de m\u00e9ta et des mots cl\u00e9s. Par cons\u00e9quent, les utilisateurs peuvent \u00e9largir efficacement leur port\u00e9e \u00e0 un public plus large et \u00e9lever le classement de leur site Web sur de nombreux moteurs de recherche. Essentiellement, l&rsquo;addon WPML WordPress multilingue Yoast SEO est un outil indispensable pour les propri\u00e9taires de sites Web cherchant \u00e0 augmenter la visibilit\u00e9 de leur site Web et \u00e0 \u00e9tendre leur influence \u00e0 une \u00e9chelle mondiale.<\/p>\n<ul>\n<li>Int\u00e9grez de mani\u00e8re transparente vos plugins WPML et Yoast SEO pour des sites Web multilingues optimis\u00e9s<\/li>\n<li>Am\u00e9liorez le classement des moteurs de recherche de votre site Web en optimisant chaque version de la langue avec la m\u00eame facilit\u00e9 que votre langue par d\u00e9faut<\/li>\n<li>Personnalisez facilement les m\u00e9tadonn\u00e9es et les mots cl\u00e9s pour chaque version linguistique \u00e0 l&rsquo;aide de Yoast SEO<\/li>\n<li>Maintenir la coh\u00e9rence et le professionnalisme dans toutes les versions linguistiques avec des outils SEO multilingues intuitifs<\/li>\n<li>Augmenter le trafic et la pertinence pour votre public multilingue en utilisant Yoast SEO pour optimiser chaque version de votre site dans leur langue maternelle<\/li>\n<li>Mettez \u00e0 jour votre contenu rapidement et facilement sur toutes les versions linguistiques avec WPML, maximisant votre efficacit\u00e9 et atteignez<\/li>\n<li>Simplifiez votre strat\u00e9gie de r\u00e9f\u00e9rencement multilingue avec la puissance de l&rsquo;int\u00e9gration WPML et Yoast SEO.<\/li>\n<\/ul>\n","protected":false},"excerpt":{"rendered":"<p>Le WPML WordPress multilingue Yoast SEO Addon a \u00e9t\u00e9 complexe pour \u00e9lever les capacit\u00e9s de r\u00e9f\u00e9rencement de votre site Web qui s&rsquo;adresse \u00e0 un \u00e9ventail diversifi\u00e9 de langues. Avec l&rsquo;incorporation de cette extension remarquablement robuste, vous avez la possibilit\u00e9 d&rsquo;optimiser sans effort votre contenu, vos descriptions de m\u00e9ta et vos mots cl\u00e9s pour r\u00e9pondre \u00e0 plusieurs pr\u00e9f\u00e9rences linguistiques. Cette ressource inestimable renforcera sans aucun doute l&rsquo;afflux de trafic de votre site Web, augmentera votre classement de moteur de recherche et amplifiera votre pr\u00e9sence en ligne. Que vous g\u00e9riez un petit blog ou un Emporium de commerce \u00e9lectronique tentaculaire, l&rsquo;int\u00e9gration de ce module compl\u00e9mentaire est une condition indispensable pour ceux qui s&rsquo;efforcent d&rsquo;optimiser leurs efforts de r\u00e9f\u00e9rencement dans une sph\u00e8re linguistique multiforme.<\/p>\n","protected":false},"featured_media":146296,"comment_status":"open","ping_status":"closed","template":"","meta":[],"product_brand":[2449],"product_cat":[1195,1181,1186],"product_tag":[1426],"class_list":{"0":"post-105912","1":"product","2":"type-product","3":"status-publish","4":"has-post-thumbnail","6":"product_brand-wpml","7":"product_cat-multilangue","8":"product_cat-plugins","9":"product_cat-wordpress-plugins","10":"product_tag-wpml","11":"member-discount","12":"discount-restricted","14":"first","15":"instock","16":"sale","17":"downloadable","18":"virtual","19":"sold-individually","20":"purchasable","21":"product-type-simple"},"_links":{"self":[{"href":"https:\/\/gpl-love.com\/fr\/wp-json\/wp\/v2\/product\/105912","targetHints":{"allow":["GET"]}}],"collection":[{"href":"https:\/\/gpl-love.com\/fr\/wp-json\/wp\/v2\/product"}],"about":[{"href":"https:\/\/gpl-love.com\/fr\/wp-json\/wp\/v2\/types\/product"}],"replies":[{"embeddable":true,"href":"https:\/\/gpl-love.com\/fr\/wp-json\/wp\/v2\/comments?post=105912"}],"wp:featuredmedia":[{"embeddable":true,"href":"https:\/\/gpl-love.com\/fr\/wp-json\/wp\/v2\/media\/146296"}],"wp:attachment":[{"href":"https:\/\/gpl-love.com\/fr\/wp-json\/wp\/v2\/media?parent=105912"}],"wp:term":[{"taxonomy":"product_brand","embeddable":true,"href":"https:\/\/gpl-love.com\/fr\/wp-json\/wp\/v2\/product_brand?post=105912"},{"taxonomy":"product_cat","embeddable":true,"href":"https:\/\/gpl-love.com\/fr\/wp-json\/wp\/v2\/product_cat?post=105912"},{"taxonomy":"product_tag","embeddable":true,"href":"https:\/\/gpl-love.com\/fr\/wp-json\/wp\/v2\/product_tag?post=105912"}],"curies":[{"name":"wp","href":"https:\/\/api.w.org\/{rel}","templated":true}]}}