{"id":105910,"date":"2021-08-20T00:00:00","date_gmt":"2021-08-19T22:00:00","guid":{"rendered":"http:\/\/gpl-love.com\/fr\/product\/wpml-wordpress-multilingue-gestion-traduction-addon\/"},"modified":"2026-03-20T23:51:57","modified_gmt":"2026-03-20T22:51:57","slug":"wpml-wordpress-multilingual-translation-management-addon","status":"publish","type":"product","link":"https:\/\/gpl-love.com\/fr\/produit\/wpml-wordpress-multilingual-translation-management-addon\/","title":{"rendered":"WPML WordPress Multilingual Translation Management Addon 2.10.8"},"content":{"rendered":"<h3>WPML WordPress Multilingual Translation Management Addon Traits<\/h3>\n<p>L&rsquo;addon de gestion de la traduction multilingue WPML WordPress, un outil exceptionnellement robuste, sert d&rsquo;atout pr\u00e9cieux pour les propri\u00e9taires de sites Web et les d\u00e9veloppeurs pour fabriquer et superviser sans effort des sites multilingues. Cet addon remarquable permet aux individus de traduire efficacement le contenu de l&rsquo;ensemble de leur site, comprenant des pages, des publications, des menus, des widgets et d&rsquo;autres \u00e9l\u00e9ments de site vitaux. Il coexiste harmonieusement avec tous les th\u00e8mes et plugins WordPress, en accordant aux utilisateurs la libert\u00e9 de collaborer avec des services de traduction professionnelle ou d&rsquo;entreprendre ind\u00e9pendamment le processus de traduction eux-m\u00eames. De plus, cet addon extraordinaire int\u00e8gre un syst\u00e8me de gestion des traductions qui organise et r\u00e9git les traductions, s&rsquo;adaptant ainsi aux diverses langues et flux de travail de traduction. En incorporant l&rsquo;addon de gestion de la traduction multilingue WPML WordPress, on peut facilement fournir \u00e0 leurs visiteurs une exp\u00e9rience utilisateur sans couture et in\u00e9gal\u00e9e, tout en am\u00e9liorant simultan\u00e9ment leurs efforts d&rsquo;optimisation des moteurs de recherche et en \u00e9largissant leur sensibilisation mondiale.<\/p>\n<ul>\n<li>Fournit une exp\u00e9rience de gestion de la traduction transparente pour les sites Web multilingues WordPress.<\/li>\n<li>Prend en charge la traduction des pages, des publications, des types de publication personnalis\u00e9s, des taxonomies, des menus, etc.<\/li>\n<li>S&rsquo;int\u00e8gre aux services de traduction tiers pour un processus rationalis\u00e9.<\/li>\n<li>Permet une traduction manuelle ou des traductions machine avec la possibilit\u00e9 de modifier la pr\u00e9cision.<\/li>\n<li>Fournit un commutateur de langue pour que les visiteurs naviguent facilement entre les versions traduites du site Web.<\/li>\n<li>Offre une compatibilit\u00e9 avec les th\u00e8mes et plugins WordPress populaires.<\/li>\n<li>Fournit la possibilit\u00e9 de g\u00e9rer les traductions avec plusieurs utilisateurs et d&rsquo;attribuer des t\u00e2ches de traduction.<\/li>\n<li>Comprend des fonctionnalit\u00e9s avanc\u00e9es de gestion de la traduction comme la m\u00e9moire de traduction et la traduction automatique.<\/li>\n<li>Fournit acc\u00e8s aux services de traduction professionnelle via le r\u00e9seau de services de traduction WPML.<\/li>\n<\/ul>\n","protected":false},"excerpt":{"rendered":"<p>L&rsquo;addon de gestion de la traduction multilingue WPML WordPress est un outil exceptionnellement puissant con\u00e7u pour faciliter l&rsquo;expansion de la port\u00e9e de votre site Web \u00e0 un public mondial. Gr\u00e2ce \u00e0 l&rsquo;utilisation de ce plugin remarquable, vous avez la possibilit\u00e9 de traduire sans effort le contenu de votre site en de nombreuses langues, de g\u00e9rer avec comp\u00e9tence les traductions et d&rsquo;affirmer le contr\u00f4le des individus qui peuvent acc\u00e9der \u00e0 des traductions distinctes. Le processus de traduction est rationalis\u00e9 et rendu remarquablement sans effort par la mise en \u0153uvre d&rsquo;une interface intuitive et conviviale, att\u00e9nuant ainsi la t\u00e2che ardue de fournir votre site en plusieurs langues pour le plaisir et la commodit\u00e9 de votre public diversifi\u00e9. Que vous soyez une entreprise ambitieuse cherchant \u00e0 \u00e9largir vos horizons ou un blogueur en herbe qui s&rsquo;efforce de forger des connexions avec des lecteurs \u00e9trangers, assurez-vous que l&rsquo;addon de gestion de la traduction multilingue WPML WordPress a \u00e9t\u00e9 m\u00e9ticuleusement con\u00e7u pour r\u00e9pondre \u00e0 vos exigences sp\u00e9cifiques et garantir votre plus grande satisfaction.<\/p>\n","protected":false},"featured_media":146294,"comment_status":"open","ping_status":"closed","template":"","meta":[],"product_brand":[2449],"product_cat":[1195,1181,1186],"product_tag":[1426],"class_list":{"0":"post-105910","1":"product","2":"type-product","3":"status-publish","4":"has-post-thumbnail","6":"product_brand-wpml","7":"product_cat-multilangue","8":"product_cat-plugins","9":"product_cat-wordpress-plugins","10":"product_tag-wpml","11":"member-discount","12":"discount-restricted","14":"first","15":"instock","16":"sale","17":"downloadable","18":"virtual","19":"sold-individually","20":"purchasable","21":"product-type-simple"},"_links":{"self":[{"href":"https:\/\/gpl-love.com\/fr\/wp-json\/wp\/v2\/product\/105910","targetHints":{"allow":["GET"]}}],"collection":[{"href":"https:\/\/gpl-love.com\/fr\/wp-json\/wp\/v2\/product"}],"about":[{"href":"https:\/\/gpl-love.com\/fr\/wp-json\/wp\/v2\/types\/product"}],"replies":[{"embeddable":true,"href":"https:\/\/gpl-love.com\/fr\/wp-json\/wp\/v2\/comments?post=105910"}],"wp:featuredmedia":[{"embeddable":true,"href":"https:\/\/gpl-love.com\/fr\/wp-json\/wp\/v2\/media\/146294"}],"wp:attachment":[{"href":"https:\/\/gpl-love.com\/fr\/wp-json\/wp\/v2\/media?parent=105910"}],"wp:term":[{"taxonomy":"product_brand","embeddable":true,"href":"https:\/\/gpl-love.com\/fr\/wp-json\/wp\/v2\/product_brand?post=105910"},{"taxonomy":"product_cat","embeddable":true,"href":"https:\/\/gpl-love.com\/fr\/wp-json\/wp\/v2\/product_cat?post=105910"},{"taxonomy":"product_tag","embeddable":true,"href":"https:\/\/gpl-love.com\/fr\/wp-json\/wp\/v2\/product_tag?post=105910"}],"curies":[{"name":"wp","href":"https:\/\/api.w.org\/{rel}","templated":true}]}}