{"id":105908,"date":"2021-02-09T00:00:00","date_gmt":"2021-02-08T23:00:00","guid":{"rendered":"http:\/\/gpl-love.com\/fr\/product\/wpml-wordpress-multilingue-traduction-analytics-addon\/"},"modified":"2026-03-20T23:51:55","modified_gmt":"2026-03-20T22:51:55","slug":"wpml-wordpress-multilingual-translation-analytics-addon","status":"publish","type":"product","link":"https:\/\/gpl-love.com\/fr\/produit\/wpml-wordpress-multilingual-translation-analytics-addon\/","title":{"rendered":"WPML WordPress Multilingual Translation Analytics AddOn 1.0.7"},"content":{"rendered":"<h3>WPML WordPress Multilingual Translation Analytics AddOn Traits<\/h3>\n<p>L&rsquo;addon d&rsquo;analyse de traduction multilingue WPML WordPress est un outil extr\u00eamement robuste qui donne aux utilisateurs la possibilit\u00e9 de surveiller efficacement le contenu multilingue de leur site Web. Ce module compl\u00e9mentaire remarquable pr\u00e9sente aux utilisateurs des analyses de traduction compl\u00e8tes, qui leur permettent de respecter m\u00e9ticuleusement les performances de leur contenu traduit, \u00e9valuer les taux de r\u00e9ussite de leurs traductions, garder une trace de la multitude de traductions termin\u00e9es et bien plus encore. En utilisant cet outil exceptionnel, les utilisateurs sont facilement en mesure de discerner et de rectifier tout probl\u00e8me li\u00e9 \u00e0 la traduction qui peut survenir, ce qui leur permet de prendre des d\u00e9cisions judicieuses bas\u00e9es sur des donn\u00e9es afin d&rsquo;am\u00e9liorer consid\u00e9rablement la qualit\u00e9 globale de leur contenu multilingue. Sans aucun doute, ce module compl\u00e9mentaire indispensable est absolument vital pour tout site Web qui cherche \u00e0 fournir \u00e0 son public une exp\u00e9rience utilisateur multilingue sans couture.<\/p>\n<ul>\n<li>Compl\u00e9ment de WPML pour le suivi des analyses de traduction sur les sites WordPress multilingues<\/li>\n<li>Processus d&rsquo;installation et de configuration facile via l&rsquo;interface du plugin WPML<\/li>\n<li>Fournit des informations d\u00e9taill\u00e9es sur la popularit\u00e9 du langage, les mesures d&rsquo;engagement et le comportement des utilisateurs dans diff\u00e9rentes versions linguistiques d&rsquo;un site<\/li>\n<li>Permet aux administrateurs de sites d&rsquo;optimiser leur strat\u00e9gie de contenu multilingue en fonction des donn\u00e9es utilisateur<\/li>\n<li>Prend en charge l&rsquo;int\u00e9gration avec Google Analytics pour des capacit\u00e9s de suivi plus avanc\u00e9es<\/li>\n<li>Tableau de bord personnalisable avec des visualisations intuitives pour une interpr\u00e9tation facile des donn\u00e9es<\/li>\n<li>Con\u00e7u sp\u00e9cifiquement pour une utilisation avec WPML, assurer la compatibilit\u00e9 et l&rsquo;int\u00e9gration transparente avec les fonctionnalit\u00e9s WPML existantes<\/li>\n<li>Mises \u00e0 jour r\u00e9guli\u00e8res et soutien de l&rsquo;\u00e9quipe WPML pour les fonctionnalit\u00e9s et la compatibilit\u00e9 continues avec les nouvelles versions WordPress<\/li>\n<\/ul>\n","protected":false},"excerpt":{"rendered":"<p>L&rsquo;addon d&rsquo;analyse de traduction multilingue WPML WordPress est un outil incroyablement robuste et influent qui offre des informations profondes sur le processus de traduction de votre site Web WordPress. En utilisant ce plugin remarquable, vous avez la capacit\u00e9 de surveiller sans effort la progression de vos traductions, de localiser tous les obstacles potentiels qui peuvent entraver le processus et affiner vos traductions pour am\u00e9liorer l&rsquo;exp\u00e9rience utilisateur globale. Peu importe si vous exploitez un site Web avec plusieurs langues ou que vous traduisiez simplement du contenu sporadiquement, l&rsquo;int\u00e9gration de cet addon dans votre r\u00e9pertoire vous permettra ind\u00e9niablement d&rsquo;\u00e9conomiser un temps pr\u00e9cieux et d&rsquo;\u00e9lever la qualit\u00e9 globale de vos traductions. En outre, le processus d&rsquo;installation est exceptionnellement simple et ne n\u00e9cessite aucune connaissance de codage pr\u00e9alable, vous permettant de commencer rapidement l&rsquo;analyse de vos traductions.<\/p>\n","protected":false},"featured_media":146293,"comment_status":"open","ping_status":"closed","template":"","meta":[],"product_brand":[2449],"product_cat":[1195,1181,1186],"product_tag":[1426],"class_list":{"0":"post-105908","1":"product","2":"type-product","3":"status-publish","4":"has-post-thumbnail","6":"product_brand-wpml","7":"product_cat-multilangue","8":"product_cat-plugins","9":"product_cat-wordpress-plugins","10":"product_tag-wpml","11":"member-discount","12":"discount-restricted","14":"first","15":"instock","16":"sale","17":"downloadable","18":"virtual","19":"sold-individually","20":"purchasable","21":"product-type-simple"},"_links":{"self":[{"href":"https:\/\/gpl-love.com\/fr\/wp-json\/wp\/v2\/product\/105908","targetHints":{"allow":["GET"]}}],"collection":[{"href":"https:\/\/gpl-love.com\/fr\/wp-json\/wp\/v2\/product"}],"about":[{"href":"https:\/\/gpl-love.com\/fr\/wp-json\/wp\/v2\/types\/product"}],"replies":[{"embeddable":true,"href":"https:\/\/gpl-love.com\/fr\/wp-json\/wp\/v2\/comments?post=105908"}],"wp:featuredmedia":[{"embeddable":true,"href":"https:\/\/gpl-love.com\/fr\/wp-json\/wp\/v2\/media\/146293"}],"wp:attachment":[{"href":"https:\/\/gpl-love.com\/fr\/wp-json\/wp\/v2\/media?parent=105908"}],"wp:term":[{"taxonomy":"product_brand","embeddable":true,"href":"https:\/\/gpl-love.com\/fr\/wp-json\/wp\/v2\/product_brand?post=105908"},{"taxonomy":"product_cat","embeddable":true,"href":"https:\/\/gpl-love.com\/fr\/wp-json\/wp\/v2\/product_cat?post=105908"},{"taxonomy":"product_tag","embeddable":true,"href":"https:\/\/gpl-love.com\/fr\/wp-json\/wp\/v2\/product_tag?post=105908"}],"curies":[{"name":"wp","href":"https:\/\/api.w.org\/{rel}","templated":true}]}}