{"id":105906,"date":"2026-02-26T00:00:00","date_gmt":"2026-02-25T23:00:00","guid":{"rendered":"http:\/\/gpl-love.com\/fr\/product\/wpml-wordpress-multilingue-chaine-traduction-addon\/"},"modified":"2026-03-20T23:51:54","modified_gmt":"2026-03-20T22:51:54","slug":"wpml-wordpress-multilingual-string-translation-addon","status":"publish","type":"product","link":"https:\/\/gpl-love.com\/fr\/produit\/wpml-wordpress-multilingual-string-translation-addon\/","title":{"rendered":"WPML WordPress Multilingual String Translation Addon 3.5.1"},"content":{"rendered":"<h3>WPML WordPress Multilingual String Translation Addon Traits<\/h3>\n<p>L&rsquo;addon de traduction de cha\u00eenes multilingues WPML WordPress, connu pour ses capacit\u00e9s robustes, a \u00e9t\u00e9 d\u00e9velopp\u00e9 avec l&rsquo;intention de faciliter la proc\u00e9dure de traduction pour les sites Web WordPress. Cet addon remarquable permet aux utilisateurs de traduire sans effort un \u00e9ventail d&rsquo;\u00e9l\u00e9ments textuels dans leur site Web WordPress, englobant des menus, des widgets et divers autres composants constituant l&rsquo;interface utilisateur. En plus de sa polyvalence, cet addon s&rsquo;int\u00e8gre de mani\u00e8re transparente \u00e0 une multitude de services de traduction, y compris des plates-formes acclam\u00e9es telles que Google Translate et Lingotek, s&rsquo;adaptant ainsi \u00e0 la traduction du contenu en plusieurs langues. En vertu de l&rsquo;addon de traduction de cha\u00eenes multilingues WPML WPML WPML, les propri\u00e9taires de sites Web sont en mesure de g\u00e9rer efficacement un site Web multilingue, accordant ainsi \u00e0 leur public international une exp\u00e9rience utilisateur in\u00e9gal\u00e9e de la plus grande farine.<\/p>\n<ul>\n<li>Am\u00e9liore la fonctionnalit\u00e9 de WPML en permettant la traduction des cha\u00eenes individuelles sur un site Web<\/li>\n<li>S&rsquo;int\u00e8gre de mani\u00e8re transparente au plugin WPML pour une utilisation facile<\/li>\n<li>Prend en charge plusieurs langues, y compris des scripts et des jeux de caract\u00e8res complexes<\/li>\n<li>Permet des traductions personnalis\u00e9es des \u00e9l\u00e9ments de menu, des textes de th\u00e8me et de plugin et du contenu du site g\u00e9n\u00e9ral<\/li>\n<li>Permet la traduction de cha\u00eenes non traduisibles, telles que celles contenant un balisage HTML ou des espaces r\u00e9serv\u00e9s<\/li>\n<li>Fournit des outils pour g\u00e9rer les traductions sur plusieurs projets et membres de l&rsquo;\u00e9quipe<\/li>\n<li>Offre une interface utilisateur intuitive pour le flux de travail de traduction rationalis\u00e9<\/li>\n<li>R\u00e9guli\u00e8rement mis \u00e0 jour avec des corrections de bogues et de nouvelles fonctionnalit\u00e9s<\/li>\n<li>Compatible avec la plupart des th\u00e8mes et plugins WordPress<\/li>\n<li>Offre des capacit\u00e9s de traduction au niveau professionnel \u00e0 un prix abordable.<\/li>\n<\/ul>\n","protected":false},"excerpt":{"rendered":"<p>L&rsquo;addon de traduction de cha\u00eenes multilingues WPML WordPress, r\u00e9put\u00e9 pour ses performances exceptionnelles, sert d&rsquo;attention inestimable pour les individus qui s&rsquo;efforcent d&rsquo;am\u00e9liorer les aspects multilingues de leur site Web. Cet addon remarquablement robuste fonctionne en facilitant la traduction des cha\u00eenes de texte dans le th\u00e8me WordPress et les fichiers de plugin, garantissant ainsi que le site s&rsquo;affiche dans le langage le plus appropri\u00e9 pour chaque utilisateur. B\u00e9n\u00e9ficiant d&rsquo;une interface conviviale ainsi que de capacit\u00e9s de traduction formidables, l&rsquo;addon de traduction de cha\u00eenes multilingues WPML WordPress s&rsquo;av\u00e8re \u00eatre un alli\u00e9 indispensable pour ceux qui cherchent \u00e0 \u00e9largir les horizons de leur site Web et \u00e0 r\u00e9pondre \u00e0 un public mondial.<\/p>\n","protected":false},"featured_media":146292,"comment_status":"open","ping_status":"closed","template":"","meta":[],"product_brand":[2449],"product_cat":[1195,1181,1186],"product_tag":[1426],"class_list":{"0":"post-105906","1":"product","2":"type-product","3":"status-publish","4":"has-post-thumbnail","6":"product_brand-wpml","7":"product_cat-multilangue","8":"product_cat-plugins","9":"product_cat-wordpress-plugins","10":"product_tag-wpml","11":"member-discount","12":"discount-restricted","14":"first","15":"instock","16":"sale","17":"downloadable","18":"virtual","19":"sold-individually","20":"purchasable","21":"product-type-simple"},"_links":{"self":[{"href":"https:\/\/gpl-love.com\/fr\/wp-json\/wp\/v2\/product\/105906","targetHints":{"allow":["GET"]}}],"collection":[{"href":"https:\/\/gpl-love.com\/fr\/wp-json\/wp\/v2\/product"}],"about":[{"href":"https:\/\/gpl-love.com\/fr\/wp-json\/wp\/v2\/types\/product"}],"replies":[{"embeddable":true,"href":"https:\/\/gpl-love.com\/fr\/wp-json\/wp\/v2\/comments?post=105906"}],"wp:featuredmedia":[{"embeddable":true,"href":"https:\/\/gpl-love.com\/fr\/wp-json\/wp\/v2\/media\/146292"}],"wp:attachment":[{"href":"https:\/\/gpl-love.com\/fr\/wp-json\/wp\/v2\/media?parent=105906"}],"wp:term":[{"taxonomy":"product_brand","embeddable":true,"href":"https:\/\/gpl-love.com\/fr\/wp-json\/wp\/v2\/product_brand?post=105906"},{"taxonomy":"product_cat","embeddable":true,"href":"https:\/\/gpl-love.com\/fr\/wp-json\/wp\/v2\/product_cat?post=105906"},{"taxonomy":"product_tag","embeddable":true,"href":"https:\/\/gpl-love.com\/fr\/wp-json\/wp\/v2\/product_tag?post=105906"}],"curies":[{"name":"wp","href":"https:\/\/api.w.org\/{rel}","templated":true}]}}