{"id":105904,"date":"2021-02-09T00:00:00","date_gmt":"2021-02-08T23:00:00","guid":{"rendered":"http:\/\/gpl-love.com\/fr\/product\/wpml-wordpress-multilingue-post-it-liens-addon\/"},"modified":"2026-03-20T23:51:54","modified_gmt":"2026-03-20T22:51:54","slug":"wpml-wordpress-multilingual-sticky-links-addon","status":"publish","type":"product","link":"https:\/\/gpl-love.com\/fr\/produit\/wpml-wordpress-multilingual-sticky-links-addon\/","title":{"rendered":"WPML WordPress Multilingual Sticky Links AddOn 1.5.4"},"content":{"rendered":"<h3>WPML WordPress Multilingual Sticky Links AddOn Traits<\/h3>\n<p>Le WPML WordPress multilingue Sticky Links Addon, connu pour ses capacit\u00e9s robustes, sert de plugin remarquable qui permet aux utilisateurs de g\u00e9n\u00e9rer des liens collants multilingues dans le domaine de leur site Web WordPress. La beaut\u00e9 de ce module compl\u00e9mentaire r\u00e9side dans sa capacit\u00e9 \u00e0 cr\u00e9er sans effort des liens collants qui restent constamment visibles, quelle que soit la mesure dans laquelle une page a \u00e9t\u00e9 d\u00e9fil\u00e9e. De plus, ce plugin exceptionnel s&rsquo;int\u00e8gre parfaitement au plugin multilingue WPML, facilitant ainsi la cr\u00e9ation simple de liens dans diverses langues pour r\u00e9pondre \u00e0 un public mondial. Sans aucun doute, ce module compl\u00e9mentaire est la solution par excellence pour les individus aspirant \u00e0 am\u00e9liorer l&rsquo;exp\u00e9rience utilisateur de leur site Web et \u00e0 \u00e9largir leur port\u00e9e \u00e0 un public plus diversifi\u00e9. De plus, l&rsquo;installation et l&rsquo;utilisation de ce module compl\u00e9mentaire sont incroyablement conviviales, ce qui en fait un splendide choix pour les novices et les utilisateurs chevronn\u00e9s.<\/p>\n<ul>\n<li>Permet aux utilisateurs d&rsquo;ajouter des liens collants traduits \u00e0 leur site WordPress<\/li>\n<li>Fonctionne de mani\u00e8re transparente avec le plugin WPML<\/li>\n<li>Augmente UX en facilitant la navigation pour les sites multilingues<\/li>\n<li>Prend en charge plusieurs langues pour les liens collants<\/li>\n<li>Facile \u00e0 installer et \u00e0 configurer sur les sites WordPress<\/li>\n<li>Compatible avec tous les principaux th\u00e8mes et plugins WordPress<\/li>\n<li>Fournit aux visiteurs un contenu pertinent et traduit \u00e0 tout moment<\/li>\n<li>Aucune exp\u00e9rience de codage n\u00e9cessaire pour utiliser le plugin<\/li>\n<li>Augmente le trafic du site Web des pays non anglophones<\/li>\n<li>Mises \u00e0 jour fr\u00e9quentes et soutien de l&rsquo;\u00e9quipe WPML<\/li>\n<\/ul>\n","protected":false},"excerpt":{"rendered":"<p>L&rsquo;addition WPML WordPress multilingue Sticky Links est un outil incroyablement utile pour les sites Web qui s&rsquo;adressent \u00e0 plusieurs langues. Sa fonctionnalit\u00e9 est si impressionnante qu&rsquo;elle garantit la pr\u00e9servation de la sp\u00e9cificit\u00e9 et de l&rsquo;identification du langage pour les liens collants sur votre site Web, quelle que soit la langue vis\u00e9e. Que vous g\u00e9riez un site d&rsquo;entreprise, un blog ou une boutique en ligne, cet addon a la possibilit\u00e9 d&rsquo;am\u00e9liorer l&rsquo;exp\u00e9rience utilisateur en facilitant la navigation de votre site, quelle que soit la langue parl\u00e9e par vos lecteurs. En installant cet addon, votre site WordPress multilingue a le potentiel de d\u00e9passer vos concurrents et de vous assurer que vos lecteurs restent captiv\u00e9s par votre contenu. \u00c9levez l&rsquo;exp\u00e9rience de votre site Web aujourd&rsquo;hui en investissant dans l&rsquo;addon exceptionnel WPML WordPress Mulilingual Sticky Links.<\/p>\n","protected":false},"featured_media":146291,"comment_status":"open","ping_status":"closed","template":"","meta":[],"product_brand":[2449],"product_cat":[1195,1181,1186],"product_tag":[1426],"class_list":{"0":"post-105904","1":"product","2":"type-product","3":"status-publish","4":"has-post-thumbnail","6":"product_brand-wpml","7":"product_cat-multilangue","8":"product_cat-plugins","9":"product_cat-wordpress-plugins","10":"product_tag-wpml","11":"member-discount","12":"discount-restricted","14":"first","15":"instock","16":"sale","17":"downloadable","18":"virtual","19":"sold-individually","20":"purchasable","21":"product-type-simple"},"_links":{"self":[{"href":"https:\/\/gpl-love.com\/fr\/wp-json\/wp\/v2\/product\/105904","targetHints":{"allow":["GET"]}}],"collection":[{"href":"https:\/\/gpl-love.com\/fr\/wp-json\/wp\/v2\/product"}],"about":[{"href":"https:\/\/gpl-love.com\/fr\/wp-json\/wp\/v2\/types\/product"}],"replies":[{"embeddable":true,"href":"https:\/\/gpl-love.com\/fr\/wp-json\/wp\/v2\/comments?post=105904"}],"wp:featuredmedia":[{"embeddable":true,"href":"https:\/\/gpl-love.com\/fr\/wp-json\/wp\/v2\/media\/146291"}],"wp:attachment":[{"href":"https:\/\/gpl-love.com\/fr\/wp-json\/wp\/v2\/media?parent=105904"}],"wp:term":[{"taxonomy":"product_brand","embeddable":true,"href":"https:\/\/gpl-love.com\/fr\/wp-json\/wp\/v2\/product_brand?post=105904"},{"taxonomy":"product_cat","embeddable":true,"href":"https:\/\/gpl-love.com\/fr\/wp-json\/wp\/v2\/product_cat?post=105904"},{"taxonomy":"product_tag","embeddable":true,"href":"https:\/\/gpl-love.com\/fr\/wp-json\/wp\/v2\/product_tag?post=105904"}],"curies":[{"name":"wp","href":"https:\/\/api.w.org\/{rel}","templated":true}]}}