{"id":105902,"date":"2026-02-05T00:00:00","date_gmt":"2026-02-04T23:00:00","guid":{"rendered":"http:\/\/gpl-love.com\/fr\/product\/wpml-wordpress-multilingue-medias-addon\/"},"modified":"2026-03-20T23:51:53","modified_gmt":"2026-03-20T22:51:53","slug":"wpml-wordpress-multilingual-media-addon","status":"publish","type":"product","link":"https:\/\/gpl-love.com\/fr\/produit\/wpml-wordpress-multilingual-media-addon\/","title":{"rendered":"WPML WordPress Multilingual Media Addon 3.1.0"},"content":{"rendered":"<h3>WPML WordPress Multilingual Media Addon Traits<\/h3>\n<p>L&rsquo;addon de m\u00e9dias multilingues WPML WordPress, un outil remarquablement robuste, sert de ressource inestimable pour les utilisateurs qui cherchent \u00e0 g\u00e9n\u00e9rer et \u00e0 superviser sans effort le contenu multilingue sur leurs sites Web WordPress. En int\u00e9grant de mani\u00e8re transparente avec WordPress, ce module compl\u00e9mentaire offre aux utilisateurs la possibilit\u00e9 de traduire avec comp\u00e9tence les images, les vid\u00e9os et divers autres fichiers multim\u00e9dias en plusieurs langues, facilitant ainsi l&rsquo;expansion sans effort de leur public. Les utilisateurs peuvent s&rsquo;engager sans effort dans les processus de t\u00e9l\u00e9chargement, de traduction et de publication de fichiers multim\u00e9dias dans divers langages \u00e0 l&rsquo;aide de cet outil. Avec sa nature conviviale, le WPML WordPress multilingual addon poss\u00e8de une interface simple, garantissant que la t\u00e2che de traduction des fichiers multim\u00e9dias reste invite et facile. En totalit\u00e9, la possession de ce module compl\u00e9mentaire est une n\u00e9cessit\u00e9 absolue pour tout propri\u00e9taire de site Web WordPress qui aspire \u00e0 \u00e9largir son horizon et \u00e0 captiver un public mondial.<\/p>\n<ul>\n<li>Permet l&rsquo;utilisation du plugin WPML pour les fichiers multim\u00e9dias<\/li>\n<li>Fournit une traduction transparente d&rsquo;images, de vid\u00e9os et d&rsquo;autres m\u00e9dias<\/li>\n<li>Prend en charge plusieurs langues et permet une gestion facile des traductions<\/li>\n<li>Compatible avec les th\u00e8mes et plugins WordPress populaires<\/li>\n<li>Rationalise la gestion du site Web pour les sites multilingues<\/li>\n<li>Installation et configuration faciles, avec interface conviviale<\/li>\n<li>\u00c9quipe de support d\u00e9di\u00e9e disponible pour l&rsquo;aide et le d\u00e9pannage<\/li>\n<li>Mises \u00e0 jour r\u00e9guli\u00e8res et am\u00e9liorations pour les performances et les fonctionnalit\u00e9s optimales<\/li>\n<\/ul>\n","protected":false},"excerpt":{"rendered":"<p>L&rsquo;addon de m\u00e9dias multilingues WPML WordPress est un outil tr\u00e8s sophistiqu\u00e9 qui offre aux propri\u00e9taires de sites Web une solution pratique pour impl\u00e9menter des fonctionnalit\u00e9s multilingues pour leurs fichiers multim\u00e9dias. En utilisant cet addon robuste, les utilisateurs sont autoris\u00e9s \u00e0 traduire sans effort diff\u00e9rents types de contenu multim\u00e9dia, tels que des images, des vid\u00e9os, des fichiers audio, etc., dans diff\u00e9rentes langues. Cet outil remarquable est enti\u00e8rement compatible avec tous les principaux th\u00e8mes et plugins WordPress, garantissant une int\u00e9gration en douceur avec le syst\u00e8me de gestion de la traduction WPML. En tirant parti de cet outil efficace et convivial, les propri\u00e9taires de sites Web peuvent am\u00e9liorer consid\u00e9rablement l&rsquo;exp\u00e9rience utilisateur globale de leurs sites Web multilingues en offrant un acc\u00e8s transparent au contenu pertinent dans le langage pr\u00e9f\u00e9r\u00e9 de leurs visiteurs. \u00c9levez les capacit\u00e9s linguistiques de votre site Web en acqu\u00e9rant l&rsquo;addon de m\u00e9dias multilingues WPML WordPress et en le propulsant \u00e0 de nouveaux sommets du multilinguisme.<\/p>\n","protected":false},"featured_media":146290,"comment_status":"open","ping_status":"closed","template":"","meta":[],"product_brand":[2449],"product_cat":[1195,1181,1186],"product_tag":[1426],"class_list":{"0":"post-105902","1":"product","2":"type-product","3":"status-publish","4":"has-post-thumbnail","6":"product_brand-wpml","7":"product_cat-multilangue","8":"product_cat-plugins","9":"product_cat-wordpress-plugins","10":"product_tag-wpml","11":"member-discount","12":"discount-restricted","14":"first","15":"instock","16":"sale","17":"downloadable","18":"virtual","19":"sold-individually","20":"purchasable","21":"product-type-simple"},"_links":{"self":[{"href":"https:\/\/gpl-love.com\/fr\/wp-json\/wp\/v2\/product\/105902","targetHints":{"allow":["GET"]}}],"collection":[{"href":"https:\/\/gpl-love.com\/fr\/wp-json\/wp\/v2\/product"}],"about":[{"href":"https:\/\/gpl-love.com\/fr\/wp-json\/wp\/v2\/types\/product"}],"replies":[{"embeddable":true,"href":"https:\/\/gpl-love.com\/fr\/wp-json\/wp\/v2\/comments?post=105902"}],"wp:featuredmedia":[{"embeddable":true,"href":"https:\/\/gpl-love.com\/fr\/wp-json\/wp\/v2\/media\/146290"}],"wp:attachment":[{"href":"https:\/\/gpl-love.com\/fr\/wp-json\/wp\/v2\/media?parent=105902"}],"wp:term":[{"taxonomy":"product_brand","embeddable":true,"href":"https:\/\/gpl-love.com\/fr\/wp-json\/wp\/v2\/product_brand?post=105902"},{"taxonomy":"product_cat","embeddable":true,"href":"https:\/\/gpl-love.com\/fr\/wp-json\/wp\/v2\/product_cat?post=105902"},{"taxonomy":"product_tag","embeddable":true,"href":"https:\/\/gpl-love.com\/fr\/wp-json\/wp\/v2\/product_tag?post=105902"}],"curies":[{"name":"wp","href":"https:\/\/api.w.org\/{rel}","templated":true}]}}