{"id":105900,"date":"2025-02-12T00:00:00","date_gmt":"2025-02-11T23:00:00","guid":{"rendered":"http:\/\/gpl-love.com\/fr\/product\/wpml-wordpress-multilingue-mailchimp\/"},"modified":"2026-03-20T23:51:52","modified_gmt":"2026-03-20T22:51:52","slug":"wpml-wordpress-multilingual-mailchimp","status":"publish","type":"product","link":"https:\/\/gpl-love.com\/fr\/produit\/wpml-wordpress-multilingual-mailchimp\/","title":{"rendered":"WPML WordPress Multilingual MailChimp 0.1.0"},"content":{"rendered":"<h3>WPML WordPress Multilingual MailChimp Traits<\/h3>\n<p>WPML WordPress multilingue MailChimp est un outil incroyablement robuste et puissant qui pr\u00e9sente les propri\u00e9taires de sites Web avec l&rsquo;occasion remarquable d&rsquo;incorporer sans effort les campagnes de marketing par e-mail MailChimp dans leurs sites WordPress multilingues, \u00e9largissant ainsi consid\u00e9rablement leur port\u00e9e et leur efficacit\u00e9. En exploitant les capacit\u00e9s de traduction remarquables offertes par WPML aux c\u00f4t\u00e9s des campagnes de messagerie cibl\u00e9es facilit\u00e9es par MailChimp, les propri\u00e9taires de sites Web sont autoris\u00e9s \u00e0 se connecter avec un public beaucoup plus large et \u00e0 s&rsquo;engager efficacement avec eux dans leur langue pr\u00e9f\u00e9r\u00e9e. Le processus d&rsquo;int\u00e9gration est absolument transparent, garantissant que les utilisateurs peuvent naviguer de mani\u00e8re transparente et g\u00e9rer leurs campagnes MailChimp directement \u00e0 partir de leur tableau de bord WordPress avec la plus facilit\u00e9 et la plus grande commodit\u00e9. Avec WPML WordPress multilingue MailChimp \u00e0 leur disposition, les propri\u00e9taires de sites Web sont en mesure de transcender de simples fronti\u00e8res et d&rsquo;\u00e9lever leurs efforts de marketing par e-mail \u00e0 des sommets sans pr\u00e9c\u00e9dent, de cultiver la croissance et la prosp\u00e9rit\u00e9 mondiales de leur entreprise.<\/p>\n<ul>\n<li>Int\u00e9gration transparente de WPML avec MailChimp pour les campagnes de marketing par e-mail multilingues<\/li>\n<li>Planifiez et envoyez des newsletters, des mises \u00e0 jour et des e-mails promotionnels en plusieurs langues<\/li>\n<li>Cr\u00e9ez des mod\u00e8les de messagerie personnalis\u00e9s qui d\u00e9tectent et affichent automatiquement la langue pertinente en fonction des pr\u00e9f\u00e9rences de l&rsquo;abonn\u00e9<\/li>\n<li>Utilisez les puissantes analyses de MailChimp pour suivre les performances de vos campagnes par e-mail multilingues et optimiser la messagerie future<\/li>\n<li>Synchroniser automatiquement les pr\u00e9f\u00e9rences linguistiques des abonn\u00e9s entre WPML et MailChimp Bases pour assurer un ciblage et une personnalisation pr\u00e9cis<\/li>\n<li>Interface conviviale avec des instructions \u00e9tape par \u00e9tape pour configurer et g\u00e9rer des campagnes d&rsquo;e-mail multilingues avec WPML et MailChimp<\/li>\n<\/ul>\n","protected":false},"excerpt":{"rendered":"<p>Le plugin multilingue MailChimp WPML WordPress a \u00e9t\u00e9 m\u00e9ticuleusement con\u00e7u pour amplifier et \u00e9lever vos efforts de marketing par e-mail, vous offrant une fusion harmonieuse de MailChimp et votre site Web WordPress multilingue. Ce plugin ing\u00e9nieux vous fournit une plate-forme conviviale pour concevoir et superviser sans effort des campagnes par e-mail multilingues, garantissant que chaque message r\u00e9sonne parfaitement avec les langues et les cultures pr\u00e9vues. En exploitant la puissance de WPML WordPress multilingue MailChimp, vous pourrez captiver un \u00e9ventail plus large d&rsquo;individus, am\u00e9liorer vos taux de conversion et fortifier votre engagement et votre all\u00e9gance globaux.<\/p>\n","protected":false},"featured_media":146289,"comment_status":"open","ping_status":"closed","template":"","meta":[],"product_brand":[2449],"product_cat":[1195,1181,1186],"product_tag":[1426],"class_list":{"0":"post-105900","1":"product","2":"type-product","3":"status-publish","4":"has-post-thumbnail","6":"product_brand-wpml","7":"product_cat-multilangue","8":"product_cat-plugins","9":"product_cat-wordpress-plugins","10":"product_tag-wpml","11":"member-discount","12":"discount-restricted","14":"first","15":"instock","16":"sale","17":"downloadable","18":"virtual","19":"sold-individually","20":"purchasable","21":"product-type-simple"},"_links":{"self":[{"href":"https:\/\/gpl-love.com\/fr\/wp-json\/wp\/v2\/product\/105900","targetHints":{"allow":["GET"]}}],"collection":[{"href":"https:\/\/gpl-love.com\/fr\/wp-json\/wp\/v2\/product"}],"about":[{"href":"https:\/\/gpl-love.com\/fr\/wp-json\/wp\/v2\/types\/product"}],"replies":[{"embeddable":true,"href":"https:\/\/gpl-love.com\/fr\/wp-json\/wp\/v2\/comments?post=105900"}],"wp:featuredmedia":[{"embeddable":true,"href":"https:\/\/gpl-love.com\/fr\/wp-json\/wp\/v2\/media\/146289"}],"wp:attachment":[{"href":"https:\/\/gpl-love.com\/fr\/wp-json\/wp\/v2\/media?parent=105900"}],"wp:term":[{"taxonomy":"product_brand","embeddable":true,"href":"https:\/\/gpl-love.com\/fr\/wp-json\/wp\/v2\/product_brand?post=105900"},{"taxonomy":"product_cat","embeddable":true,"href":"https:\/\/gpl-love.com\/fr\/wp-json\/wp\/v2\/product_cat?post=105900"},{"taxonomy":"product_tag","embeddable":true,"href":"https:\/\/gpl-love.com\/fr\/wp-json\/wp\/v2\/product_tag?post=105900"}],"curies":[{"name":"wp","href":"https:\/\/api.w.org\/{rel}","templated":true}]}}