{"id":105898,"date":"2024-06-29T00:00:00","date_gmt":"2024-06-28T22:00:00","guid":{"rendered":"http:\/\/gpl-love.com\/fr\/product\/wpml-wordpress-multilingue-formulaire-de-contact-7-addon\/"},"modified":"2026-03-20T23:51:51","modified_gmt":"2026-03-20T22:51:51","slug":"wpml-wordpress-multilingual-contact-form-7-addon","status":"publish","type":"product","link":"https:\/\/gpl-love.com\/fr\/produit\/wpml-wordpress-multilingual-contact-form-7-addon\/","title":{"rendered":"WPML WordPress Multilingual Contact Form 7 Addon 1.3.1"},"content":{"rendered":"<h3>WPML WordPress Multilingual Contact Form 7 Addon Traits<\/h3>\n<p>Le WPML WordPress multilingue Contact Form 7 Addon fournit une pl\u00e9thore de capacit\u00e9s qui permettent aux propri\u00e9taires de sites de pouvoir g\u00e9n\u00e9rer et superviser sans effort des formulaires de contact multilingues. Gr\u00e2ce \u00e0 l&rsquo;int\u00e9gration de cet addon puissant, les utilisateurs acqui\u00e8rent la possibilit\u00e9 de traduire de mani\u00e8re transparente leurs formulaires de contact en une multitude de langues, leur permettant ainsi d&rsquo;\u00e9tendre leur port\u00e9e \u00e0 un spectre plus large d&rsquo;individus et de fournir une exp\u00e9rience utilisateur am\u00e9lior\u00e9e. De plus, le formulaire de contact multilingue WPML WordPress 7 poss\u00e8de un processus d&rsquo;installation simple et une interface conviviale, accompagn\u00e9e d&rsquo;un large \u00e9ventail de mod\u00e8les et de param\u00e8tres personnalisables qui peuvent \u00eatre adapt\u00e9s pour r\u00e9pondre aux exigences uniques de n&rsquo;importe quel site Web. Peu importe que l&rsquo;on g\u00e9re un site Web d&rsquo;activit\u00e9 compact ou une plate-forme de commerce \u00e9lectronique tentaculaire, cet addon inestimable sert d&rsquo;atout indispensable qui accro\u00eet la fonctionnalit\u00e9 de son site et favorise l&rsquo;engagement accru des utilisateurs.<\/p>\n<ul>\n<li>Int\u00e9grez de mani\u00e8re transparente le formulaire de contact 7 avec WPML<\/li>\n<li>Permet une traduction facile des formulaires de formulaire de contact 7<\/li>\n<li>Prend en charge plusieurs langues et permet aux utilisateurs de basculer entre eux<\/li>\n<li>S\u00e9lecteur de langage personnalisable pour correspondre \u00e0 la conception de votre site Web<\/li>\n<li>D\u00e9tection automatique du langage en fonction des param\u00e8tres du navigateur de l&rsquo;utilisateur<\/li>\n<li>Comprend des outils de gestion de la traduction pour un flux de travail efficace<\/li>\n<li>Compatible avec les derni\u00e8res versions de WordPress et WPML<\/li>\n<li>L\u00e9ger et optimis\u00e9 pour la vitesse pour minimiser l&rsquo;impact sur les performances du site<\/li>\n<li>Interface conviviale pour une configuration et une gestion faciles.<\/li>\n<\/ul>\n","protected":false},"excerpt":{"rendered":"<p>Le formulaire de contact multilingue WPML WordPress 7 est un instrument tr\u00e8s efficace et efficace qui a \u00e9t\u00e9 con\u00e7u et d\u00e9velopp\u00e9 avec l&rsquo;objectif principal de simplifier le processus de cr\u00e9ation de formulaires de contact multilingues sur votre site WordPress. En int\u00e9grant cet adoles dans. Cet addon est non seulement remarquablement convivial, mais il s&rsquo;int\u00e8gre \u00e9galement de mani\u00e8re transparente \u00e0 WPML, qui est largement reconnu et estim\u00e9 comme l&rsquo;un des plugins de traduction WordPress les plus utilis\u00e9s et les plus respect\u00e9s. Que vous soyez exploit\u00e9 une entreprise ax\u00e9e sur localement ou un site Web orient\u00e9 international, le formulaire de contact multilingue WPML WordPress a la capacit\u00e9 inh\u00e9rente \u00e0 faciliter et favoriser efficacement la communication entre vous et vos pr\u00e9cieux visiteurs, quelle que soit le langage, ils pr\u00e9f\u00e8rent efficacement Utilisez et engagez-vous.<\/p>\n","protected":false},"featured_media":146288,"comment_status":"open","ping_status":"closed","template":"","meta":[],"product_brand":[2449],"product_cat":[1191,1181,1186],"product_tag":[1426],"class_list":{"0":"post-105898","1":"product","2":"type-product","3":"status-publish","4":"has-post-thumbnail","6":"product_brand-wpml","7":"product_cat-formes","8":"product_cat-plugins","9":"product_cat-wordpress-plugins","10":"product_tag-wpml","11":"member-discount","12":"discount-restricted","14":"first","15":"instock","16":"sale","17":"downloadable","18":"virtual","19":"sold-individually","20":"purchasable","21":"product-type-simple"},"_links":{"self":[{"href":"https:\/\/gpl-love.com\/fr\/wp-json\/wp\/v2\/product\/105898","targetHints":{"allow":["GET"]}}],"collection":[{"href":"https:\/\/gpl-love.com\/fr\/wp-json\/wp\/v2\/product"}],"about":[{"href":"https:\/\/gpl-love.com\/fr\/wp-json\/wp\/v2\/types\/product"}],"replies":[{"embeddable":true,"href":"https:\/\/gpl-love.com\/fr\/wp-json\/wp\/v2\/comments?post=105898"}],"wp:featuredmedia":[{"embeddable":true,"href":"https:\/\/gpl-love.com\/fr\/wp-json\/wp\/v2\/media\/146288"}],"wp:attachment":[{"href":"https:\/\/gpl-love.com\/fr\/wp-json\/wp\/v2\/media?parent=105898"}],"wp:term":[{"taxonomy":"product_brand","embeddable":true,"href":"https:\/\/gpl-love.com\/fr\/wp-json\/wp\/v2\/product_brand?post=105898"},{"taxonomy":"product_cat","embeddable":true,"href":"https:\/\/gpl-love.com\/fr\/wp-json\/wp\/v2\/product_cat?post=105898"},{"taxonomy":"product_tag","embeddable":true,"href":"https:\/\/gpl-love.com\/fr\/wp-json\/wp\/v2\/product_tag?post=105898"}],"curies":[{"name":"wp","href":"https:\/\/api.w.org\/{rel}","templated":true}]}}